{"id":3305,"date":"2022-10-20T16:17:13","date_gmt":"2022-10-20T14:17:13","guid":{"rendered":"https:\/\/legrenierdelatour.be\/brocante\/?post_type=product&#038;p=3305"},"modified":"2022-10-20T16:17:13","modified_gmt":"2022-10-20T14:17:13","slug":"statuette-en-biscuit-de-saint-joseph-27","status":"publish","type":"product","link":"https:\/\/legrenierdelatour.be\/brocante\/produit\/statuette-en-biscuit-de-saint-joseph-27\/","title":{"rendered":"Statuette en biscuit de Saint Joseph 27"},"content":{"rendered":"<p>Statuette de Saint Joseph en biscuit (29 cm de haut), tenant l\u2019\u00e9querre et un bouquet de lys. En bas , HH pour sacr\u00e9 coeur. Ce biscuit en parfait \u00e9tat porte le num\u00e9ro de forme 27 et est sign\u00e9 \u00ab\u00a0fax\u00a0\u00bb dessous. Il date sans doute de la premi\u00e8re moiti\u00e9 du XX\u00e8 si\u00e8cle.<\/p>\n<div>R\u00e9f 14.44<\/div>\n","protected":false},"excerpt":{"rendered":"<p>Statuette de Saint Joseph en biscuit (29 cm de haut), tenant l\u2019\u00e9querre et un bouquet de lys. En bas , HH pour sacr\u00e9 coeur. Ce biscuit en parfait \u00e9tat porte le num\u00e9ro de forme 27 et est sign\u00e9 \u00ab\u00a0fax\u00a0\u00bb dessous. Il date sans doute de la premi\u00e8re moiti\u00e9 du XX\u00e8 si\u00e8cle. R\u00e9f 14.44<\/p>\n","protected":false},"featured_media":3277,"comment_status":"open","ping_status":"closed","template":"","meta":{"neve_meta_sidebar":"","neve_meta_container":"","neve_meta_enable_content_width":"off","neve_meta_content_width":100,"neve_meta_title_alignment":"","neve_meta_author_avatar":"","neve_post_elements_order":"","neve_meta_disable_header":"","neve_meta_disable_footer":"","neve_meta_disable_title":""},"product_brand":[],"product_cat":[37,16,167,34],"product_tag":[79,74,35],"class_list":{"0":"post-3305","1":"product","2":"type-product","3":"status-publish","4":"has-post-thumbnail","6":"product_cat-belgique","7":"product_cat-ceramique","8":"product_cat-peintures-et-sculptures","9":"product_cat-religiosa","10":"product_tag-art","11":"product_tag-porcelaine","12":"product_tag-religion","14":"first","15":"instock","16":"shipping-taxable","17":"purchasable","18":"product-type-simple"},"_links":{"self":[{"href":"https:\/\/legrenierdelatour.be\/brocante\/wp-json\/wp\/v2\/product\/3305","targetHints":{"allow":["GET"]}}],"collection":[{"href":"https:\/\/legrenierdelatour.be\/brocante\/wp-json\/wp\/v2\/product"}],"about":[{"href":"https:\/\/legrenierdelatour.be\/brocante\/wp-json\/wp\/v2\/types\/product"}],"replies":[{"embeddable":true,"href":"https:\/\/legrenierdelatour.be\/brocante\/wp-json\/wp\/v2\/comments?post=3305"}],"wp:featuredmedia":[{"embeddable":true,"href":"https:\/\/legrenierdelatour.be\/brocante\/wp-json\/wp\/v2\/media\/3277"}],"wp:attachment":[{"href":"https:\/\/legrenierdelatour.be\/brocante\/wp-json\/wp\/v2\/media?parent=3305"}],"wp:term":[{"taxonomy":"product_brand","embeddable":true,"href":"https:\/\/legrenierdelatour.be\/brocante\/wp-json\/wp\/v2\/product_brand?post=3305"},{"taxonomy":"product_cat","embeddable":true,"href":"https:\/\/legrenierdelatour.be\/brocante\/wp-json\/wp\/v2\/product_cat?post=3305"},{"taxonomy":"product_tag","embeddable":true,"href":"https:\/\/legrenierdelatour.be\/brocante\/wp-json\/wp\/v2\/product_tag?post=3305"}],"curies":[{"name":"wp","href":"https:\/\/api.w.org\/{rel}","templated":true}]}}