{"id":329,"date":"2022-02-15T14:24:53","date_gmt":"2022-02-15T13:24:53","guid":{"rendered":"https:\/\/legrenierdelatour.be\/brocante\/?post_type=product&#038;p=329"},"modified":"2022-03-12T17:31:12","modified_gmt":"2022-03-12T16:31:12","slug":"aiguiere-682-decor-floral-hubert-bequet","status":"publish","type":"product","link":"https:\/\/legrenierdelatour.be\/brocante\/produit\/aiguiere-682-decor-floral-hubert-bequet\/","title":{"rendered":"Aigui\u00e8re 682 \u00ab\u00a0Iris vert\u00a0\u00bb Hubert Bequet"},"content":{"rendered":"<p>Aigui\u00e8re (29 cm haut) produite par Hubert Bequet Quaregnon sans doute dans les ann\u00e9es 1970 c&rsquo;est \u00e0 dire p\u00e9riode tardive de jeta Bequet, avec un d\u00e9cor \u00ab\u00a0Iris vert\u00a0\u00bb en d\u00e9calcomanie. Etiquette H. Bequet, ainsi que la marque \u00ab\u00a0M\u00a0\u00bb grav\u00e9e sur le culot du vase.<\/p>\n<p>R\u00e9f 5.58<\/p>\n","protected":false},"excerpt":{"rendered":"<p>Aigui\u00e8re (29 cm haut) produite par Hubert Bequet Quaregnon sans doute dans les ann\u00e9es 1970 c&rsquo;est \u00e0 dire p\u00e9riode tardive de jeta Bequet, avec un d\u00e9cor \u00ab\u00a0Iris vert\u00a0\u00bb en d\u00e9calcomanie. Etiquette H. Bequet, ainsi que la marque \u00ab\u00a0M\u00a0\u00bb grav\u00e9e sur le culot du vase. R\u00e9f 5.58<\/p>\n","protected":false},"featured_media":326,"comment_status":"open","ping_status":"closed","template":"","meta":{"neve_meta_sidebar":"","neve_meta_container":"","neve_meta_enable_content_width":"off","neve_meta_content_width":100,"neve_meta_title_alignment":"","neve_meta_author_avatar":"","neve_post_elements_order":"","neve_meta_disable_header":"","neve_meta_disable_footer":"","neve_meta_disable_title":""},"product_brand":[],"product_cat":[15,37,16,36],"product_tag":[40,19,38,39],"class_list":{"0":"post-329","1":"product","2":"type-product","3":"status-publish","4":"has-post-thumbnail","6":"product_cat-non-classe","7":"product_cat-belgique","8":"product_cat-ceramique","9":"product_cat-hubert-bequet","10":"product_tag-belgique","11":"product_tag-faience","12":"product_tag-hubert-bequet","13":"product_tag-quaregnon","15":"first","16":"instock","17":"shipping-taxable","18":"purchasable","19":"product-type-simple"},"_links":{"self":[{"href":"https:\/\/legrenierdelatour.be\/brocante\/wp-json\/wp\/v2\/product\/329","targetHints":{"allow":["GET"]}}],"collection":[{"href":"https:\/\/legrenierdelatour.be\/brocante\/wp-json\/wp\/v2\/product"}],"about":[{"href":"https:\/\/legrenierdelatour.be\/brocante\/wp-json\/wp\/v2\/types\/product"}],"replies":[{"embeddable":true,"href":"https:\/\/legrenierdelatour.be\/brocante\/wp-json\/wp\/v2\/comments?post=329"}],"wp:featuredmedia":[{"embeddable":true,"href":"https:\/\/legrenierdelatour.be\/brocante\/wp-json\/wp\/v2\/media\/326"}],"wp:attachment":[{"href":"https:\/\/legrenierdelatour.be\/brocante\/wp-json\/wp\/v2\/media?parent=329"}],"wp:term":[{"taxonomy":"product_brand","embeddable":true,"href":"https:\/\/legrenierdelatour.be\/brocante\/wp-json\/wp\/v2\/product_brand?post=329"},{"taxonomy":"product_cat","embeddable":true,"href":"https:\/\/legrenierdelatour.be\/brocante\/wp-json\/wp\/v2\/product_cat?post=329"},{"taxonomy":"product_tag","embeddable":true,"href":"https:\/\/legrenierdelatour.be\/brocante\/wp-json\/wp\/v2\/product_tag?post=329"}],"curies":[{"name":"wp","href":"https:\/\/api.w.org\/{rel}","templated":true}]}}