{"id":3268,"date":"2022-10-19T15:38:28","date_gmt":"2022-10-19T13:38:28","guid":{"rendered":"https:\/\/legrenierdelatour.be\/brocante\/?post_type=product&#038;p=3268"},"modified":"2022-10-19T15:38:28","modified_gmt":"2022-10-19T13:38:28","slug":"figurine-chenille-europe","status":"publish","type":"product","link":"https:\/\/legrenierdelatour.be\/brocante\/produit\/figurine-chenille-europe\/","title":{"rendered":"Figurine Chenille Europe"},"content":{"rendered":"<p>Figurine de la Chenille Europe, produite par Legrain en 1991. Une petite \u00e9tiquette au dos l&rsquo;\u00e9difie comme l&rsquo;Italie.<\/p>\n<p>R\u00e9f 14.39<\/p>\n","protected":false},"excerpt":{"rendered":"<p>Figurine de la Chenille Europe, produite par Legrain en 1991. Une petite \u00e9tiquette au dos l&rsquo;\u00e9difie comme l&rsquo;Italie. R\u00e9f 14.39<\/p>\n","protected":false},"featured_media":3262,"comment_status":"open","ping_status":"closed","template":"","meta":{"neve_meta_sidebar":"","neve_meta_container":"","neve_meta_enable_content_width":"off","neve_meta_content_width":100,"neve_meta_title_alignment":"","neve_meta_author_avatar":"","neve_post_elements_order":"","neve_meta_disable_header":"","neve_meta_disable_footer":"","neve_meta_disable_title":""},"product_brand":[],"product_cat":[15,171,161],"product_tag":[119,120],"class_list":{"0":"post-3268","1":"product","2":"type-product","3":"status-publish","4":"has-post-thumbnail","6":"product_cat-non-classe","7":"product_cat-jeux-et-jardin","8":"product_cat-les-collections","9":"product_tag-enfant","10":"product_tag-jeu","12":"first","13":"instock","14":"shipping-taxable","15":"purchasable","16":"product-type-simple"},"_links":{"self":[{"href":"https:\/\/legrenierdelatour.be\/brocante\/wp-json\/wp\/v2\/product\/3268","targetHints":{"allow":["GET"]}}],"collection":[{"href":"https:\/\/legrenierdelatour.be\/brocante\/wp-json\/wp\/v2\/product"}],"about":[{"href":"https:\/\/legrenierdelatour.be\/brocante\/wp-json\/wp\/v2\/types\/product"}],"replies":[{"embeddable":true,"href":"https:\/\/legrenierdelatour.be\/brocante\/wp-json\/wp\/v2\/comments?post=3268"}],"wp:featuredmedia":[{"embeddable":true,"href":"https:\/\/legrenierdelatour.be\/brocante\/wp-json\/wp\/v2\/media\/3262"}],"wp:attachment":[{"href":"https:\/\/legrenierdelatour.be\/brocante\/wp-json\/wp\/v2\/media?parent=3268"}],"wp:term":[{"taxonomy":"product_brand","embeddable":true,"href":"https:\/\/legrenierdelatour.be\/brocante\/wp-json\/wp\/v2\/product_brand?post=3268"},{"taxonomy":"product_cat","embeddable":true,"href":"https:\/\/legrenierdelatour.be\/brocante\/wp-json\/wp\/v2\/product_cat?post=3268"},{"taxonomy":"product_tag","embeddable":true,"href":"https:\/\/legrenierdelatour.be\/brocante\/wp-json\/wp\/v2\/product_tag?post=3268"}],"curies":[{"name":"wp","href":"https:\/\/api.w.org\/{rel}","templated":true}]}}