{"id":3255,"date":"2022-10-19T15:35:06","date_gmt":"2022-10-19T13:35:06","guid":{"rendered":"https:\/\/legrenierdelatour.be\/brocante\/?post_type=product&#038;p=3255"},"modified":"2022-10-19T15:35:37","modified_gmt":"2022-10-19T13:35:37","slug":"figurines-yuppi-cactus-luxembourg","status":"publish","type":"product","link":"https:\/\/legrenierdelatour.be\/brocante\/produit\/figurines-yuppi-cactus-luxembourg\/","title":{"rendered":"Figurines Yuppi cactus Luxembourg"},"content":{"rendered":"<p>Ensemble de 23 figurines de la mascotte de Cactus Luxembourg, Yuppi. Pr\u00e9vues en porte-cl\u00e9, la plupart des figurines n&rsquo;ont plus leur anneau.<\/p>\n<p>8 figurines \u00e9dit\u00e9es en 1996, sur le th\u00e8me de diff\u00e9rents pays; 7 figurines \u00e9dit\u00e9es en 2000 sur le th\u00e8me de l&rsquo;histoire; 8 figurines \u00e9dit\u00e9es en 2002 sur le th\u00e8me des pirates. Certaines figurines sont en double.<\/p>\n<p>Elles sont vendues au prix de 2,50\u20ac pi\u00e8ce<\/p>\n<p>R\u00e9f 14.39<\/p>\n","protected":false},"excerpt":{"rendered":"<p>Ensemble de 23 figurines de la mascotte de Cactus Luxembourg, Yuppi. Pr\u00e9vues en porte-cl\u00e9, la plupart des figurines n&rsquo;ont plus leur anneau. 8 figurines \u00e9dit\u00e9es en 1996, sur le th\u00e8me de diff\u00e9rents pays; 7 figurines \u00e9dit\u00e9es en 2000 sur le th\u00e8me de l&rsquo;histoire; 8 figurines \u00e9dit\u00e9es en 2002 sur le th\u00e8me des pirates. Certaines figurines&hellip;&nbsp;<a href=\"https:\/\/legrenierdelatour.be\/brocante\/produit\/figurines-yuppi-cactus-luxembourg\/\" class=\"\" rel=\"bookmark\">Lire la suite &raquo;<span class=\"screen-reader-text\">Figurines Yuppi cactus Luxembourg<\/span><\/a><\/p>\n","protected":false},"featured_media":3258,"comment_status":"open","ping_status":"closed","template":"","meta":{"neve_meta_sidebar":"","neve_meta_container":"","neve_meta_enable_content_width":"off","neve_meta_content_width":100,"neve_meta_title_alignment":"","neve_meta_author_avatar":"","neve_post_elements_order":"","neve_meta_disable_header":"","neve_meta_disable_footer":"","neve_meta_disable_title":""},"product_brand":[],"product_cat":[15,171,161,30,166,173],"product_tag":[120,83],"class_list":{"0":"post-3255","1":"product","2":"type-product","3":"status-publish","4":"has-post-thumbnail","6":"product_cat-non-classe","7":"product_cat-jeux-et-jardin","8":"product_cat-les-collections","9":"product_cat-luxemburgensia","10":"product_cat-luxemburgensia-luxemburgensia","11":"product_cat-objets-de-publicite","12":"product_tag-jeu","13":"product_tag-luxemburgensia","15":"first","16":"instock","17":"shipping-taxable","18":"purchasable","19":"product-type-simple"},"_links":{"self":[{"href":"https:\/\/legrenierdelatour.be\/brocante\/wp-json\/wp\/v2\/product\/3255","targetHints":{"allow":["GET"]}}],"collection":[{"href":"https:\/\/legrenierdelatour.be\/brocante\/wp-json\/wp\/v2\/product"}],"about":[{"href":"https:\/\/legrenierdelatour.be\/brocante\/wp-json\/wp\/v2\/types\/product"}],"replies":[{"embeddable":true,"href":"https:\/\/legrenierdelatour.be\/brocante\/wp-json\/wp\/v2\/comments?post=3255"}],"wp:featuredmedia":[{"embeddable":true,"href":"https:\/\/legrenierdelatour.be\/brocante\/wp-json\/wp\/v2\/media\/3258"}],"wp:attachment":[{"href":"https:\/\/legrenierdelatour.be\/brocante\/wp-json\/wp\/v2\/media?parent=3255"}],"wp:term":[{"taxonomy":"product_brand","embeddable":true,"href":"https:\/\/legrenierdelatour.be\/brocante\/wp-json\/wp\/v2\/product_brand?post=3255"},{"taxonomy":"product_cat","embeddable":true,"href":"https:\/\/legrenierdelatour.be\/brocante\/wp-json\/wp\/v2\/product_cat?post=3255"},{"taxonomy":"product_tag","embeddable":true,"href":"https:\/\/legrenierdelatour.be\/brocante\/wp-json\/wp\/v2\/product_tag?post=3255"}],"curies":[{"name":"wp","href":"https:\/\/api.w.org\/{rel}","templated":true}]}}