{"id":3238,"date":"2022-09-02T15:55:12","date_gmt":"2022-09-02T13:55:12","guid":{"rendered":"https:\/\/legrenierdelatour.be\/brocante\/?post_type=product&#038;p=3238"},"modified":"2022-09-02T15:55:12","modified_gmt":"2022-09-02T13:55:12","slug":"medaillons-en-faience-emaischen-alstad-luxembourg","status":"publish","type":"product","link":"https:\/\/legrenierdelatour.be\/brocante\/produit\/medaillons-en-faience-emaischen-alstad-luxembourg\/","title":{"rendered":"M\u00e9daillons en fa\u00efence Ema\u00efschen Alstad Luxembourg"},"content":{"rendered":"<p>M\u00e9daillons en fa\u00efence (9,5 cm de diam\u00e8tre), dans les bo\u00eetes d\u2019origine, repr\u00e9sentant les sceaux de majest\u00e9 de certains souverains du Luxembourg. Ils ont \u00e9t\u00e9 \u00e9dit\u00e9s de 1982 \u00e0 1985 par le Comit\u00e9 Alstad de Luxembourg. Ces fa\u00efences ont \u00e9t\u00e9 produites par Villeroy et Boch. Elles sont en parfait \u00e9tat.<\/p>\n<p>Elles sont vendues \u00e0 la pi\u00e8ce au prix de 15\u20ac.<\/p>\n<div>R\u00e9f 14.34<\/div>\n","protected":false},"excerpt":{"rendered":"<p>M\u00e9daillons en fa\u00efence (9,5 cm de diam\u00e8tre), dans les bo\u00eetes d\u2019origine, repr\u00e9sentant les sceaux de majest\u00e9 de certains souverains du Luxembourg. Ils ont \u00e9t\u00e9 \u00e9dit\u00e9s de 1982 \u00e0 1985 par le Comit\u00e9 Alstad de Luxembourg. Ces fa\u00efences ont \u00e9t\u00e9 produites par Villeroy et Boch. Elles sont en parfait \u00e9tat. Elles sont vendues \u00e0 la pi\u00e8ce&hellip;&nbsp;<a href=\"https:\/\/legrenierdelatour.be\/brocante\/produit\/medaillons-en-faience-emaischen-alstad-luxembourg\/\" class=\"\" rel=\"bookmark\">Lire la suite &raquo;<span class=\"screen-reader-text\">M\u00e9daillons en fa\u00efence Ema\u00efschen Alstad Luxembourg<\/span><\/a><\/p>\n","protected":false},"featured_media":3211,"comment_status":"open","ping_status":"closed","template":"","meta":{"neve_meta_sidebar":"","neve_meta_container":"","neve_meta_enable_content_width":"off","neve_meta_content_width":100,"neve_meta_title_alignment":"","neve_meta_author_avatar":"","neve_post_elements_order":"","neve_meta_disable_header":"","neve_meta_disable_footer":"","neve_meta_disable_title":""},"product_brand":[],"product_cat":[16,165,30,166,69,29],"product_tag":[19,83,32],"class_list":{"0":"post-3238","1":"product","2":"type-product","3":"status-publish","4":"has-post-thumbnail","6":"product_cat-ceramique","7":"product_cat-luxembourg","8":"product_cat-luxemburgensia","9":"product_cat-luxemburgensia-luxemburgensia","10":"product_cat-numismatique","11":"product_cat-villeroy-boch","12":"product_tag-faience","13":"product_tag-luxemburgensia","14":"product_tag-villeroy-et-boch","16":"first","17":"instock","18":"shipping-taxable","19":"purchasable","20":"product-type-simple"},"_links":{"self":[{"href":"https:\/\/legrenierdelatour.be\/brocante\/wp-json\/wp\/v2\/product\/3238","targetHints":{"allow":["GET"]}}],"collection":[{"href":"https:\/\/legrenierdelatour.be\/brocante\/wp-json\/wp\/v2\/product"}],"about":[{"href":"https:\/\/legrenierdelatour.be\/brocante\/wp-json\/wp\/v2\/types\/product"}],"replies":[{"embeddable":true,"href":"https:\/\/legrenierdelatour.be\/brocante\/wp-json\/wp\/v2\/comments?post=3238"}],"wp:featuredmedia":[{"embeddable":true,"href":"https:\/\/legrenierdelatour.be\/brocante\/wp-json\/wp\/v2\/media\/3211"}],"wp:attachment":[{"href":"https:\/\/legrenierdelatour.be\/brocante\/wp-json\/wp\/v2\/media?parent=3238"}],"wp:term":[{"taxonomy":"product_brand","embeddable":true,"href":"https:\/\/legrenierdelatour.be\/brocante\/wp-json\/wp\/v2\/product_brand?post=3238"},{"taxonomy":"product_cat","embeddable":true,"href":"https:\/\/legrenierdelatour.be\/brocante\/wp-json\/wp\/v2\/product_cat?post=3238"},{"taxonomy":"product_tag","embeddable":true,"href":"https:\/\/legrenierdelatour.be\/brocante\/wp-json\/wp\/v2\/product_tag?post=3238"}],"curies":[{"name":"wp","href":"https:\/\/api.w.org\/{rel}","templated":true}]}}