{"id":3237,"date":"2022-09-02T14:54:17","date_gmt":"2022-09-02T12:54:17","guid":{"rendered":"https:\/\/legrenierdelatour.be\/brocante\/?post_type=product&#038;p=3237"},"modified":"2022-09-02T14:54:17","modified_gmt":"2022-09-02T12:54:17","slug":"lampe-en-faience-vue-de-luxembourg-altenkunstadt","status":"publish","type":"product","link":"https:\/\/legrenierdelatour.be\/brocante\/produit\/lampe-en-faience-vue-de-luxembourg-altenkunstadt\/","title":{"rendered":"Lampe en fa\u00efence \u00ab\u00a0Vue de Luxembourg\u00a0\u00bb Altenkunstadt"},"content":{"rendered":"<p>Jolie lampe en fa\u00efence (8,5cm de diam\u00e8tre) avec une repr\u00e9sentation d\u2019une gravure de Vue de Luxembourg. La lampe imite une lampe \u00e0 huile (Kosmos) mais fonctionne \u00e0 l\u2019\u00e9lectricit\u00e9. Sous le pied, une marque repr\u00e9sentant un bateau et en creux les chiffres 6084-85, sans doute le num\u00e9ro de forme et sa taille. Cette faience a \u00e9t\u00e9 produite par la Porzellanfabrik Altenkunstadt Karl Nehmzow (depuis 1919), sp\u00e9cialis\u00e9e dans l\u2019impression de gravures de villes. Cette lampe date sans doute des ann\u00e9es 1960.<\/p>\n<div>R\u00e9f 14.33<\/div>\n","protected":false},"excerpt":{"rendered":"<p>Jolie lampe en fa\u00efence (8,5cm de diam\u00e8tre) avec une repr\u00e9sentation d\u2019une gravure de Vue de Luxembourg. La lampe imite une lampe \u00e0 huile (Kosmos) mais fonctionne \u00e0 l\u2019\u00e9lectricit\u00e9. Sous le pied, une marque repr\u00e9sentant un bateau et en creux les chiffres 6084-85, sans doute le num\u00e9ro de forme et sa taille. Cette faience a \u00e9t\u00e9&hellip;&nbsp;<a href=\"https:\/\/legrenierdelatour.be\/brocante\/produit\/lampe-en-faience-vue-de-luxembourg-altenkunstadt\/\" class=\"\" rel=\"bookmark\">Lire la suite &raquo;<span class=\"screen-reader-text\">Lampe en fa\u00efence \u00ab\u00a0Vue de Luxembourg\u00a0\u00bb Altenkunstadt<\/span><\/a><\/p>\n","protected":false},"featured_media":3230,"comment_status":"open","ping_status":"closed","template":"","meta":{"neve_meta_sidebar":"","neve_meta_container":"","neve_meta_enable_content_width":"off","neve_meta_content_width":100,"neve_meta_title_alignment":"","neve_meta_author_avatar":"","neve_post_elements_order":"","neve_meta_disable_header":"","neve_meta_disable_footer":"","neve_meta_disable_title":""},"product_brand":[],"product_cat":[48,168,16,181,24,30,166],"product_tag":[79,154,19,91,83],"class_list":{"0":"post-3237","1":"product","2":"type-product","3":"status-publish","4":"has-post-thumbnail","6":"product_cat-allemagne","7":"product_cat-bavaria","8":"product_cat-ceramique","9":"product_cat-lampes-a-petrole","10":"product_cat-luminaires","11":"product_cat-luxemburgensia","12":"product_cat-luxemburgensia-luxemburgensia","13":"product_tag-art","14":"product_tag-bavaria","15":"product_tag-faience","16":"product_tag-lampe","17":"product_tag-luxemburgensia","19":"first","20":"instock","21":"shipping-taxable","22":"purchasable","23":"product-type-simple"},"_links":{"self":[{"href":"https:\/\/legrenierdelatour.be\/brocante\/wp-json\/wp\/v2\/product\/3237","targetHints":{"allow":["GET"]}}],"collection":[{"href":"https:\/\/legrenierdelatour.be\/brocante\/wp-json\/wp\/v2\/product"}],"about":[{"href":"https:\/\/legrenierdelatour.be\/brocante\/wp-json\/wp\/v2\/types\/product"}],"replies":[{"embeddable":true,"href":"https:\/\/legrenierdelatour.be\/brocante\/wp-json\/wp\/v2\/comments?post=3237"}],"wp:featuredmedia":[{"embeddable":true,"href":"https:\/\/legrenierdelatour.be\/brocante\/wp-json\/wp\/v2\/media\/3230"}],"wp:attachment":[{"href":"https:\/\/legrenierdelatour.be\/brocante\/wp-json\/wp\/v2\/media?parent=3237"}],"wp:term":[{"taxonomy":"product_brand","embeddable":true,"href":"https:\/\/legrenierdelatour.be\/brocante\/wp-json\/wp\/v2\/product_brand?post=3237"},{"taxonomy":"product_cat","embeddable":true,"href":"https:\/\/legrenierdelatour.be\/brocante\/wp-json\/wp\/v2\/product_cat?post=3237"},{"taxonomy":"product_tag","embeddable":true,"href":"https:\/\/legrenierdelatour.be\/brocante\/wp-json\/wp\/v2\/product_tag?post=3237"}],"curies":[{"name":"wp","href":"https:\/\/api.w.org\/{rel}","templated":true}]}}