{"id":3236,"date":"2022-09-02T13:07:06","date_gmt":"2022-09-02T11:07:06","guid":{"rendered":"https:\/\/legrenierdelatour.be\/brocante\/?post_type=product&#038;p=3236"},"modified":"2022-09-02T13:07:06","modified_gmt":"2022-09-02T11:07:06","slug":"assiette-avec-aquarelle-de-jacques-jacob","status":"publish","type":"product","link":"https:\/\/legrenierdelatour.be\/brocante\/produit\/assiette-avec-aquarelle-de-jacques-jacob\/","title":{"rendered":"Assiette avec aquarelle de Jacques Jacob"},"content":{"rendered":"<p>Assiette (24 cm de diam\u00e8tre) avec aquarelle de Jacques Jacob. L\u2019aquarelle repr\u00e9sente le profil de Steve en 1980, et est num\u00e9rot\u00e9e 5\/50; elle est sign\u00e9e. L\u2019assiette est \u00e9galement sign\u00e9e \u00e0 l\u2019arri\u00e8re, avec une \u00e9tiquette reprenant l\u2019adresse de l\u2019atelier de Jacob. Jacques E.L Jacob est un artiste n\u00e9 e n Gaume 1949. D\u00e8s 1985, ses oeuvres sont expos\u00e9es en Europe, Am\u00e9rique, Asie. Il a cr\u00e9\u00e9 sa propre acad\u00e9mie et forme de nombreux artistes. Acteur de th\u00e9\u00e2tre et \u00e9crivain (Rien ne sert d\u2019oublier, Le manteau noir\u2026) il cr\u00e9e en 2003 les \u00e9ditions Am\u00e9thyste.<\/p>\n<div>R\u00e9f 14.32<\/div>\n","protected":false},"excerpt":{"rendered":"<p>Assiette (24 cm de diam\u00e8tre) avec aquarelle de Jacques Jacob. L\u2019aquarelle repr\u00e9sente le profil de Steve en 1980, et est num\u00e9rot\u00e9e 5\/50; elle est sign\u00e9e. L\u2019assiette est \u00e9galement sign\u00e9e \u00e0 l\u2019arri\u00e8re, avec une \u00e9tiquette reprenant l\u2019adresse de l\u2019atelier de Jacob. Jacques E.L Jacob est un artiste n\u00e9 e n Gaume 1949. D\u00e8s 1985, ses oeuvres&hellip;&nbsp;<a href=\"https:\/\/legrenierdelatour.be\/brocante\/produit\/assiette-avec-aquarelle-de-jacques-jacob\/\" class=\"\" rel=\"bookmark\">Lire la suite &raquo;<span class=\"screen-reader-text\">Assiette avec aquarelle de Jacques Jacob<\/span><\/a><\/p>\n","protected":false},"featured_media":3228,"comment_status":"open","ping_status":"closed","template":"","meta":{"neve_meta_sidebar":"","neve_meta_container":"","neve_meta_enable_content_width":"off","neve_meta_content_width":100,"neve_meta_title_alignment":"","neve_meta_author_avatar":"","neve_post_elements_order":"","neve_meta_disable_header":"","neve_meta_disable_footer":"","neve_meta_disable_title":""},"product_brand":[],"product_cat":[37,16,30,31,167],"product_tag":[79,40,19,112],"class_list":{"0":"post-3236","1":"product","2":"type-product","3":"status-publish","4":"has-post-thumbnail","6":"product_cat-belgique","7":"product_cat-ceramique","8":"product_cat-luxemburgensia","9":"product_cat-pays-darlon","10":"product_cat-peintures-et-sculptures","11":"product_tag-art","12":"product_tag-belgique","13":"product_tag-faience","14":"product_tag-pays-darlon","16":"first","17":"instock","18":"shipping-taxable","19":"purchasable","20":"product-type-simple"},"_links":{"self":[{"href":"https:\/\/legrenierdelatour.be\/brocante\/wp-json\/wp\/v2\/product\/3236","targetHints":{"allow":["GET"]}}],"collection":[{"href":"https:\/\/legrenierdelatour.be\/brocante\/wp-json\/wp\/v2\/product"}],"about":[{"href":"https:\/\/legrenierdelatour.be\/brocante\/wp-json\/wp\/v2\/types\/product"}],"replies":[{"embeddable":true,"href":"https:\/\/legrenierdelatour.be\/brocante\/wp-json\/wp\/v2\/comments?post=3236"}],"wp:featuredmedia":[{"embeddable":true,"href":"https:\/\/legrenierdelatour.be\/brocante\/wp-json\/wp\/v2\/media\/3228"}],"wp:attachment":[{"href":"https:\/\/legrenierdelatour.be\/brocante\/wp-json\/wp\/v2\/media?parent=3236"}],"wp:term":[{"taxonomy":"product_brand","embeddable":true,"href":"https:\/\/legrenierdelatour.be\/brocante\/wp-json\/wp\/v2\/product_brand?post=3236"},{"taxonomy":"product_cat","embeddable":true,"href":"https:\/\/legrenierdelatour.be\/brocante\/wp-json\/wp\/v2\/product_cat?post=3236"},{"taxonomy":"product_tag","embeddable":true,"href":"https:\/\/legrenierdelatour.be\/brocante\/wp-json\/wp\/v2\/product_tag?post=3236"}],"curies":[{"name":"wp","href":"https:\/\/api.w.org\/{rel}","templated":true}]}}