{"id":3235,"date":"2022-08-31T14:58:50","date_gmt":"2022-08-31T12:58:50","guid":{"rendered":"https:\/\/legrenierdelatour.be\/brocante\/?post_type=product&#038;p=3235"},"modified":"2022-08-31T14:58:50","modified_gmt":"2022-08-31T12:58:50","slug":"assiette-decorative-cerf-hubert-bequet","status":"publish","type":"product","link":"https:\/\/legrenierdelatour.be\/brocante\/produit\/assiette-decorative-cerf-hubert-bequet\/","title":{"rendered":"Assiette d\u00e9corative \u00ab\u00a0Cerf\u00a0\u00bb Hubert Bequet"},"content":{"rendered":"<p>Plat en fa\u00efence (20 cm de diam\u00e8tre) avec d\u00e9cor de Cerf, un d\u00e9cor cr\u00e9\u00e9 en 1957 par M. Demande pour Hubert Bequet Quaregnon. Ce plat peint \u00e0 la main et rehauss\u00e9 d\u2019or date de la \u00ab\u00a0P\u00e9riode de la Fa\u00efencerie Artistique (1945-1976)\u00a0\u00bb. Castel Or visible sur l\u2019\u00e9tiquette d\u00e9signe le d\u00e9cor imatiation bois. Un \u00ab\u00a0H\u00a0\u00bb et un \u00ab\u00a0N\u00a0\u00bb dor\u00e9s dessous renvoient aux peintres ex\u00e9cutants. Ce plat en parfait \u00e9tatd ate des ann\u00e9es 1957-1976.<\/p>\n<div>R\u00e9f 14.31<\/div>\n","protected":false},"excerpt":{"rendered":"<p>Plat en fa\u00efence (20 cm de diam\u00e8tre) avec d\u00e9cor de Cerf, un d\u00e9cor cr\u00e9\u00e9 en 1957 par M. Demande pour Hubert Bequet Quaregnon. Ce plat peint \u00e0 la main et rehauss\u00e9 d\u2019or date de la \u00ab\u00a0P\u00e9riode de la Fa\u00efencerie Artistique (1945-1976)\u00a0\u00bb. Castel Or visible sur l\u2019\u00e9tiquette d\u00e9signe le d\u00e9cor imatiation bois. Un \u00ab\u00a0H\u00a0\u00bb et un&hellip;&nbsp;<a href=\"https:\/\/legrenierdelatour.be\/brocante\/produit\/assiette-decorative-cerf-hubert-bequet\/\" class=\"\" rel=\"bookmark\">Lire la suite &raquo;<span class=\"screen-reader-text\">Assiette d\u00e9corative \u00ab\u00a0Cerf\u00a0\u00bb Hubert Bequet<\/span><\/a><\/p>\n","protected":false},"featured_media":3220,"comment_status":"open","ping_status":"closed","template":"","meta":{"neve_meta_sidebar":"","neve_meta_container":"","neve_meta_enable_content_width":"off","neve_meta_content_width":100,"neve_meta_title_alignment":"","neve_meta_author_avatar":"","neve_post_elements_order":"","neve_meta_disable_header":"","neve_meta_disable_footer":"","neve_meta_disable_title":""},"product_brand":[],"product_cat":[37,16,36],"product_tag":[40,19,38],"class_list":{"0":"post-3235","1":"product","2":"type-product","3":"status-publish","4":"has-post-thumbnail","6":"product_cat-belgique","7":"product_cat-ceramique","8":"product_cat-hubert-bequet","9":"product_tag-belgique","10":"product_tag-faience","11":"product_tag-hubert-bequet","13":"first","14":"instock","15":"shipping-taxable","16":"purchasable","17":"product-type-simple"},"_links":{"self":[{"href":"https:\/\/legrenierdelatour.be\/brocante\/wp-json\/wp\/v2\/product\/3235","targetHints":{"allow":["GET"]}}],"collection":[{"href":"https:\/\/legrenierdelatour.be\/brocante\/wp-json\/wp\/v2\/product"}],"about":[{"href":"https:\/\/legrenierdelatour.be\/brocante\/wp-json\/wp\/v2\/types\/product"}],"replies":[{"embeddable":true,"href":"https:\/\/legrenierdelatour.be\/brocante\/wp-json\/wp\/v2\/comments?post=3235"}],"wp:featuredmedia":[{"embeddable":true,"href":"https:\/\/legrenierdelatour.be\/brocante\/wp-json\/wp\/v2\/media\/3220"}],"wp:attachment":[{"href":"https:\/\/legrenierdelatour.be\/brocante\/wp-json\/wp\/v2\/media?parent=3235"}],"wp:term":[{"taxonomy":"product_brand","embeddable":true,"href":"https:\/\/legrenierdelatour.be\/brocante\/wp-json\/wp\/v2\/product_brand?post=3235"},{"taxonomy":"product_cat","embeddable":true,"href":"https:\/\/legrenierdelatour.be\/brocante\/wp-json\/wp\/v2\/product_cat?post=3235"},{"taxonomy":"product_tag","embeddable":true,"href":"https:\/\/legrenierdelatour.be\/brocante\/wp-json\/wp\/v2\/product_tag?post=3235"}],"curies":[{"name":"wp","href":"https:\/\/api.w.org\/{rel}","templated":true}]}}