{"id":3206,"date":"2022-08-30T20:54:43","date_gmt":"2022-08-30T18:54:43","guid":{"rendered":"https:\/\/legrenierdelatour.be\/brocante\/?post_type=product&#038;p=3206"},"modified":"2024-01-07T19:32:41","modified_gmt":"2024-01-07T18:32:41","slug":"plaquettes-diekirch-mik-rosch-villeroy-et-boch","status":"publish","type":"product","link":"https:\/\/legrenierdelatour.be\/brocante\/produit\/plaquettes-diekirch-mik-rosch-villeroy-et-boch\/","title":{"rendered":"Plaquettes Diekirch Mik Rosch Villeroy et Boch"},"content":{"rendered":"<p>Plaquettes de c\u00e9ramiques (20&#215;10 cm) avec des repr\u00e9sentations de dessins de Mik Rosch (n\u00e9 en 1941). Ces dessins dat\u00e9s de 1969 \u00e0 1992 illustrent des vues de Diekirch. Elles ont \u00e9t\u00e9 \u00e9dit\u00e9es par Villeroy et Boch Mettlach. Certaines sont en double (1973,1974,1975,76,78,79,80,82,83,84,85,91).<\/p>\n<div>\n<p>Ces plaques sont vendues \u00e0 la pi\u00e8ce au prix de 20\u20ac.<\/p>\n<div>R\u00e9f 14.28<\/div>\n<\/div>\n","protected":false},"excerpt":{"rendered":"<p>Plaquettes de c\u00e9ramiques (20&#215;10 cm) avec des repr\u00e9sentations de dessins de Mik Rosch (n\u00e9 en 1941). Ces dessins dat\u00e9s de 1969 \u00e0 1992 illustrent des vues de Diekirch. Elles ont \u00e9t\u00e9 \u00e9dit\u00e9es par Villeroy et Boch Mettlach. Certaines sont en double (1973,1974,1975,76,78,79,80,82,83,84,85,91). Ces plaques sont vendues \u00e0 la pi\u00e8ce au prix de 20\u20ac. R\u00e9f 14.28<\/p>\n","protected":false},"featured_media":3207,"comment_status":"open","ping_status":"closed","template":"","meta":{"neve_meta_sidebar":"","neve_meta_container":"","neve_meta_enable_content_width":"off","neve_meta_content_width":100,"neve_meta_title_alignment":"","neve_meta_author_avatar":"","neve_post_elements_order":"","neve_meta_disable_header":"","neve_meta_disable_footer":"","neve_meta_disable_title":""},"product_brand":[],"product_cat":[16,30,166,167,29],"product_tag":[79,19,83,33,32],"class_list":{"0":"post-3206","1":"product","2":"type-product","3":"status-publish","4":"has-post-thumbnail","6":"product_cat-ceramique","7":"product_cat-luxemburgensia","8":"product_cat-luxemburgensia-luxemburgensia","9":"product_cat-peintures-et-sculptures","10":"product_cat-villeroy-boch","11":"product_tag-art","12":"product_tag-faience","13":"product_tag-luxemburgensia","14":"product_tag-mettlach","15":"product_tag-villeroy-et-boch","17":"first","18":"instock","19":"shipping-taxable","20":"purchasable","21":"product-type-simple"},"_links":{"self":[{"href":"https:\/\/legrenierdelatour.be\/brocante\/wp-json\/wp\/v2\/product\/3206","targetHints":{"allow":["GET"]}}],"collection":[{"href":"https:\/\/legrenierdelatour.be\/brocante\/wp-json\/wp\/v2\/product"}],"about":[{"href":"https:\/\/legrenierdelatour.be\/brocante\/wp-json\/wp\/v2\/types\/product"}],"replies":[{"embeddable":true,"href":"https:\/\/legrenierdelatour.be\/brocante\/wp-json\/wp\/v2\/comments?post=3206"}],"wp:featuredmedia":[{"embeddable":true,"href":"https:\/\/legrenierdelatour.be\/brocante\/wp-json\/wp\/v2\/media\/3207"}],"wp:attachment":[{"href":"https:\/\/legrenierdelatour.be\/brocante\/wp-json\/wp\/v2\/media?parent=3206"}],"wp:term":[{"taxonomy":"product_brand","embeddable":true,"href":"https:\/\/legrenierdelatour.be\/brocante\/wp-json\/wp\/v2\/product_brand?post=3206"},{"taxonomy":"product_cat","embeddable":true,"href":"https:\/\/legrenierdelatour.be\/brocante\/wp-json\/wp\/v2\/product_cat?post=3206"},{"taxonomy":"product_tag","embeddable":true,"href":"https:\/\/legrenierdelatour.be\/brocante\/wp-json\/wp\/v2\/product_tag?post=3206"}],"curies":[{"name":"wp","href":"https:\/\/api.w.org\/{rel}","templated":true}]}}