{"id":3202,"date":"2022-08-30T15:44:44","date_gmt":"2022-08-30T13:44:44","guid":{"rendered":"https:\/\/legrenierdelatour.be\/brocante\/?post_type=product&#038;p=3202"},"modified":"2022-08-30T15:44:44","modified_gmt":"2022-08-30T13:44:44","slug":"vase-vert-granite-cristalor","status":"publish","type":"product","link":"https:\/\/legrenierdelatour.be\/brocante\/produit\/vase-vert-granite-cristalor\/","title":{"rendered":"Vase vert granit\u00e9 Cristalor"},"content":{"rendered":"<p>Petit vase (9 cm de haut) en verre vert granit\u00e9, et en partie dor\u00e9 (sign\u00e9 \u00ab\u00a0I\u00a0\u00bb en dor\u00e9 sous le vase). Il est en parfait \u00e9tat et porte l\u2019\u00e9tiquette Cristalor, d\u2019une manufacture fran\u00e7aise, sans doute dans les ann\u00e9es 1950.<\/p>\n<div>R\u00e9f 14.21<\/div>\n","protected":false},"excerpt":{"rendered":"<p>Petit vase (9 cm de haut) en verre vert granit\u00e9, et en partie dor\u00e9 (sign\u00e9 \u00ab\u00a0I\u00a0\u00bb en dor\u00e9 sous le vase). Il est en parfait \u00e9tat et porte l\u2019\u00e9tiquette Cristalor, d\u2019une manufacture fran\u00e7aise, sans doute dans les ann\u00e9es 1950. R\u00e9f 14.21<\/p>\n","protected":false},"featured_media":3181,"comment_status":"open","ping_status":"closed","template":"","meta":{"neve_meta_sidebar":"","neve_meta_container":"","neve_meta_enable_content_width":"off","neve_meta_content_width":100,"neve_meta_title_alignment":"","neve_meta_author_avatar":"","neve_post_elements_order":"","neve_meta_disable_header":"","neve_meta_disable_footer":"","neve_meta_disable_title":""},"product_brand":[],"product_cat":[163,22],"product_tag":[28],"class_list":{"0":"post-3202","1":"product","2":"type-product","3":"status-publish","4":"has-post-thumbnail","6":"product_cat-productions-francaises","7":"product_cat-verrerie","8":"product_tag-vintage","10":"first","11":"instock","12":"shipping-taxable","13":"purchasable","14":"product-type-simple"},"_links":{"self":[{"href":"https:\/\/legrenierdelatour.be\/brocante\/wp-json\/wp\/v2\/product\/3202","targetHints":{"allow":["GET"]}}],"collection":[{"href":"https:\/\/legrenierdelatour.be\/brocante\/wp-json\/wp\/v2\/product"}],"about":[{"href":"https:\/\/legrenierdelatour.be\/brocante\/wp-json\/wp\/v2\/types\/product"}],"replies":[{"embeddable":true,"href":"https:\/\/legrenierdelatour.be\/brocante\/wp-json\/wp\/v2\/comments?post=3202"}],"wp:featuredmedia":[{"embeddable":true,"href":"https:\/\/legrenierdelatour.be\/brocante\/wp-json\/wp\/v2\/media\/3181"}],"wp:attachment":[{"href":"https:\/\/legrenierdelatour.be\/brocante\/wp-json\/wp\/v2\/media?parent=3202"}],"wp:term":[{"taxonomy":"product_brand","embeddable":true,"href":"https:\/\/legrenierdelatour.be\/brocante\/wp-json\/wp\/v2\/product_brand?post=3202"},{"taxonomy":"product_cat","embeddable":true,"href":"https:\/\/legrenierdelatour.be\/brocante\/wp-json\/wp\/v2\/product_cat?post=3202"},{"taxonomy":"product_tag","embeddable":true,"href":"https:\/\/legrenierdelatour.be\/brocante\/wp-json\/wp\/v2\/product_tag?post=3202"}],"curies":[{"name":"wp","href":"https:\/\/api.w.org\/{rel}","templated":true}]}}