{"id":3171,"date":"2022-08-30T14:21:11","date_gmt":"2022-08-30T12:21:11","guid":{"rendered":"https:\/\/legrenierdelatour.be\/brocante\/?post_type=product&#038;p=3171"},"modified":"2024-02-10T10:51:48","modified_gmt":"2024-02-10T09:51:48","slug":"aquarelle-de-durbuy-joseph-kinot","status":"publish","type":"product","link":"https:\/\/legrenierdelatour.be\/brocante\/produit\/aquarelle-de-durbuy-joseph-kinot\/","title":{"rendered":"Aquarelle de Durbuy, Joseph Kinot"},"content":{"rendered":"<div>Aquarelle de Durbuy (63&#215;53 cm avec cadre), sign\u00e9e J. Kinot, Joseph Kinot (1903-1968), Ecole li\u00e9geoise du Paysage, un artiste de Durbuy. Cette aquarelle porte \u00e9galement sur le passe-partout, l\u2019inscription \u00ab\u00a0Hiver \u00e0 Durbuy n\u00b0 24\u00a0\u00bb.<\/div>\n<div>R\u00e9f 14.16<\/div>\n","protected":false},"excerpt":{"rendered":"<p>Aquarelle de Durbuy (63&#215;53 cm avec cadre), sign\u00e9e J. Kinot, Joseph Kinot (1903-1968), Ecole li\u00e9geoise du Paysage, un artiste de Durbuy. Cette aquarelle porte \u00e9galement sur le passe-partout, l\u2019inscription \u00ab\u00a0Hiver \u00e0 Durbuy n\u00b0 24\u00a0\u00bb. R\u00e9f 14.16<\/p>\n","protected":false},"featured_media":3172,"comment_status":"open","ping_status":"closed","template":"","meta":{"neve_meta_sidebar":"","neve_meta_container":"","neve_meta_enable_content_width":"off","neve_meta_content_width":100,"neve_meta_title_alignment":"","neve_meta_author_avatar":"","neve_post_elements_order":"","neve_meta_disable_header":"","neve_meta_disable_footer":"","neve_meta_disable_title":""},"product_brand":[],"product_cat":[15],"product_tag":[79,40],"class_list":{"0":"post-3171","1":"product","2":"type-product","3":"status-publish","4":"has-post-thumbnail","6":"product_cat-non-classe","7":"product_tag-art","8":"product_tag-belgique","10":"first","11":"instock","12":"shipping-taxable","13":"purchasable","14":"product-type-simple"},"_links":{"self":[{"href":"https:\/\/legrenierdelatour.be\/brocante\/wp-json\/wp\/v2\/product\/3171","targetHints":{"allow":["GET"]}}],"collection":[{"href":"https:\/\/legrenierdelatour.be\/brocante\/wp-json\/wp\/v2\/product"}],"about":[{"href":"https:\/\/legrenierdelatour.be\/brocante\/wp-json\/wp\/v2\/types\/product"}],"replies":[{"embeddable":true,"href":"https:\/\/legrenierdelatour.be\/brocante\/wp-json\/wp\/v2\/comments?post=3171"}],"wp:featuredmedia":[{"embeddable":true,"href":"https:\/\/legrenierdelatour.be\/brocante\/wp-json\/wp\/v2\/media\/3172"}],"wp:attachment":[{"href":"https:\/\/legrenierdelatour.be\/brocante\/wp-json\/wp\/v2\/media?parent=3171"}],"wp:term":[{"taxonomy":"product_brand","embeddable":true,"href":"https:\/\/legrenierdelatour.be\/brocante\/wp-json\/wp\/v2\/product_brand?post=3171"},{"taxonomy":"product_cat","embeddable":true,"href":"https:\/\/legrenierdelatour.be\/brocante\/wp-json\/wp\/v2\/product_cat?post=3171"},{"taxonomy":"product_tag","embeddable":true,"href":"https:\/\/legrenierdelatour.be\/brocante\/wp-json\/wp\/v2\/product_tag?post=3171"}],"curies":[{"name":"wp","href":"https:\/\/api.w.org\/{rel}","templated":true}]}}