{"id":317,"date":"2022-02-15T13:43:44","date_gmt":"2022-02-15T12:43:44","guid":{"rendered":"https:\/\/legrenierdelatour.be\/brocante\/?post_type=product&#038;p=317"},"modified":"2022-03-12T17:31:42","modified_gmt":"2022-03-12T16:31:42","slug":"potiche-201-oiseau-rouge-hubert-bequet","status":"publish","type":"product","link":"https:\/\/legrenierdelatour.be\/brocante\/produit\/potiche-201-oiseau-rouge-hubert-bequet\/","title":{"rendered":"Potiche 201 \u00ab\u00a0Oiseau rouge\u00a0\u00bb Hubert Bequet"},"content":{"rendered":"<p>Tr\u00e8s grande potiche avec couvercle (44 cm de haut) produite par Hubert Bequet Quaregnan lors de la \u00ab\u00a0p\u00e9riode du Terril 1976-1984\u00a0\u00bb. Le d\u00e9cor peint \u00e0 la main est sign\u00e9 dans le couvercle \u00e0 la peinture dor\u00e9e \u00ab\u00a0F\u00a0\u00bb. Le mod\u00e8le est marqu\u00e9 en relief \u00ab\u00a0201\u00a0\u00bb et \u00ab\u00a08\u00a0\u00bb, avec le cachet dor\u00e9 Hubert Bequet. Un l\u00e9ger cheveu sur le pied.<\/p>\n<p>R\u00e9f 5.24<\/p>\n","protected":false},"excerpt":{"rendered":"<p>Tr\u00e8s grande potiche avec couvercle (44 cm de haut) produite par Hubert Bequet Quaregnan lors de la \u00ab\u00a0p\u00e9riode du Terril 1976-1984\u00a0\u00bb. Le d\u00e9cor peint \u00e0 la main est sign\u00e9 dans le couvercle \u00e0 la peinture dor\u00e9e \u00ab\u00a0F\u00a0\u00bb. Le mod\u00e8le est marqu\u00e9 en relief \u00ab\u00a0201\u00a0\u00bb et \u00ab\u00a08\u00a0\u00bb, avec le cachet dor\u00e9 Hubert Bequet. Un l\u00e9ger cheveu&hellip;&nbsp;<a href=\"https:\/\/legrenierdelatour.be\/brocante\/produit\/potiche-201-oiseau-rouge-hubert-bequet\/\" class=\"\" rel=\"bookmark\">Lire la suite &raquo;<span class=\"screen-reader-text\">Potiche 201 \u00ab\u00a0Oiseau rouge\u00a0\u00bb Hubert Bequet<\/span><\/a><\/p>\n","protected":false},"featured_media":318,"comment_status":"open","ping_status":"closed","template":"","meta":{"neve_meta_sidebar":"","neve_meta_container":"","neve_meta_enable_content_width":"off","neve_meta_content_width":100,"neve_meta_title_alignment":"","neve_meta_author_avatar":"","neve_post_elements_order":"","neve_meta_disable_header":"","neve_meta_disable_footer":"","neve_meta_disable_title":""},"product_brand":[],"product_cat":[15,37,16,36],"product_tag":[40,19,38,39],"class_list":{"0":"post-317","1":"product","2":"type-product","3":"status-publish","4":"has-post-thumbnail","6":"product_cat-non-classe","7":"product_cat-belgique","8":"product_cat-ceramique","9":"product_cat-hubert-bequet","10":"product_tag-belgique","11":"product_tag-faience","12":"product_tag-hubert-bequet","13":"product_tag-quaregnon","15":"first","16":"instock","17":"shipping-taxable","18":"purchasable","19":"product-type-simple"},"_links":{"self":[{"href":"https:\/\/legrenierdelatour.be\/brocante\/wp-json\/wp\/v2\/product\/317","targetHints":{"allow":["GET"]}}],"collection":[{"href":"https:\/\/legrenierdelatour.be\/brocante\/wp-json\/wp\/v2\/product"}],"about":[{"href":"https:\/\/legrenierdelatour.be\/brocante\/wp-json\/wp\/v2\/types\/product"}],"replies":[{"embeddable":true,"href":"https:\/\/legrenierdelatour.be\/brocante\/wp-json\/wp\/v2\/comments?post=317"}],"wp:featuredmedia":[{"embeddable":true,"href":"https:\/\/legrenierdelatour.be\/brocante\/wp-json\/wp\/v2\/media\/318"}],"wp:attachment":[{"href":"https:\/\/legrenierdelatour.be\/brocante\/wp-json\/wp\/v2\/media?parent=317"}],"wp:term":[{"taxonomy":"product_brand","embeddable":true,"href":"https:\/\/legrenierdelatour.be\/brocante\/wp-json\/wp\/v2\/product_brand?post=317"},{"taxonomy":"product_cat","embeddable":true,"href":"https:\/\/legrenierdelatour.be\/brocante\/wp-json\/wp\/v2\/product_cat?post=317"},{"taxonomy":"product_tag","embeddable":true,"href":"https:\/\/legrenierdelatour.be\/brocante\/wp-json\/wp\/v2\/product_tag?post=317"}],"curies":[{"name":"wp","href":"https:\/\/api.w.org\/{rel}","templated":true}]}}