{"id":3156,"date":"2022-08-28T17:26:23","date_gmt":"2022-08-28T15:26:23","guid":{"rendered":"https:\/\/legrenierdelatour.be\/brocante\/?post_type=product&#038;p=3156"},"modified":"2022-08-28T17:26:23","modified_gmt":"2022-08-28T15:26:23","slug":"serigraphie-le-chateau-du-pont-doie-m-leruth","status":"publish","type":"product","link":"https:\/\/legrenierdelatour.be\/brocante\/produit\/serigraphie-le-chateau-du-pont-doie-m-leruth\/","title":{"rendered":"S\u00e9rigraphie \u00ab\u00a0Le Ch\u00e2teau du Pont d&rsquo;Oie\u00a0\u00bb M. Leruth"},"content":{"rendered":"<div>S\u00e9rigraphie du Ch\u00e2teau du Pont d\u2019Oye (38&#215;24 hors cadre) sign\u00e9e de M. Leruth (il ne s&rsquo;agit pas de Marcel Leruth 1928, peintre de l&rsquo;Ecole li\u00e9geoise du paysage) et num\u00e9rot\u00e9e 30\/3 \u00ab\u00a0Le ch\u00e2teau du pont d\u2019oie\u00a0\u00bb. \u00a0Elle est dat\u00e9e de 1960. La s\u00e9rigraphie pr\u00e9sente malheureusement quelques traces d\u2019humidit\u00e9.<\/div>\n<div>R\u00e9f 14.13<\/div>\n","protected":false},"excerpt":{"rendered":"<p>S\u00e9rigraphie du Ch\u00e2teau du Pont d\u2019Oye (38&#215;24 hors cadre) sign\u00e9e de M. Leruth (il ne s&rsquo;agit pas de Marcel Leruth 1928, peintre de l&rsquo;Ecole li\u00e9geoise du paysage) et num\u00e9rot\u00e9e 30\/3 \u00ab\u00a0Le ch\u00e2teau du pont d\u2019oie\u00a0\u00bb. \u00a0Elle est dat\u00e9e de 1960. La s\u00e9rigraphie pr\u00e9sente malheureusement quelques traces d\u2019humidit\u00e9. R\u00e9f 14.13<\/p>\n","protected":false},"featured_media":3157,"comment_status":"open","ping_status":"closed","template":"","meta":{"neve_meta_sidebar":"","neve_meta_container":"","neve_meta_enable_content_width":"off","neve_meta_content_width":100,"neve_meta_title_alignment":"","neve_meta_author_avatar":"","neve_post_elements_order":"","neve_meta_disable_header":"","neve_meta_disable_footer":"","neve_meta_disable_title":""},"product_brand":[],"product_cat":[30,31,167],"product_tag":[79,40,112],"class_list":{"0":"post-3156","1":"product","2":"type-product","3":"status-publish","4":"has-post-thumbnail","6":"product_cat-luxemburgensia","7":"product_cat-pays-darlon","8":"product_cat-peintures-et-sculptures","9":"product_tag-art","10":"product_tag-belgique","11":"product_tag-pays-darlon","13":"first","14":"instock","15":"shipping-taxable","16":"purchasable","17":"product-type-simple"},"_links":{"self":[{"href":"https:\/\/legrenierdelatour.be\/brocante\/wp-json\/wp\/v2\/product\/3156","targetHints":{"allow":["GET"]}}],"collection":[{"href":"https:\/\/legrenierdelatour.be\/brocante\/wp-json\/wp\/v2\/product"}],"about":[{"href":"https:\/\/legrenierdelatour.be\/brocante\/wp-json\/wp\/v2\/types\/product"}],"replies":[{"embeddable":true,"href":"https:\/\/legrenierdelatour.be\/brocante\/wp-json\/wp\/v2\/comments?post=3156"}],"wp:featuredmedia":[{"embeddable":true,"href":"https:\/\/legrenierdelatour.be\/brocante\/wp-json\/wp\/v2\/media\/3157"}],"wp:attachment":[{"href":"https:\/\/legrenierdelatour.be\/brocante\/wp-json\/wp\/v2\/media?parent=3156"}],"wp:term":[{"taxonomy":"product_brand","embeddable":true,"href":"https:\/\/legrenierdelatour.be\/brocante\/wp-json\/wp\/v2\/product_brand?post=3156"},{"taxonomy":"product_cat","embeddable":true,"href":"https:\/\/legrenierdelatour.be\/brocante\/wp-json\/wp\/v2\/product_cat?post=3156"},{"taxonomy":"product_tag","embeddable":true,"href":"https:\/\/legrenierdelatour.be\/brocante\/wp-json\/wp\/v2\/product_tag?post=3156"}],"curies":[{"name":"wp","href":"https:\/\/api.w.org\/{rel}","templated":true}]}}