{"id":3139,"date":"2022-08-24T22:19:32","date_gmt":"2022-08-24T20:19:32","guid":{"rendered":"https:\/\/legrenierdelatour.be\/brocante\/?post_type=product&#038;p=3139"},"modified":"2022-08-24T22:19:33","modified_gmt":"2022-08-24T20:19:33","slug":"ramequins-canards-villeroy-boch","status":"publish","type":"product","link":"https:\/\/legrenierdelatour.be\/brocante\/produit\/ramequins-canards-villeroy-boch\/","title":{"rendered":"Ramequins \u00ab\u00a0Canards\u00a0\u00bb Villeroy &#038; Boch"},"content":{"rendered":"<p>Petits ramequins (4 cm de haut) avec repr\u00e9sentations de Canards (2 mod\u00e8les diff\u00e9rents), produits par Villeroy et Boch Luxembourg dans les ann\u00e9es 1960 sans doute.<\/p>\n<p>Ils sont vendus \u00e0 la pi\u00e8ce pour 3\u20ac.<\/p>\n<div>R\u00e9f 14.8<\/div>\n","protected":false},"excerpt":{"rendered":"<p>Petits ramequins (4 cm de haut) avec repr\u00e9sentations de Canards (2 mod\u00e8les diff\u00e9rents), produits par Villeroy et Boch Luxembourg dans les ann\u00e9es 1960 sans doute. Ils sont vendus \u00e0 la pi\u00e8ce pour 3\u20ac. R\u00e9f 14.8<\/p>\n","protected":false},"featured_media":3131,"comment_status":"open","ping_status":"closed","template":"","meta":{"neve_meta_sidebar":"","neve_meta_container":"","neve_meta_enable_content_width":"off","neve_meta_content_width":100,"neve_meta_title_alignment":"","neve_meta_author_avatar":"","neve_post_elements_order":"","neve_meta_disable_header":"","neve_meta_disable_footer":"","neve_meta_disable_title":""},"product_brand":[],"product_cat":[172,16,165,29],"product_tag":[19,32,28],"class_list":{"0":"post-3139","1":"product","2":"type-product","3":"status-publish","4":"has-post-thumbnail","6":"product_cat-en-cuisine","7":"product_cat-ceramique","8":"product_cat-luxembourg","9":"product_cat-villeroy-boch","10":"product_tag-faience","11":"product_tag-villeroy-et-boch","12":"product_tag-vintage","14":"first","15":"instock","16":"shipping-taxable","17":"purchasable","18":"product-type-simple"},"_links":{"self":[{"href":"https:\/\/legrenierdelatour.be\/brocante\/wp-json\/wp\/v2\/product\/3139","targetHints":{"allow":["GET"]}}],"collection":[{"href":"https:\/\/legrenierdelatour.be\/brocante\/wp-json\/wp\/v2\/product"}],"about":[{"href":"https:\/\/legrenierdelatour.be\/brocante\/wp-json\/wp\/v2\/types\/product"}],"replies":[{"embeddable":true,"href":"https:\/\/legrenierdelatour.be\/brocante\/wp-json\/wp\/v2\/comments?post=3139"}],"wp:featuredmedia":[{"embeddable":true,"href":"https:\/\/legrenierdelatour.be\/brocante\/wp-json\/wp\/v2\/media\/3131"}],"wp:attachment":[{"href":"https:\/\/legrenierdelatour.be\/brocante\/wp-json\/wp\/v2\/media?parent=3139"}],"wp:term":[{"taxonomy":"product_brand","embeddable":true,"href":"https:\/\/legrenierdelatour.be\/brocante\/wp-json\/wp\/v2\/product_brand?post=3139"},{"taxonomy":"product_cat","embeddable":true,"href":"https:\/\/legrenierdelatour.be\/brocante\/wp-json\/wp\/v2\/product_cat?post=3139"},{"taxonomy":"product_tag","embeddable":true,"href":"https:\/\/legrenierdelatour.be\/brocante\/wp-json\/wp\/v2\/product_tag?post=3139"}],"curies":[{"name":"wp","href":"https:\/\/api.w.org\/{rel}","templated":true}]}}