{"id":3135,"date":"2022-08-24T20:41:54","date_gmt":"2022-08-24T18:41:54","guid":{"rendered":"https:\/\/legrenierdelatour.be\/brocante\/?post_type=product&#038;p=3135"},"modified":"2024-11-04T08:56:33","modified_gmt":"2024-11-04T07:56:33","slug":"coupe-noemie-luxval","status":"publish","type":"product","link":"https:\/\/legrenierdelatour.be\/brocante\/produit\/coupe-noemie-luxval\/","title":{"rendered":"Coupe No\u00e9mie Luxval"},"content":{"rendered":"<p>Coupe en verre moul\u00e9 (22 cm de diam\u00e8tre) en parfait \u00e9tat. Cette coupe est issue des ateliers du Val Saint Lambert (sign\u00e9 en relief dessous) et il s\u2019agit du mod\u00e8le No\u00e9mie du catalogue Luxval de 1935. Il est dans le style Art D\u00e9co. Les designers en sont Charles Graffart et Ren\u00e9 Delvenne.<\/p>\n<div>R\u00e9f 14.4<\/div>\n","protected":false},"excerpt":{"rendered":"<p>Coupe en verre moul\u00e9 (22 cm de diam\u00e8tre) en parfait \u00e9tat. Cette coupe est issue des ateliers du Val Saint Lambert (sign\u00e9 en relief dessous) et il s\u2019agit du mod\u00e8le No\u00e9mie du catalogue Luxval de 1935. Il est dans le style Art D\u00e9co. Les designers en sont Charles Graffart et Ren\u00e9 Delvenne. R\u00e9f 14.4<\/p>\n","protected":false},"featured_media":3122,"comment_status":"open","ping_status":"closed","template":"","meta":{"neve_meta_sidebar":"","neve_meta_container":"","neve_meta_enable_content_width":"off","neve_meta_content_width":100,"neve_meta_title_alignment":"","neve_meta_author_avatar":"","neve_post_elements_order":"","neve_meta_disable_header":"","neve_meta_disable_footer":"","neve_meta_disable_title":""},"product_brand":[],"product_cat":[64,162,63,22],"product_tag":[21,40,65],"class_list":{"0":"post-3135","1":"product","2":"type-product","3":"status-publish","4":"has-post-thumbnail","6":"product_cat-luxval","7":"product_cat-productions-belges","8":"product_cat-val-saint-lambert","9":"product_cat-verrerie","10":"product_tag-art-deco","11":"product_tag-belgique","12":"product_tag-luxval","14":"first","15":"instock","16":"shipping-taxable","17":"purchasable","18":"product-type-simple"},"_links":{"self":[{"href":"https:\/\/legrenierdelatour.be\/brocante\/wp-json\/wp\/v2\/product\/3135","targetHints":{"allow":["GET"]}}],"collection":[{"href":"https:\/\/legrenierdelatour.be\/brocante\/wp-json\/wp\/v2\/product"}],"about":[{"href":"https:\/\/legrenierdelatour.be\/brocante\/wp-json\/wp\/v2\/types\/product"}],"replies":[{"embeddable":true,"href":"https:\/\/legrenierdelatour.be\/brocante\/wp-json\/wp\/v2\/comments?post=3135"}],"wp:featuredmedia":[{"embeddable":true,"href":"https:\/\/legrenierdelatour.be\/brocante\/wp-json\/wp\/v2\/media\/3122"}],"wp:attachment":[{"href":"https:\/\/legrenierdelatour.be\/brocante\/wp-json\/wp\/v2\/media?parent=3135"}],"wp:term":[{"taxonomy":"product_brand","embeddable":true,"href":"https:\/\/legrenierdelatour.be\/brocante\/wp-json\/wp\/v2\/product_brand?post=3135"},{"taxonomy":"product_cat","embeddable":true,"href":"https:\/\/legrenierdelatour.be\/brocante\/wp-json\/wp\/v2\/product_cat?post=3135"},{"taxonomy":"product_tag","embeddable":true,"href":"https:\/\/legrenierdelatour.be\/brocante\/wp-json\/wp\/v2\/product_tag?post=3135"}],"curies":[{"name":"wp","href":"https:\/\/api.w.org\/{rel}","templated":true}]}}