{"id":3121,"date":"2022-08-24T20:28:23","date_gmt":"2022-08-24T18:28:23","guid":{"rendered":"https:\/\/legrenierdelatour.be\/brocante\/?post_type=product&#038;p=3121"},"modified":"2022-08-24T20:28:23","modified_gmt":"2022-08-24T18:28:23","slug":"vase-cubis-scailmont","status":"publish","type":"product","link":"https:\/\/legrenierdelatour.be\/brocante\/produit\/vase-cubis-scailmont\/","title":{"rendered":"Vase Cubis Scailmont"},"content":{"rendered":"<p>Vase en verre moul\u00e9 rose (17 cm de haut) dans un \u00e9tat moyen (quelques coups dans le verre). Ce vase est du mod\u00e8le Cubis de la manufacture \u00ab\u00a0Les Verreries de Scailmont\u00a0\u00bb date des ann\u00e9es 1928-1930, du designer Henri Heemskerk (1886-1953).<\/p>\n<div>R\u00e9f 13.4<\/div>\n","protected":false},"excerpt":{"rendered":"<p>Vase en verre moul\u00e9 rose (17 cm de haut) dans un \u00e9tat moyen (quelques coups dans le verre). Ce vase est du mod\u00e8le Cubis de la manufacture \u00ab\u00a0Les Verreries de Scailmont\u00a0\u00bb date des ann\u00e9es 1928-1930, du designer Henri Heemskerk (1886-1953). R\u00e9f 13.4<\/p>\n","protected":false},"featured_media":3125,"comment_status":"open","ping_status":"closed","template":"","meta":{"neve_meta_sidebar":"","neve_meta_container":"","neve_meta_enable_content_width":"off","neve_meta_content_width":100,"neve_meta_title_alignment":"","neve_meta_author_avatar":"","neve_post_elements_order":"","neve_meta_disable_header":"","neve_meta_disable_footer":"","neve_meta_disable_title":""},"product_brand":[],"product_cat":[162,139,22],"product_tag":[21,40],"class_list":{"0":"post-3121","1":"product","2":"type-product","3":"status-publish","4":"has-post-thumbnail","6":"product_cat-productions-belges","7":"product_cat-scailmont","8":"product_cat-verrerie","9":"product_tag-art-deco","10":"product_tag-belgique","12":"first","13":"instock","14":"shipping-taxable","15":"purchasable","16":"product-type-simple"},"_links":{"self":[{"href":"https:\/\/legrenierdelatour.be\/brocante\/wp-json\/wp\/v2\/product\/3121","targetHints":{"allow":["GET"]}}],"collection":[{"href":"https:\/\/legrenierdelatour.be\/brocante\/wp-json\/wp\/v2\/product"}],"about":[{"href":"https:\/\/legrenierdelatour.be\/brocante\/wp-json\/wp\/v2\/types\/product"}],"replies":[{"embeddable":true,"href":"https:\/\/legrenierdelatour.be\/brocante\/wp-json\/wp\/v2\/comments?post=3121"}],"wp:featuredmedia":[{"embeddable":true,"href":"https:\/\/legrenierdelatour.be\/brocante\/wp-json\/wp\/v2\/media\/3125"}],"wp:attachment":[{"href":"https:\/\/legrenierdelatour.be\/brocante\/wp-json\/wp\/v2\/media?parent=3121"}],"wp:term":[{"taxonomy":"product_brand","embeddable":true,"href":"https:\/\/legrenierdelatour.be\/brocante\/wp-json\/wp\/v2\/product_brand?post=3121"},{"taxonomy":"product_cat","embeddable":true,"href":"https:\/\/legrenierdelatour.be\/brocante\/wp-json\/wp\/v2\/product_cat?post=3121"},{"taxonomy":"product_tag","embeddable":true,"href":"https:\/\/legrenierdelatour.be\/brocante\/wp-json\/wp\/v2\/product_tag?post=3121"}],"curies":[{"name":"wp","href":"https:\/\/api.w.org\/{rel}","templated":true}]}}