{"id":3088,"date":"2022-08-22T15:21:32","date_gmt":"2022-08-22T13:21:32","guid":{"rendered":"https:\/\/legrenierdelatour.be\/brocante\/?post_type=product&#038;p=3088"},"modified":"2025-08-08T18:15:33","modified_gmt":"2025-08-08T16:15:33","slug":"assiettes-a-dessertnoix-rambouillet-boch","status":"publish","type":"product","link":"https:\/\/legrenierdelatour.be\/brocante\/produit\/assiettes-a-dessertnoix-rambouillet-boch\/","title":{"rendered":"Assiettes \u00e0 dessert Bernadette Rambouillet Boch"},"content":{"rendered":"<p>5 assiettes \u00e0 dessert (19 cm de diam\u00e8tre) en parfait \u00e9t\u00e9 qui ont \u00e9t\u00e9 produitess par Boch La louvi\u00e8re pour le 125\u00e8me anniversaire de la manufacture, en 1966. Il s\u2019agit de la collection Bernadette Rambouillet.<\/p>\n<div>\n<p>Elles sont vendues \u00e0 la pi\u00e8ce pour 3\u20ac.<\/p>\n<div>\n<div>R\u00e9f 13.96<\/div>\n<\/div>\n<\/div>\n","protected":false},"excerpt":{"rendered":"<p>5 assiettes \u00e0 dessert (19 cm de diam\u00e8tre) en parfait \u00e9t\u00e9 qui ont \u00e9t\u00e9 produitess par Boch La louvi\u00e8re pour le 125\u00e8me anniversaire de la manufacture, en 1966. Il s\u2019agit de la collection Bernadette Rambouillet. Elles sont vendues \u00e0 la pi\u00e8ce pour 3\u20ac. R\u00e9f 13.96<\/p>\n","protected":false},"featured_media":3081,"comment_status":"open","ping_status":"closed","template":"","meta":{"neve_meta_sidebar":"","neve_meta_container":"","neve_meta_enable_content_width":"off","neve_meta_content_width":100,"neve_meta_title_alignment":"","neve_meta_author_avatar":"","neve_post_elements_order":"","neve_meta_disable_header":"","neve_meta_disable_footer":"","neve_meta_disable_title":""},"product_brand":[],"product_cat":[37,175,172,16],"product_tag":[40,20,19,28],"class_list":{"0":"post-3088","1":"product","2":"type-product","3":"status-publish","4":"has-post-thumbnail","6":"product_cat-belgique","7":"product_cat-boch","8":"product_cat-en-cuisine","9":"product_cat-ceramique","10":"product_tag-belgique","11":"product_tag-boch","12":"product_tag-faience","13":"product_tag-vintage","15":"first","16":"instock","17":"shipping-taxable","18":"purchasable","19":"product-type-simple"},"_links":{"self":[{"href":"https:\/\/legrenierdelatour.be\/brocante\/wp-json\/wp\/v2\/product\/3088","targetHints":{"allow":["GET"]}}],"collection":[{"href":"https:\/\/legrenierdelatour.be\/brocante\/wp-json\/wp\/v2\/product"}],"about":[{"href":"https:\/\/legrenierdelatour.be\/brocante\/wp-json\/wp\/v2\/types\/product"}],"replies":[{"embeddable":true,"href":"https:\/\/legrenierdelatour.be\/brocante\/wp-json\/wp\/v2\/comments?post=3088"}],"wp:featuredmedia":[{"embeddable":true,"href":"https:\/\/legrenierdelatour.be\/brocante\/wp-json\/wp\/v2\/media\/3081"}],"wp:attachment":[{"href":"https:\/\/legrenierdelatour.be\/brocante\/wp-json\/wp\/v2\/media?parent=3088"}],"wp:term":[{"taxonomy":"product_brand","embeddable":true,"href":"https:\/\/legrenierdelatour.be\/brocante\/wp-json\/wp\/v2\/product_brand?post=3088"},{"taxonomy":"product_cat","embeddable":true,"href":"https:\/\/legrenierdelatour.be\/brocante\/wp-json\/wp\/v2\/product_cat?post=3088"},{"taxonomy":"product_tag","embeddable":true,"href":"https:\/\/legrenierdelatour.be\/brocante\/wp-json\/wp\/v2\/product_tag?post=3088"}],"curies":[{"name":"wp","href":"https:\/\/api.w.org\/{rel}","templated":true}]}}