{"id":3076,"date":"2022-08-22T15:14:06","date_gmt":"2022-08-22T13:14:06","guid":{"rendered":"https:\/\/legrenierdelatour.be\/brocante\/?post_type=product&#038;p=3076"},"modified":"2022-08-22T15:14:06","modified_gmt":"2022-08-22T13:14:06","slug":"cafetiere-cora-seltmann-weiden-bavaria","status":"publish","type":"product","link":"https:\/\/legrenierdelatour.be\/brocante\/produit\/cafetiere-cora-seltmann-weiden-bavaria\/","title":{"rendered":"Cafeti\u00e8re Cora Seltmann Weiden Bavaria"},"content":{"rendered":"<p>Belle cafeti\u00e8re (20 cm de haut avec couvercle) en porcelaine de la forme Cora. Cette cafeti\u00e8re en parfait \u00e9tat a \u00e9t\u00e9 produite par Seltmann Weiden (depuis 1910) en Bavi\u00e8re dans les ann\u00e9es 1970.<\/p>\n<div>R\u00e9f 13.93<\/div>\n","protected":false},"excerpt":{"rendered":"<p>Belle cafeti\u00e8re (20 cm de haut avec couvercle) en porcelaine de la forme Cora. Cette cafeti\u00e8re en parfait \u00e9tat a \u00e9t\u00e9 produite par Seltmann Weiden (depuis 1910) en Bavi\u00e8re dans les ann\u00e9es 1970. R\u00e9f 13.93<\/p>\n","protected":false},"featured_media":3067,"comment_status":"open","ping_status":"closed","template":"","meta":{"neve_meta_sidebar":"","neve_meta_container":"","neve_meta_enable_content_width":"off","neve_meta_content_width":100,"neve_meta_title_alignment":"","neve_meta_author_avatar":"","neve_post_elements_order":"","neve_meta_disable_header":"","neve_meta_disable_footer":"","neve_meta_disable_title":""},"product_brand":[],"product_cat":[48,168,172,16],"product_tag":[154,74,28],"class_list":{"0":"post-3076","1":"product","2":"type-product","3":"status-publish","4":"has-post-thumbnail","6":"product_cat-allemagne","7":"product_cat-bavaria","8":"product_cat-en-cuisine","9":"product_cat-ceramique","10":"product_tag-bavaria","11":"product_tag-porcelaine","12":"product_tag-vintage","14":"first","15":"instock","16":"shipping-taxable","17":"purchasable","18":"product-type-simple"},"_links":{"self":[{"href":"https:\/\/legrenierdelatour.be\/brocante\/wp-json\/wp\/v2\/product\/3076","targetHints":{"allow":["GET"]}}],"collection":[{"href":"https:\/\/legrenierdelatour.be\/brocante\/wp-json\/wp\/v2\/product"}],"about":[{"href":"https:\/\/legrenierdelatour.be\/brocante\/wp-json\/wp\/v2\/types\/product"}],"replies":[{"embeddable":true,"href":"https:\/\/legrenierdelatour.be\/brocante\/wp-json\/wp\/v2\/comments?post=3076"}],"wp:featuredmedia":[{"embeddable":true,"href":"https:\/\/legrenierdelatour.be\/brocante\/wp-json\/wp\/v2\/media\/3067"}],"wp:attachment":[{"href":"https:\/\/legrenierdelatour.be\/brocante\/wp-json\/wp\/v2\/media?parent=3076"}],"wp:term":[{"taxonomy":"product_brand","embeddable":true,"href":"https:\/\/legrenierdelatour.be\/brocante\/wp-json\/wp\/v2\/product_brand?post=3076"},{"taxonomy":"product_cat","embeddable":true,"href":"https:\/\/legrenierdelatour.be\/brocante\/wp-json\/wp\/v2\/product_cat?post=3076"},{"taxonomy":"product_tag","embeddable":true,"href":"https:\/\/legrenierdelatour.be\/brocante\/wp-json\/wp\/v2\/product_tag?post=3076"}],"curies":[{"name":"wp","href":"https:\/\/api.w.org\/{rel}","templated":true}]}}