{"id":3049,"date":"2022-08-17T14:14:27","date_gmt":"2022-08-17T12:14:27","guid":{"rendered":"https:\/\/legrenierdelatour.be\/brocante\/?post_type=product&#038;p=3049"},"modified":"2022-08-17T17:50:33","modified_gmt":"2022-08-17T15:50:33","slug":"vase-bleu-324-coldplayer-hubert-bequet","status":"publish","type":"product","link":"https:\/\/legrenierdelatour.be\/brocante\/produit\/vase-bleu-324-coldplayer-hubert-bequet\/","title":{"rendered":"Vase bleu \u00ab\u00a0324 Coldplayer\u00a0\u00bb"},"content":{"rendered":"<p>Petite cruche (14 cm de haut) avec d\u00e9cor de fleurs bleues. Il est en bon \u00e9tat si ce n\u2019est quelques craquelures d\u2019\u00e2ge. \u00ab\u00a0324 Coldplayer.\u00a0\u00bb est not\u00e9 en dor\u00e9 sous la base, et date sans doute des ann\u00e9es 1950.<\/p>\n<div>R\u00e9f 13.80<\/div>\n","protected":false},"excerpt":{"rendered":"<p>Petite cruche (14 cm de haut) avec d\u00e9cor de fleurs bleues. Il est en bon \u00e9tat si ce n\u2019est quelques craquelures d\u2019\u00e2ge. \u00ab\u00a0324 Coldplayer.\u00a0\u00bb est not\u00e9 en dor\u00e9 sous la base, et date sans doute des ann\u00e9es 1950. R\u00e9f 13.80<\/p>\n","protected":false},"featured_media":3034,"comment_status":"open","ping_status":"closed","template":"","meta":{"neve_meta_sidebar":"","neve_meta_container":"","neve_meta_enable_content_width":"off","neve_meta_content_width":100,"neve_meta_title_alignment":"","neve_meta_author_avatar":"","neve_post_elements_order":"","neve_meta_disable_header":"","neve_meta_disable_footer":"","neve_meta_disable_title":""},"product_brand":[],"product_cat":[37,16,36],"product_tag":[40,19,38],"class_list":{"0":"post-3049","1":"product","2":"type-product","3":"status-publish","4":"has-post-thumbnail","6":"product_cat-belgique","7":"product_cat-ceramique","8":"product_cat-hubert-bequet","9":"product_tag-belgique","10":"product_tag-faience","11":"product_tag-hubert-bequet","13":"first","14":"instock","15":"shipping-taxable","16":"purchasable","17":"product-type-simple"},"_links":{"self":[{"href":"https:\/\/legrenierdelatour.be\/brocante\/wp-json\/wp\/v2\/product\/3049","targetHints":{"allow":["GET"]}}],"collection":[{"href":"https:\/\/legrenierdelatour.be\/brocante\/wp-json\/wp\/v2\/product"}],"about":[{"href":"https:\/\/legrenierdelatour.be\/brocante\/wp-json\/wp\/v2\/types\/product"}],"replies":[{"embeddable":true,"href":"https:\/\/legrenierdelatour.be\/brocante\/wp-json\/wp\/v2\/comments?post=3049"}],"wp:featuredmedia":[{"embeddable":true,"href":"https:\/\/legrenierdelatour.be\/brocante\/wp-json\/wp\/v2\/media\/3034"}],"wp:attachment":[{"href":"https:\/\/legrenierdelatour.be\/brocante\/wp-json\/wp\/v2\/media?parent=3049"}],"wp:term":[{"taxonomy":"product_brand","embeddable":true,"href":"https:\/\/legrenierdelatour.be\/brocante\/wp-json\/wp\/v2\/product_brand?post=3049"},{"taxonomy":"product_cat","embeddable":true,"href":"https:\/\/legrenierdelatour.be\/brocante\/wp-json\/wp\/v2\/product_cat?post=3049"},{"taxonomy":"product_tag","embeddable":true,"href":"https:\/\/legrenierdelatour.be\/brocante\/wp-json\/wp\/v2\/product_tag?post=3049"}],"curies":[{"name":"wp","href":"https:\/\/api.w.org\/{rel}","templated":true}]}}