{"id":3029,"date":"2022-08-16T14:09:37","date_gmt":"2022-08-16T12:09:37","guid":{"rendered":"https:\/\/legrenierdelatour.be\/brocante\/?post_type=product&#038;p=3029"},"modified":"2022-08-16T14:10:09","modified_gmt":"2022-08-16T12:10:09","slug":"bonbonniere-en-faience-bleu-nuit-et-or","status":"publish","type":"product","link":"https:\/\/legrenierdelatour.be\/brocante\/produit\/bonbonniere-en-faience-bleu-nuit-et-or\/","title":{"rendered":"Bonbonni\u00e8re en fa\u00efence bleu nuit et or"},"content":{"rendered":"<p>Belle bonbonni\u00e8re en fa\u00efence (16 cm de diam\u00e8tre) de couleur bleu nuit et or. Pas de marque visible, mais elle est en tr\u00e8s bon \u00e9tat.<\/p>\n<div>R\u00e9f 13.77<\/div>\n","protected":false},"excerpt":{"rendered":"<p>Belle bonbonni\u00e8re en fa\u00efence (16 cm de diam\u00e8tre) de couleur bleu nuit et or. Pas de marque visible, mais elle est en tr\u00e8s bon \u00e9tat. R\u00e9f 13.77<\/p>\n","protected":false},"featured_media":3022,"comment_status":"open","ping_status":"closed","template":"","meta":{"neve_meta_sidebar":"","neve_meta_container":"","neve_meta_enable_content_width":"off","neve_meta_content_width":100,"neve_meta_title_alignment":"","neve_meta_author_avatar":"","neve_post_elements_order":"","neve_meta_disable_header":"","neve_meta_disable_footer":"","neve_meta_disable_title":""},"product_brand":[],"product_cat":[16],"product_tag":[21,19],"class_list":{"0":"post-3029","1":"product","2":"type-product","3":"status-publish","4":"has-post-thumbnail","6":"product_cat-ceramique","7":"product_tag-art-deco","8":"product_tag-faience","10":"first","11":"instock","12":"shipping-taxable","13":"purchasable","14":"product-type-simple"},"_links":{"self":[{"href":"https:\/\/legrenierdelatour.be\/brocante\/wp-json\/wp\/v2\/product\/3029","targetHints":{"allow":["GET"]}}],"collection":[{"href":"https:\/\/legrenierdelatour.be\/brocante\/wp-json\/wp\/v2\/product"}],"about":[{"href":"https:\/\/legrenierdelatour.be\/brocante\/wp-json\/wp\/v2\/types\/product"}],"replies":[{"embeddable":true,"href":"https:\/\/legrenierdelatour.be\/brocante\/wp-json\/wp\/v2\/comments?post=3029"}],"wp:featuredmedia":[{"embeddable":true,"href":"https:\/\/legrenierdelatour.be\/brocante\/wp-json\/wp\/v2\/media\/3022"}],"wp:attachment":[{"href":"https:\/\/legrenierdelatour.be\/brocante\/wp-json\/wp\/v2\/media?parent=3029"}],"wp:term":[{"taxonomy":"product_brand","embeddable":true,"href":"https:\/\/legrenierdelatour.be\/brocante\/wp-json\/wp\/v2\/product_brand?post=3029"},{"taxonomy":"product_cat","embeddable":true,"href":"https:\/\/legrenierdelatour.be\/brocante\/wp-json\/wp\/v2\/product_cat?post=3029"},{"taxonomy":"product_tag","embeddable":true,"href":"https:\/\/legrenierdelatour.be\/brocante\/wp-json\/wp\/v2\/product_tag?post=3029"}],"curies":[{"name":"wp","href":"https:\/\/api.w.org\/{rel}","templated":true}]}}