{"id":3005,"date":"2022-08-14T13:44:36","date_gmt":"2022-08-14T11:44:36","guid":{"rendered":"https:\/\/legrenierdelatour.be\/brocante\/?post_type=product&#038;p=3005"},"modified":"2022-08-14T13:44:36","modified_gmt":"2022-08-14T11:44:36","slug":"berceau-de-poupee-fin-19e-debut-20e","status":"publish","type":"product","link":"https:\/\/legrenierdelatour.be\/brocante\/produit\/berceau-de-poupee-fin-19e-debut-20e\/","title":{"rendered":"Berceau de poup\u00e9e fin 19\u00e8-d\u00e9but 20\u00e8"},"content":{"rendered":"<p>Ancien berceau de poup\u00e9e (45 cm de long) en fil de m\u00e9tal, datant sans doute de la fin du XIX\u00e8 &#8211; d\u00e9but du XX\u00e8 si\u00e8cle, en assez bon \u00e9tat, de couleur rose (la peinture est enlev\u00e9e par endroits), avec col de cygne. Il a sans doute \u00e9t\u00e9 produit artisanalement en France.<\/p>\n<div>R\u00e9f 13.68<\/div>\n","protected":false},"excerpt":{"rendered":"<p>Ancien berceau de poup\u00e9e (45 cm de long) en fil de m\u00e9tal, datant sans doute de la fin du XIX\u00e8 &#8211; d\u00e9but du XX\u00e8 si\u00e8cle, en assez bon \u00e9tat, de couleur rose (la peinture est enlev\u00e9e par endroits), avec col de cygne. Il a sans doute \u00e9t\u00e9 produit artisanalement en France. R\u00e9f 13.68<\/p>\n","protected":false},"featured_media":2997,"comment_status":"open","ping_status":"closed","template":"","meta":{"neve_meta_sidebar":"","neve_meta_container":"","neve_meta_enable_content_width":"off","neve_meta_content_width":100,"neve_meta_title_alignment":"","neve_meta_author_avatar":"","neve_post_elements_order":"","neve_meta_disable_header":"","neve_meta_disable_footer":"","neve_meta_disable_title":""},"product_brand":[],"product_cat":[171],"product_tag":[119,120],"class_list":{"0":"post-3005","1":"product","2":"type-product","3":"status-publish","4":"has-post-thumbnail","6":"product_cat-jeux-et-jardin","7":"product_tag-enfant","8":"product_tag-jeu","10":"first","11":"instock","12":"shipping-taxable","13":"purchasable","14":"product-type-simple"},"_links":{"self":[{"href":"https:\/\/legrenierdelatour.be\/brocante\/wp-json\/wp\/v2\/product\/3005","targetHints":{"allow":["GET"]}}],"collection":[{"href":"https:\/\/legrenierdelatour.be\/brocante\/wp-json\/wp\/v2\/product"}],"about":[{"href":"https:\/\/legrenierdelatour.be\/brocante\/wp-json\/wp\/v2\/types\/product"}],"replies":[{"embeddable":true,"href":"https:\/\/legrenierdelatour.be\/brocante\/wp-json\/wp\/v2\/comments?post=3005"}],"wp:featuredmedia":[{"embeddable":true,"href":"https:\/\/legrenierdelatour.be\/brocante\/wp-json\/wp\/v2\/media\/2997"}],"wp:attachment":[{"href":"https:\/\/legrenierdelatour.be\/brocante\/wp-json\/wp\/v2\/media?parent=3005"}],"wp:term":[{"taxonomy":"product_brand","embeddable":true,"href":"https:\/\/legrenierdelatour.be\/brocante\/wp-json\/wp\/v2\/product_brand?post=3005"},{"taxonomy":"product_cat","embeddable":true,"href":"https:\/\/legrenierdelatour.be\/brocante\/wp-json\/wp\/v2\/product_cat?post=3005"},{"taxonomy":"product_tag","embeddable":true,"href":"https:\/\/legrenierdelatour.be\/brocante\/wp-json\/wp\/v2\/product_tag?post=3005"}],"curies":[{"name":"wp","href":"https:\/\/api.w.org\/{rel}","templated":true}]}}