{"id":2978,"date":"2022-08-12T15:12:32","date_gmt":"2022-08-12T13:12:32","guid":{"rendered":"https:\/\/legrenierdelatour.be\/brocante\/?post_type=product&#038;p=2978"},"modified":"2022-08-12T15:12:32","modified_gmt":"2022-08-12T13:12:32","slug":"statuette-de-chinois-chine-xxe-siecle","status":"publish","type":"product","link":"https:\/\/legrenierdelatour.be\/brocante\/produit\/statuette-de-chinois-chine-xxe-siecle\/","title":{"rendered":"Statuette de Chinois, Chine XX\u00e8 si\u00e8cle"},"content":{"rendered":"<p>Petite statuette repr\u00e9sentant un Chinois (10 cm de haut) produite probablement apr\u00e8s 1949 pour l\u2019exportation ou magasin de souvenir (CHINA en caract\u00e8res latins). Il s\u2019agit d\u2019un vieillard \u00e0 l\u2019\u00e9ventail (\u00e9ventail l\u00e9g\u00e8rement ab\u00eem\u00e9), symbole de sagesse et de noblesse. Les couleurs reprennent les couleurs dites \u00ab sancai\u00a0\u00bb \u00ab\u00a0trois couleurs\u00a0\u00bb qui \u00e9taient typiques des c\u00e9ramiques Tang (7\u00e8-10\u00e8 si\u00e8cles). Expertise par Laurence Bernard, experte d\u2019art chinois.<\/p>\n<div>R\u00e9f 13.63<\/div>\n","protected":false},"excerpt":{"rendered":"<p>Petite statuette repr\u00e9sentant un Chinois (10 cm de haut) produite probablement apr\u00e8s 1949 pour l\u2019exportation ou magasin de souvenir (CHINA en caract\u00e8res latins). Il s\u2019agit d\u2019un vieillard \u00e0 l\u2019\u00e9ventail (\u00e9ventail l\u00e9g\u00e8rement ab\u00eem\u00e9), symbole de sagesse et de noblesse. Les couleurs reprennent les couleurs dites \u00ab sancai\u00a0\u00bb \u00ab\u00a0trois couleurs\u00a0\u00bb qui \u00e9taient typiques des c\u00e9ramiques Tang (7\u00e8-10\u00e8&hellip;&nbsp;<a href=\"https:\/\/legrenierdelatour.be\/brocante\/produit\/statuette-de-chinois-chine-xxe-siecle\/\" class=\"\" rel=\"bookmark\">Lire la suite &raquo;<span class=\"screen-reader-text\">Statuette de Chinois, Chine XX\u00e8 si\u00e8cle<\/span><\/a><\/p>\n","protected":false},"featured_media":2952,"comment_status":"open","ping_status":"closed","template":"","meta":{"neve_meta_sidebar":"","neve_meta_container":"","neve_meta_enable_content_width":"off","neve_meta_content_width":100,"neve_meta_title_alignment":"","neve_meta_author_avatar":"","neve_post_elements_order":"","neve_meta_disable_header":"","neve_meta_disable_footer":"","neve_meta_disable_title":""},"product_brand":[],"product_cat":[16,167],"product_tag":[21,19],"class_list":{"0":"post-2978","1":"product","2":"type-product","3":"status-publish","4":"has-post-thumbnail","6":"product_cat-ceramique","7":"product_cat-peintures-et-sculptures","8":"product_tag-art-deco","9":"product_tag-faience","11":"first","12":"instock","13":"shipping-taxable","14":"purchasable","15":"product-type-simple"},"_links":{"self":[{"href":"https:\/\/legrenierdelatour.be\/brocante\/wp-json\/wp\/v2\/product\/2978","targetHints":{"allow":["GET"]}}],"collection":[{"href":"https:\/\/legrenierdelatour.be\/brocante\/wp-json\/wp\/v2\/product"}],"about":[{"href":"https:\/\/legrenierdelatour.be\/brocante\/wp-json\/wp\/v2\/types\/product"}],"replies":[{"embeddable":true,"href":"https:\/\/legrenierdelatour.be\/brocante\/wp-json\/wp\/v2\/comments?post=2978"}],"wp:featuredmedia":[{"embeddable":true,"href":"https:\/\/legrenierdelatour.be\/brocante\/wp-json\/wp\/v2\/media\/2952"}],"wp:attachment":[{"href":"https:\/\/legrenierdelatour.be\/brocante\/wp-json\/wp\/v2\/media?parent=2978"}],"wp:term":[{"taxonomy":"product_brand","embeddable":true,"href":"https:\/\/legrenierdelatour.be\/brocante\/wp-json\/wp\/v2\/product_brand?post=2978"},{"taxonomy":"product_cat","embeddable":true,"href":"https:\/\/legrenierdelatour.be\/brocante\/wp-json\/wp\/v2\/product_cat?post=2978"},{"taxonomy":"product_tag","embeddable":true,"href":"https:\/\/legrenierdelatour.be\/brocante\/wp-json\/wp\/v2\/product_tag?post=2978"}],"curies":[{"name":"wp","href":"https:\/\/api.w.org\/{rel}","templated":true}]}}