{"id":2970,"date":"2022-08-11T16:53:38","date_gmt":"2022-08-11T14:53:38","guid":{"rendered":"https:\/\/legrenierdelatour.be\/brocante\/?post_type=product&#038;p=2970"},"modified":"2022-08-11T16:53:38","modified_gmt":"2022-08-11T14:53:38","slug":"plat-a-tarte-epis-gien-vintage","status":"publish","type":"product","link":"https:\/\/legrenierdelatour.be\/brocante\/produit\/plat-a-tarte-epis-gien-vintage\/","title":{"rendered":"Plat \u00e0 tarte \u00ab\u00a0Epis\u00a0\u00bb Gien Vintage"},"content":{"rendered":"<p>Beau plat \u00e0 tarte (33 cm de diam\u00e8tre) de la maunfacture Gien (1875-1983) en France. Avec son d\u00e9cor vintage, il est en parfait \u00e9tat si ce n\u2019est quelques craquelures d\u2019\u00e2ge, et date sans doute des ann\u00e9es 1960.<\/p>\n<div>R\u00e9f 13.61<\/div>\n","protected":false},"excerpt":{"rendered":"<p>Beau plat \u00e0 tarte (33 cm de diam\u00e8tre) de la maunfacture Gien (1875-1983) en France. Avec son d\u00e9cor vintage, il est en parfait \u00e9tat si ce n\u2019est quelques craquelures d\u2019\u00e2ge, et date sans doute des ann\u00e9es 1960. R\u00e9f 13.61<\/p>\n","protected":false},"featured_media":2945,"comment_status":"open","ping_status":"closed","template":"","meta":{"neve_meta_sidebar":"","neve_meta_container":"","neve_meta_enable_content_width":"off","neve_meta_content_width":100,"neve_meta_title_alignment":"","neve_meta_author_avatar":"","neve_post_elements_order":"","neve_meta_disable_header":"","neve_meta_disable_footer":"","neve_meta_disable_title":""},"product_brand":[],"product_cat":[172,16,59],"product_tag":[19,199,28],"class_list":{"0":"post-2970","1":"product","2":"type-product","3":"status-publish","4":"has-post-thumbnail","6":"product_cat-en-cuisine","7":"product_cat-ceramique","8":"product_cat-france","9":"product_tag-faience","10":"product_tag-gien","11":"product_tag-vintage","13":"first","14":"instock","15":"shipping-taxable","16":"purchasable","17":"product-type-simple"},"_links":{"self":[{"href":"https:\/\/legrenierdelatour.be\/brocante\/wp-json\/wp\/v2\/product\/2970","targetHints":{"allow":["GET"]}}],"collection":[{"href":"https:\/\/legrenierdelatour.be\/brocante\/wp-json\/wp\/v2\/product"}],"about":[{"href":"https:\/\/legrenierdelatour.be\/brocante\/wp-json\/wp\/v2\/types\/product"}],"replies":[{"embeddable":true,"href":"https:\/\/legrenierdelatour.be\/brocante\/wp-json\/wp\/v2\/comments?post=2970"}],"wp:featuredmedia":[{"embeddable":true,"href":"https:\/\/legrenierdelatour.be\/brocante\/wp-json\/wp\/v2\/media\/2945"}],"wp:attachment":[{"href":"https:\/\/legrenierdelatour.be\/brocante\/wp-json\/wp\/v2\/media?parent=2970"}],"wp:term":[{"taxonomy":"product_brand","embeddable":true,"href":"https:\/\/legrenierdelatour.be\/brocante\/wp-json\/wp\/v2\/product_brand?post=2970"},{"taxonomy":"product_cat","embeddable":true,"href":"https:\/\/legrenierdelatour.be\/brocante\/wp-json\/wp\/v2\/product_cat?post=2970"},{"taxonomy":"product_tag","embeddable":true,"href":"https:\/\/legrenierdelatour.be\/brocante\/wp-json\/wp\/v2\/product_tag?post=2970"}],"curies":[{"name":"wp","href":"https:\/\/api.w.org\/{rel}","templated":true}]}}