{"id":2965,"date":"2022-08-11T14:14:10","date_gmt":"2022-08-11T12:14:10","guid":{"rendered":"https:\/\/legrenierdelatour.be\/brocante\/?post_type=product&#038;p=2965"},"modified":"2022-08-11T14:15:25","modified_gmt":"2022-08-11T12:15:25","slug":"verre-a-liqueur-verre-rose-art-deco","status":"publish","type":"product","link":"https:\/\/legrenierdelatour.be\/brocante\/produit\/verre-a-liqueur-verre-rose-art-deco\/","title":{"rendered":"Verre \u00e0 liqueur verre rose Art d\u00e9co"},"content":{"rendered":"<p>Petit verre \u00e0 liqueur (5 cm de haut) en verre rose, peut-\u00eatre une production fran\u00e7aise ou de Luxval en Belgique. Il date sans doute des ann\u00e9es 1950 et est en parfait \u00e9tat.<\/p>\n<div>R\u00e9f 13.56<\/div>\n","protected":false},"excerpt":{"rendered":"<p>Petit verre \u00e0 liqueur (5 cm de haut) en verre rose, peut-\u00eatre une production fran\u00e7aise ou de Luxval en Belgique. Il date sans doute des ann\u00e9es 1950 et est en parfait \u00e9tat. R\u00e9f 13.56<\/p>\n","protected":false},"featured_media":2942,"comment_status":"open","ping_status":"closed","template":"","meta":{"neve_meta_sidebar":"","neve_meta_container":"","neve_meta_enable_content_width":"off","neve_meta_content_width":100,"neve_meta_title_alignment":"","neve_meta_author_avatar":"","neve_post_elements_order":"","neve_meta_disable_header":"","neve_meta_disable_footer":"","neve_meta_disable_title":""},"product_brand":[],"product_cat":[172,22],"product_tag":[21,28],"class_list":{"0":"post-2965","1":"product","2":"type-product","3":"status-publish","4":"has-post-thumbnail","6":"product_cat-en-cuisine","7":"product_cat-verrerie","8":"product_tag-art-deco","9":"product_tag-vintage","11":"first","12":"instock","13":"shipping-taxable","14":"purchasable","15":"product-type-simple"},"_links":{"self":[{"href":"https:\/\/legrenierdelatour.be\/brocante\/wp-json\/wp\/v2\/product\/2965","targetHints":{"allow":["GET"]}}],"collection":[{"href":"https:\/\/legrenierdelatour.be\/brocante\/wp-json\/wp\/v2\/product"}],"about":[{"href":"https:\/\/legrenierdelatour.be\/brocante\/wp-json\/wp\/v2\/types\/product"}],"replies":[{"embeddable":true,"href":"https:\/\/legrenierdelatour.be\/brocante\/wp-json\/wp\/v2\/comments?post=2965"}],"wp:featuredmedia":[{"embeddable":true,"href":"https:\/\/legrenierdelatour.be\/brocante\/wp-json\/wp\/v2\/media\/2942"}],"wp:attachment":[{"href":"https:\/\/legrenierdelatour.be\/brocante\/wp-json\/wp\/v2\/media?parent=2965"}],"wp:term":[{"taxonomy":"product_brand","embeddable":true,"href":"https:\/\/legrenierdelatour.be\/brocante\/wp-json\/wp\/v2\/product_brand?post=2965"},{"taxonomy":"product_cat","embeddable":true,"href":"https:\/\/legrenierdelatour.be\/brocante\/wp-json\/wp\/v2\/product_cat?post=2965"},{"taxonomy":"product_tag","embeddable":true,"href":"https:\/\/legrenierdelatour.be\/brocante\/wp-json\/wp\/v2\/product_tag?post=2965"}],"curies":[{"name":"wp","href":"https:\/\/api.w.org\/{rel}","templated":true}]}}