{"id":294,"date":"2022-02-15T12:37:18","date_gmt":"2022-02-15T11:37:18","guid":{"rendered":"https:\/\/legrenierdelatour.be\/brocante\/?post_type=product&#038;p=294"},"modified":"2022-06-05T21:18:08","modified_gmt":"2022-06-05T19:18:08","slug":"aiguiere-smyrne-hubert-bequet","status":"publish","type":"product","link":"https:\/\/legrenierdelatour.be\/brocante\/produit\/aiguiere-smyrne-hubert-bequet\/","title":{"rendered":"Aigui\u00e8re 683 \u00ab\u00a0Smyrne\u00a0\u00bb Hubert Bequet"},"content":{"rendered":"<p>Aigui\u00e8re (37,5 cm haut) en fa\u00efence peinte \u00e0 la main du d\u00e9cor \u00ab\u00a0Smyrne\u00a0\u00bb, produite par la fa\u00efencerie Hubert Bequet Quaregnon sans doute dans les ann\u00e9es 1960-1976.<\/p>\n<p>Le d\u00e9cor est en partie grav\u00e9 et rehauss\u00e9 de peintures et dorures, sans doute par l&rsquo;artisan peintre qui a sign\u00e9 \u00ab\u00a0Y\u00a0\u00bb.<\/p>\n<p>Poin\u00e7on en relief, ainsi que le num\u00e9ro de mod\u00e8le \u00ab\u00a0683\u00a0\u00bb et le chiffre 2 en creux.<\/p>\n<p>R\u00e9f 1.67<\/p>\n","protected":false},"excerpt":{"rendered":"<p>Aigui\u00e8re (37,5 cm haut) en fa\u00efence peinte \u00e0 la main du d\u00e9cor \u00ab\u00a0Smyrne\u00a0\u00bb, produite par la fa\u00efencerie Hubert Bequet Quaregnon sans doute dans les ann\u00e9es 1960-1976. Le d\u00e9cor est en partie grav\u00e9 et rehauss\u00e9 de peintures et dorures, sans doute par l&rsquo;artisan peintre qui a sign\u00e9 \u00ab\u00a0Y\u00a0\u00bb. Poin\u00e7on en relief, ainsi que le num\u00e9ro de&hellip;&nbsp;<a href=\"https:\/\/legrenierdelatour.be\/brocante\/produit\/aiguiere-smyrne-hubert-bequet\/\" class=\"\" rel=\"bookmark\">Lire la suite &raquo;<span class=\"screen-reader-text\">Aigui\u00e8re 683 \u00ab\u00a0Smyrne\u00a0\u00bb Hubert Bequet<\/span><\/a><\/p>\n","protected":false},"featured_media":295,"comment_status":"open","ping_status":"closed","template":"","meta":{"neve_meta_sidebar":"","neve_meta_container":"","neve_meta_enable_content_width":"off","neve_meta_content_width":100,"neve_meta_title_alignment":"","neve_meta_author_avatar":"","neve_post_elements_order":"","neve_meta_disable_header":"","neve_meta_disable_footer":"","neve_meta_disable_title":""},"product_brand":[],"product_cat":[15,37,16,36],"product_tag":[19,38,39],"class_list":{"0":"post-294","1":"product","2":"type-product","3":"status-publish","4":"has-post-thumbnail","6":"product_cat-non-classe","7":"product_cat-belgique","8":"product_cat-ceramique","9":"product_cat-hubert-bequet","10":"product_tag-faience","11":"product_tag-hubert-bequet","12":"product_tag-quaregnon","14":"first","15":"instock","16":"shipping-taxable","17":"purchasable","18":"product-type-simple"},"_links":{"self":[{"href":"https:\/\/legrenierdelatour.be\/brocante\/wp-json\/wp\/v2\/product\/294","targetHints":{"allow":["GET"]}}],"collection":[{"href":"https:\/\/legrenierdelatour.be\/brocante\/wp-json\/wp\/v2\/product"}],"about":[{"href":"https:\/\/legrenierdelatour.be\/brocante\/wp-json\/wp\/v2\/types\/product"}],"replies":[{"embeddable":true,"href":"https:\/\/legrenierdelatour.be\/brocante\/wp-json\/wp\/v2\/comments?post=294"}],"wp:featuredmedia":[{"embeddable":true,"href":"https:\/\/legrenierdelatour.be\/brocante\/wp-json\/wp\/v2\/media\/295"}],"wp:attachment":[{"href":"https:\/\/legrenierdelatour.be\/brocante\/wp-json\/wp\/v2\/media?parent=294"}],"wp:term":[{"taxonomy":"product_brand","embeddable":true,"href":"https:\/\/legrenierdelatour.be\/brocante\/wp-json\/wp\/v2\/product_brand?post=294"},{"taxonomy":"product_cat","embeddable":true,"href":"https:\/\/legrenierdelatour.be\/brocante\/wp-json\/wp\/v2\/product_cat?post=294"},{"taxonomy":"product_tag","embeddable":true,"href":"https:\/\/legrenierdelatour.be\/brocante\/wp-json\/wp\/v2\/product_tag?post=294"}],"curies":[{"name":"wp","href":"https:\/\/api.w.org\/{rel}","templated":true}]}}