{"id":2896,"date":"2022-08-05T16:34:59","date_gmt":"2022-08-05T14:34:59","guid":{"rendered":"https:\/\/legrenierdelatour.be\/brocante\/?post_type=product&#038;p=2896"},"modified":"2022-08-05T16:34:59","modified_gmt":"2022-08-05T14:34:59","slug":"medaille-magnetique-de-saint-christophe","status":"publish","type":"product","link":"https:\/\/legrenierdelatour.be\/brocante\/produit\/medaille-magnetique-de-saint-christophe\/","title":{"rendered":"M\u00e9daille magn\u00e9tique de Saint Christophe"},"content":{"rendered":"<p>M\u00e9daille de Saint Christophe portant le Christ (3,3 cm de diam\u00e8tre) avec syst\u00e8me magn\u00e9tique. Ce type de m\u00e9daille \u00e9tait souvent aapliqu\u00e9 dans les voitures, pour prot\u00e9ger ses occupants. Elle date probablement des ann\u00e9es 1970-80.<\/p>\n<div>R\u00e9f 13.40<\/div>\n","protected":false},"excerpt":{"rendered":"<p>M\u00e9daille de Saint Christophe portant le Christ (3,3 cm de diam\u00e8tre) avec syst\u00e8me magn\u00e9tique. Ce type de m\u00e9daille \u00e9tait souvent aapliqu\u00e9 dans les voitures, pour prot\u00e9ger ses occupants. Elle date probablement des ann\u00e9es 1970-80. R\u00e9f 13.40<\/p>\n","protected":false},"featured_media":2899,"comment_status":"open","ping_status":"closed","template":"","meta":{"neve_meta_sidebar":"","neve_meta_container":"","neve_meta_enable_content_width":"off","neve_meta_content_width":100,"neve_meta_title_alignment":"","neve_meta_author_avatar":"","neve_post_elements_order":"","neve_meta_disable_header":"","neve_meta_disable_footer":"","neve_meta_disable_title":""},"product_brand":[],"product_cat":[34],"product_tag":[35],"class_list":{"0":"post-2896","1":"product","2":"type-product","3":"status-publish","4":"has-post-thumbnail","6":"product_cat-religiosa","7":"product_tag-religion","9":"first","10":"instock","11":"shipping-taxable","12":"purchasable","13":"product-type-simple"},"_links":{"self":[{"href":"https:\/\/legrenierdelatour.be\/brocante\/wp-json\/wp\/v2\/product\/2896","targetHints":{"allow":["GET"]}}],"collection":[{"href":"https:\/\/legrenierdelatour.be\/brocante\/wp-json\/wp\/v2\/product"}],"about":[{"href":"https:\/\/legrenierdelatour.be\/brocante\/wp-json\/wp\/v2\/types\/product"}],"replies":[{"embeddable":true,"href":"https:\/\/legrenierdelatour.be\/brocante\/wp-json\/wp\/v2\/comments?post=2896"}],"wp:featuredmedia":[{"embeddable":true,"href":"https:\/\/legrenierdelatour.be\/brocante\/wp-json\/wp\/v2\/media\/2899"}],"wp:attachment":[{"href":"https:\/\/legrenierdelatour.be\/brocante\/wp-json\/wp\/v2\/media?parent=2896"}],"wp:term":[{"taxonomy":"product_brand","embeddable":true,"href":"https:\/\/legrenierdelatour.be\/brocante\/wp-json\/wp\/v2\/product_brand?post=2896"},{"taxonomy":"product_cat","embeddable":true,"href":"https:\/\/legrenierdelatour.be\/brocante\/wp-json\/wp\/v2\/product_cat?post=2896"},{"taxonomy":"product_tag","embeddable":true,"href":"https:\/\/legrenierdelatour.be\/brocante\/wp-json\/wp\/v2\/product_tag?post=2896"}],"curies":[{"name":"wp","href":"https:\/\/api.w.org\/{rel}","templated":true}]}}