{"id":2883,"date":"2022-08-02T10:22:25","date_gmt":"2022-08-02T08:22:25","guid":{"rendered":"https:\/\/legrenierdelatour.be\/brocante\/?post_type=product&#038;p=2883"},"modified":"2022-08-02T10:22:25","modified_gmt":"2022-08-02T08:22:25","slug":"peinture-paysage-hivernal-charles-cuzin","status":"publish","type":"product","link":"https:\/\/legrenierdelatour.be\/brocante\/produit\/peinture-paysage-hivernal-charles-cuzin\/","title":{"rendered":"Peinture paysage hivernal Charles Cuzin"},"content":{"rendered":"<p>Peinture \u00e0 l\u2019huile (47&#215;36 cm) sur panneau, sign\u00e9 de Charles Cuzin (Croissy-sur-Seine 1907-1975), peintre de Savoie. Encadreur de profession, il suit des cours de peinture aux Beaux-Arts de Paris et se consacre d\u00e8s les ann\u00e9es 1940. sa palette de peinture se caract\u00e9rise par des tons sombres et froids, et aime peindre des paysages enneig\u00e9s, des ciels tourment\u00e9s. Il peint surtout au pinceau, et ,m\u00e9ticuleux, affectionne des petites touches.<\/p>\n<div>R\u00e9f 13.37<\/div>\n","protected":false},"excerpt":{"rendered":"<p>Peinture \u00e0 l\u2019huile (47&#215;36 cm) sur panneau, sign\u00e9 de Charles Cuzin (Croissy-sur-Seine 1907-1975), peintre de Savoie. Encadreur de profession, il suit des cours de peinture aux Beaux-Arts de Paris et se consacre d\u00e8s les ann\u00e9es 1940. sa palette de peinture se caract\u00e9rise par des tons sombres et froids, et aime peindre des paysages enneig\u00e9s, des&hellip;&nbsp;<a href=\"https:\/\/legrenierdelatour.be\/brocante\/produit\/peinture-paysage-hivernal-charles-cuzin\/\" class=\"\" rel=\"bookmark\">Lire la suite &raquo;<span class=\"screen-reader-text\">Peinture paysage hivernal Charles Cuzin<\/span><\/a><\/p>\n","protected":false},"featured_media":2884,"comment_status":"open","ping_status":"closed","template":"","meta":{"neve_meta_sidebar":"","neve_meta_container":"","neve_meta_enable_content_width":"off","neve_meta_content_width":100,"neve_meta_title_alignment":"","neve_meta_author_avatar":"","neve_post_elements_order":"","neve_meta_disable_header":"","neve_meta_disable_footer":"","neve_meta_disable_title":""},"product_brand":[],"product_cat":[167],"product_tag":[79],"class_list":{"0":"post-2883","1":"product","2":"type-product","3":"status-publish","4":"has-post-thumbnail","6":"product_cat-peintures-et-sculptures","7":"product_tag-art","9":"first","10":"instock","11":"shipping-taxable","12":"purchasable","13":"product-type-simple"},"_links":{"self":[{"href":"https:\/\/legrenierdelatour.be\/brocante\/wp-json\/wp\/v2\/product\/2883","targetHints":{"allow":["GET"]}}],"collection":[{"href":"https:\/\/legrenierdelatour.be\/brocante\/wp-json\/wp\/v2\/product"}],"about":[{"href":"https:\/\/legrenierdelatour.be\/brocante\/wp-json\/wp\/v2\/types\/product"}],"replies":[{"embeddable":true,"href":"https:\/\/legrenierdelatour.be\/brocante\/wp-json\/wp\/v2\/comments?post=2883"}],"wp:featuredmedia":[{"embeddable":true,"href":"https:\/\/legrenierdelatour.be\/brocante\/wp-json\/wp\/v2\/media\/2884"}],"wp:attachment":[{"href":"https:\/\/legrenierdelatour.be\/brocante\/wp-json\/wp\/v2\/media?parent=2883"}],"wp:term":[{"taxonomy":"product_brand","embeddable":true,"href":"https:\/\/legrenierdelatour.be\/brocante\/wp-json\/wp\/v2\/product_brand?post=2883"},{"taxonomy":"product_cat","embeddable":true,"href":"https:\/\/legrenierdelatour.be\/brocante\/wp-json\/wp\/v2\/product_cat?post=2883"},{"taxonomy":"product_tag","embeddable":true,"href":"https:\/\/legrenierdelatour.be\/brocante\/wp-json\/wp\/v2\/product_tag?post=2883"}],"curies":[{"name":"wp","href":"https:\/\/api.w.org\/{rel}","templated":true}]}}