{"id":2881,"date":"2022-08-01T12:46:51","date_gmt":"2022-08-01T10:46:51","guid":{"rendered":"https:\/\/legrenierdelatour.be\/brocante\/?post_type=product&#038;p=2881"},"modified":"2023-08-11T14:39:14","modified_gmt":"2023-08-11T12:39:14","slug":"eau-forte-le-vieux-bon-dieu-de-statte-geo-warzee","status":"publish","type":"product","link":"https:\/\/legrenierdelatour.be\/brocante\/produit\/eau-forte-le-vieux-bon-dieu-de-statte-geo-warzee\/","title":{"rendered":"Eau-forte \u00ab\u00a0Le Vieux Bon Dieu de Statte\u00a0\u00bb G\u00e9o Warz\u00e9e"},"content":{"rendered":"<p>Eau-forte (49&#215;40 cm avec cadre) de G\u00e9o Warz\u00e9e (1902-1973) un artiste ayant beaucoup s\u00e9journ\u00e9 dans la Vall\u00e9e de la Semois, notamment \u00e0 Vresse. Il est tr\u00e8s connu pour ses gravures et ses eaux-fortes, son professeur \u00e9tant le graveur J. Ochs. Outre son admiration pour celui-ci, il sera \u00e9galement marqu\u00e9 par Albert Raty et le symboliste E.Laermans. Il est le fondateur du cercle culturel hutois Le Cwerneu. Cette eau-forte repr\u00e9sente Le Vieux Bon Dieu de Statte, une chapelle dans les environs de Huy.<\/p>\n<div>R\u00e9f 13.35<\/div>\n","protected":false},"excerpt":{"rendered":"<p>Eau-forte (49&#215;40 cm avec cadre) de G\u00e9o Warz\u00e9e (1902-1973) un artiste ayant beaucoup s\u00e9journ\u00e9 dans la Vall\u00e9e de la Semois, notamment \u00e0 Vresse. Il est tr\u00e8s connu pour ses gravures et ses eaux-fortes, son professeur \u00e9tant le graveur J. Ochs. Outre son admiration pour celui-ci, il sera \u00e9galement marqu\u00e9 par Albert Raty et le symboliste&hellip;&nbsp;<a href=\"https:\/\/legrenierdelatour.be\/brocante\/produit\/eau-forte-le-vieux-bon-dieu-de-statte-geo-warzee\/\" class=\"\" rel=\"bookmark\">Lire la suite &raquo;<span class=\"screen-reader-text\">Eau-forte \u00ab\u00a0Le Vieux Bon Dieu de Statte\u00a0\u00bb G\u00e9o Warz\u00e9e<\/span><\/a><\/p>\n","protected":false},"featured_media":2868,"comment_status":"open","ping_status":"closed","template":"","meta":{"neve_meta_sidebar":"","neve_meta_container":"","neve_meta_enable_content_width":"off","neve_meta_content_width":100,"neve_meta_title_alignment":"","neve_meta_author_avatar":"","neve_post_elements_order":"","neve_meta_disable_header":"","neve_meta_disable_footer":"","neve_meta_disable_title":""},"product_brand":[],"product_cat":[167],"product_tag":[79],"class_list":{"0":"post-2881","1":"product","2":"type-product","3":"status-publish","4":"has-post-thumbnail","6":"product_cat-peintures-et-sculptures","7":"product_tag-art","9":"first","10":"instock","11":"shipping-taxable","12":"purchasable","13":"product-type-simple"},"_links":{"self":[{"href":"https:\/\/legrenierdelatour.be\/brocante\/wp-json\/wp\/v2\/product\/2881","targetHints":{"allow":["GET"]}}],"collection":[{"href":"https:\/\/legrenierdelatour.be\/brocante\/wp-json\/wp\/v2\/product"}],"about":[{"href":"https:\/\/legrenierdelatour.be\/brocante\/wp-json\/wp\/v2\/types\/product"}],"replies":[{"embeddable":true,"href":"https:\/\/legrenierdelatour.be\/brocante\/wp-json\/wp\/v2\/comments?post=2881"}],"wp:featuredmedia":[{"embeddable":true,"href":"https:\/\/legrenierdelatour.be\/brocante\/wp-json\/wp\/v2\/media\/2868"}],"wp:attachment":[{"href":"https:\/\/legrenierdelatour.be\/brocante\/wp-json\/wp\/v2\/media?parent=2881"}],"wp:term":[{"taxonomy":"product_brand","embeddable":true,"href":"https:\/\/legrenierdelatour.be\/brocante\/wp-json\/wp\/v2\/product_brand?post=2881"},{"taxonomy":"product_cat","embeddable":true,"href":"https:\/\/legrenierdelatour.be\/brocante\/wp-json\/wp\/v2\/product_cat?post=2881"},{"taxonomy":"product_tag","embeddable":true,"href":"https:\/\/legrenierdelatour.be\/brocante\/wp-json\/wp\/v2\/product_tag?post=2881"}],"curies":[{"name":"wp","href":"https:\/\/api.w.org\/{rel}","templated":true}]}}