{"id":288,"date":"2022-02-15T12:22:47","date_gmt":"2022-02-15T11:22:47","guid":{"rendered":"https:\/\/legrenierdelatour.be\/brocante\/?post_type=product&#038;p=288"},"modified":"2022-05-26T18:11:53","modified_gmt":"2022-05-26T16:11:53","slug":"bonbonniere-fabiola-hubert-bequet","status":"publish","type":"product","link":"https:\/\/legrenierdelatour.be\/brocante\/produit\/bonbonniere-fabiola-hubert-bequet\/","title":{"rendered":"Bonbonni\u00e8re 505 \u00ab\u00a0Juliana\u00a0\u00bb Hubert Bequet"},"content":{"rendered":"<p>Jolie bonbonni\u00e8re (18 cm de diam\u00e8tre) produite par Hubert Bequet, Quaregnon, date de la p\u00e9riode de la \u00ab\u00a0Fa\u00efencerie artistique 1960-1976\u00a0\u00bb.<\/p>\n<p>D\u00e9cor \u00ab\u00a0Juliana\u00a0\u00bb (proche de Fabiola mais mat) r\u00e9alis\u00e9 \u00e0 la main, le mod\u00e8le sans doute \u00ab\u00a0505\u00a0\u00bb marqu\u00e9 en creux, inscription \u00e0 l&rsquo;encre 10-62, cachet couronn\u00e9 en creux de la fa\u00efencerie,\u00a0avec l\u00e9ger \u00e9clat sur un bord ext\u00e9rieur.<\/p>\n<p>R\u00e9f. 1.35<\/p>\n","protected":false},"excerpt":{"rendered":"<p>Jolie bonbonni\u00e8re (18 cm de diam\u00e8tre) produite par Hubert Bequet, Quaregnon, date de la p\u00e9riode de la \u00ab\u00a0Fa\u00efencerie artistique 1960-1976\u00a0\u00bb. D\u00e9cor \u00ab\u00a0Juliana\u00a0\u00bb (proche de Fabiola mais mat) r\u00e9alis\u00e9 \u00e0 la main, le mod\u00e8le sans doute \u00ab\u00a0505\u00a0\u00bb marqu\u00e9 en creux, inscription \u00e0 l&rsquo;encre 10-62, cachet couronn\u00e9 en creux de la fa\u00efencerie,\u00a0avec l\u00e9ger \u00e9clat sur un bord&hellip;&nbsp;<a href=\"https:\/\/legrenierdelatour.be\/brocante\/produit\/bonbonniere-fabiola-hubert-bequet\/\" class=\"\" rel=\"bookmark\">Lire la suite &raquo;<span class=\"screen-reader-text\">Bonbonni\u00e8re 505 \u00ab\u00a0Juliana\u00a0\u00bb Hubert Bequet<\/span><\/a><\/p>\n","protected":false},"featured_media":289,"comment_status":"open","ping_status":"closed","template":"","meta":{"neve_meta_sidebar":"","neve_meta_container":"","neve_meta_enable_content_width":"off","neve_meta_content_width":100,"neve_meta_title_alignment":"","neve_meta_author_avatar":"","neve_post_elements_order":"","neve_meta_disable_header":"","neve_meta_disable_footer":"","neve_meta_disable_title":""},"product_brand":[],"product_cat":[15,37,16,36],"product_tag":[40,19,38,39],"class_list":{"0":"post-288","1":"product","2":"type-product","3":"status-publish","4":"has-post-thumbnail","6":"product_cat-non-classe","7":"product_cat-belgique","8":"product_cat-ceramique","9":"product_cat-hubert-bequet","10":"product_tag-belgique","11":"product_tag-faience","12":"product_tag-hubert-bequet","13":"product_tag-quaregnon","15":"first","16":"instock","17":"shipping-taxable","18":"purchasable","19":"product-type-simple"},"_links":{"self":[{"href":"https:\/\/legrenierdelatour.be\/brocante\/wp-json\/wp\/v2\/product\/288","targetHints":{"allow":["GET"]}}],"collection":[{"href":"https:\/\/legrenierdelatour.be\/brocante\/wp-json\/wp\/v2\/product"}],"about":[{"href":"https:\/\/legrenierdelatour.be\/brocante\/wp-json\/wp\/v2\/types\/product"}],"replies":[{"embeddable":true,"href":"https:\/\/legrenierdelatour.be\/brocante\/wp-json\/wp\/v2\/comments?post=288"}],"wp:featuredmedia":[{"embeddable":true,"href":"https:\/\/legrenierdelatour.be\/brocante\/wp-json\/wp\/v2\/media\/289"}],"wp:attachment":[{"href":"https:\/\/legrenierdelatour.be\/brocante\/wp-json\/wp\/v2\/media?parent=288"}],"wp:term":[{"taxonomy":"product_brand","embeddable":true,"href":"https:\/\/legrenierdelatour.be\/brocante\/wp-json\/wp\/v2\/product_brand?post=288"},{"taxonomy":"product_cat","embeddable":true,"href":"https:\/\/legrenierdelatour.be\/brocante\/wp-json\/wp\/v2\/product_cat?post=288"},{"taxonomy":"product_tag","embeddable":true,"href":"https:\/\/legrenierdelatour.be\/brocante\/wp-json\/wp\/v2\/product_tag?post=288"}],"curies":[{"name":"wp","href":"https:\/\/api.w.org\/{rel}","templated":true}]}}