{"id":2862,"date":"2022-08-01T10:25:49","date_gmt":"2022-08-01T08:25:49","guid":{"rendered":"https:\/\/legrenierdelatour.be\/brocante\/?post_type=product&#038;p=2862"},"modified":"2022-08-01T10:25:50","modified_gmt":"2022-08-01T08:25:50","slug":"pastel-paysage-hivernal","status":"publish","type":"product","link":"https:\/\/legrenierdelatour.be\/brocante\/produit\/pastel-paysage-hivernal\/","title":{"rendered":"Pastel Paysage hivernal"},"content":{"rendered":"<p>Pastel sur carton de belle facture (43&#215;37 avec cadre) d\u2019un paysage hivernal, peut-\u00eatre de la r\u00e9gion d\u2019Arlon. La signature n\u2019a pas pu \u00eatre d\u00e9chiffr\u00e9e , peut-\u00eatre G. Poheets (?) mais l\u2019encadrement a \u00e9t\u00e9 fait par la maison Ansion \u00e0 Arlon.<\/p>\n<div>R\u00e9f 13.32<\/div>\n","protected":false},"excerpt":{"rendered":"<p>Pastel sur carton de belle facture (43&#215;37 avec cadre) d\u2019un paysage hivernal, peut-\u00eatre de la r\u00e9gion d\u2019Arlon. La signature n\u2019a pas pu \u00eatre d\u00e9chiffr\u00e9e , peut-\u00eatre G. Poheets (?) mais l\u2019encadrement a \u00e9t\u00e9 fait par la maison Ansion \u00e0 Arlon. R\u00e9f 13.32<\/p>\n","protected":false},"featured_media":2876,"comment_status":"open","ping_status":"closed","template":"","meta":{"neve_meta_sidebar":"","neve_meta_container":"","neve_meta_enable_content_width":"off","neve_meta_content_width":100,"neve_meta_title_alignment":"","neve_meta_author_avatar":"","neve_post_elements_order":"","neve_meta_disable_header":"","neve_meta_disable_footer":"","neve_meta_disable_title":""},"product_brand":[],"product_cat":[30,31,167],"product_tag":[79,40,112],"class_list":{"0":"post-2862","1":"product","2":"type-product","3":"status-publish","4":"has-post-thumbnail","6":"product_cat-luxemburgensia","7":"product_cat-pays-darlon","8":"product_cat-peintures-et-sculptures","9":"product_tag-art","10":"product_tag-belgique","11":"product_tag-pays-darlon","13":"first","14":"instock","15":"shipping-taxable","16":"purchasable","17":"product-type-simple"},"_links":{"self":[{"href":"https:\/\/legrenierdelatour.be\/brocante\/wp-json\/wp\/v2\/product\/2862","targetHints":{"allow":["GET"]}}],"collection":[{"href":"https:\/\/legrenierdelatour.be\/brocante\/wp-json\/wp\/v2\/product"}],"about":[{"href":"https:\/\/legrenierdelatour.be\/brocante\/wp-json\/wp\/v2\/types\/product"}],"replies":[{"embeddable":true,"href":"https:\/\/legrenierdelatour.be\/brocante\/wp-json\/wp\/v2\/comments?post=2862"}],"wp:featuredmedia":[{"embeddable":true,"href":"https:\/\/legrenierdelatour.be\/brocante\/wp-json\/wp\/v2\/media\/2876"}],"wp:attachment":[{"href":"https:\/\/legrenierdelatour.be\/brocante\/wp-json\/wp\/v2\/media?parent=2862"}],"wp:term":[{"taxonomy":"product_brand","embeddable":true,"href":"https:\/\/legrenierdelatour.be\/brocante\/wp-json\/wp\/v2\/product_brand?post=2862"},{"taxonomy":"product_cat","embeddable":true,"href":"https:\/\/legrenierdelatour.be\/brocante\/wp-json\/wp\/v2\/product_cat?post=2862"},{"taxonomy":"product_tag","embeddable":true,"href":"https:\/\/legrenierdelatour.be\/brocante\/wp-json\/wp\/v2\/product_tag?post=2862"}],"curies":[{"name":"wp","href":"https:\/\/api.w.org\/{rel}","templated":true}]}}