{"id":2857,"date":"2022-07-31T17:08:55","date_gmt":"2022-07-31T15:08:55","guid":{"rendered":"https:\/\/legrenierdelatour.be\/brocante\/?post_type=product&#038;p=2857"},"modified":"2023-10-17T14:56:47","modified_gmt":"2023-10-17T12:56:47","slug":"cafetiere-melitta-avec-isolation","status":"publish","type":"product","link":"https:\/\/legrenierdelatour.be\/brocante\/produit\/cafetiere-melitta-avec-isolation\/","title":{"rendered":"Cafeti\u00e8re Melitta avec isolation"},"content":{"rendered":"<p>Cafeti\u00e8re (19,5 cm de haut) en porcelaine blanche, avec manteau d\u2019isolation en inox avec rembourrage Thermoplastique \u00e0 l\u2019int\u00e9rieur du manteau de la cafeti\u00e8re. L\u2019inox pr\u00e9sente des griffures sur le m\u00e9tal. Elle a \u00e9t\u00e9 produite pour Melitta en Allemagne, sans doute dans les ann\u00e9es 1960, et ce pourrait \u00eatre de la manufacture F\u00fcrstenberg et le manteau par Demeyere.<\/p>\n<p>Deux exemplaires disponibles.<\/p>\n<p>R\u00e9f 13.27<\/p>\n","protected":false},"excerpt":{"rendered":"<p>Cafeti\u00e8re (19,5 cm de haut) en porcelaine blanche, avec manteau d\u2019isolation en inox avec rembourrage Thermoplastique \u00e0 l\u2019int\u00e9rieur du manteau de la cafeti\u00e8re. L\u2019inox pr\u00e9sente des griffures sur le m\u00e9tal. Elle a \u00e9t\u00e9 produite pour Melitta en Allemagne, sans doute dans les ann\u00e9es 1960, et ce pourrait \u00eatre de la manufacture F\u00fcrstenberg et le manteau&hellip;&nbsp;<a href=\"https:\/\/legrenierdelatour.be\/brocante\/produit\/cafetiere-melitta-avec-isolation\/\" class=\"\" rel=\"bookmark\">Lire la suite &raquo;<span class=\"screen-reader-text\">Cafeti\u00e8re Melitta avec isolation<\/span><\/a><\/p>\n","protected":false},"featured_media":2855,"comment_status":"open","ping_status":"closed","template":"","meta":{"neve_meta_sidebar":"","neve_meta_container":"","neve_meta_enable_content_width":"off","neve_meta_content_width":100,"neve_meta_title_alignment":"","neve_meta_author_avatar":"","neve_post_elements_order":"","neve_meta_disable_header":"","neve_meta_disable_footer":"","neve_meta_disable_title":""},"product_brand":[],"product_cat":[48,172,16,173],"product_tag":[74],"class_list":{"0":"post-2857","1":"product","2":"type-product","3":"status-publish","4":"has-post-thumbnail","6":"product_cat-allemagne","7":"product_cat-en-cuisine","8":"product_cat-ceramique","9":"product_cat-objets-de-publicite","10":"product_tag-porcelaine","12":"first","13":"instock","14":"shipping-taxable","15":"purchasable","16":"product-type-simple"},"_links":{"self":[{"href":"https:\/\/legrenierdelatour.be\/brocante\/wp-json\/wp\/v2\/product\/2857","targetHints":{"allow":["GET"]}}],"collection":[{"href":"https:\/\/legrenierdelatour.be\/brocante\/wp-json\/wp\/v2\/product"}],"about":[{"href":"https:\/\/legrenierdelatour.be\/brocante\/wp-json\/wp\/v2\/types\/product"}],"replies":[{"embeddable":true,"href":"https:\/\/legrenierdelatour.be\/brocante\/wp-json\/wp\/v2\/comments?post=2857"}],"wp:featuredmedia":[{"embeddable":true,"href":"https:\/\/legrenierdelatour.be\/brocante\/wp-json\/wp\/v2\/media\/2855"}],"wp:attachment":[{"href":"https:\/\/legrenierdelatour.be\/brocante\/wp-json\/wp\/v2\/media?parent=2857"}],"wp:term":[{"taxonomy":"product_brand","embeddable":true,"href":"https:\/\/legrenierdelatour.be\/brocante\/wp-json\/wp\/v2\/product_brand?post=2857"},{"taxonomy":"product_cat","embeddable":true,"href":"https:\/\/legrenierdelatour.be\/brocante\/wp-json\/wp\/v2\/product_cat?post=2857"},{"taxonomy":"product_tag","embeddable":true,"href":"https:\/\/legrenierdelatour.be\/brocante\/wp-json\/wp\/v2\/product_tag?post=2857"}],"curies":[{"name":"wp","href":"https:\/\/api.w.org\/{rel}","templated":true}]}}