{"id":2839,"date":"2022-07-31T17:01:20","date_gmt":"2022-07-31T15:01:20","guid":{"rendered":"https:\/\/legrenierdelatour.be\/brocante\/?post_type=product&#038;p=2839"},"modified":"2022-07-31T17:01:21","modified_gmt":"2022-07-31T15:01:21","slug":"lampe-plafonnier-rose-art-deco","status":"publish","type":"product","link":"https:\/\/legrenierdelatour.be\/brocante\/produit\/lampe-plafonnier-rose-art-deco\/","title":{"rendered":"Lampe plafonnier rose Art D\u00e9co"},"content":{"rendered":"<p>Chapeau de lampe plafonnier suspension en verre rose d\u00e9poli (35 cm de diam\u00e8tre), de style Art d\u00e9co datant sans doute des ann\u00e9es 1930-1950. Il y a trois points de fixation et un petit \u00e9clat sur le dessous.<\/p>\n<div>R\u00e9f 13.24<\/div>\n","protected":false},"excerpt":{"rendered":"<p>Chapeau de lampe plafonnier suspension en verre rose d\u00e9poli (35 cm de diam\u00e8tre), de style Art d\u00e9co datant sans doute des ann\u00e9es 1930-1950. Il y a trois points de fixation et un petit \u00e9clat sur le dessous. R\u00e9f 13.24<\/p>\n","protected":false},"featured_media":2843,"comment_status":"open","ping_status":"closed","template":"","meta":{"neve_meta_sidebar":"","neve_meta_container":"","neve_meta_enable_content_width":"off","neve_meta_content_width":100,"neve_meta_title_alignment":"","neve_meta_author_avatar":"","neve_post_elements_order":"","neve_meta_disable_header":"","neve_meta_disable_footer":"","neve_meta_disable_title":""},"product_brand":[],"product_cat":[23,24,22],"product_tag":[21,91],"class_list":{"0":"post-2839","1":"product","2":"type-product","3":"status-publish","4":"has-post-thumbnail","6":"product_cat-mobilier","7":"product_cat-luminaires","8":"product_cat-verrerie","9":"product_tag-art-deco","10":"product_tag-lampe","12":"first","13":"instock","14":"shipping-taxable","15":"purchasable","16":"product-type-simple"},"_links":{"self":[{"href":"https:\/\/legrenierdelatour.be\/brocante\/wp-json\/wp\/v2\/product\/2839","targetHints":{"allow":["GET"]}}],"collection":[{"href":"https:\/\/legrenierdelatour.be\/brocante\/wp-json\/wp\/v2\/product"}],"about":[{"href":"https:\/\/legrenierdelatour.be\/brocante\/wp-json\/wp\/v2\/types\/product"}],"replies":[{"embeddable":true,"href":"https:\/\/legrenierdelatour.be\/brocante\/wp-json\/wp\/v2\/comments?post=2839"}],"wp:featuredmedia":[{"embeddable":true,"href":"https:\/\/legrenierdelatour.be\/brocante\/wp-json\/wp\/v2\/media\/2843"}],"wp:attachment":[{"href":"https:\/\/legrenierdelatour.be\/brocante\/wp-json\/wp\/v2\/media?parent=2839"}],"wp:term":[{"taxonomy":"product_brand","embeddable":true,"href":"https:\/\/legrenierdelatour.be\/brocante\/wp-json\/wp\/v2\/product_brand?post=2839"},{"taxonomy":"product_cat","embeddable":true,"href":"https:\/\/legrenierdelatour.be\/brocante\/wp-json\/wp\/v2\/product_cat?post=2839"},{"taxonomy":"product_tag","embeddable":true,"href":"https:\/\/legrenierdelatour.be\/brocante\/wp-json\/wp\/v2\/product_tag?post=2839"}],"curies":[{"name":"wp","href":"https:\/\/api.w.org\/{rel}","templated":true}]}}