{"id":2837,"date":"2022-07-25T16:57:46","date_gmt":"2022-07-25T14:57:46","guid":{"rendered":"https:\/\/legrenierdelatour.be\/brocante\/?post_type=product&#038;p=2837"},"modified":"2022-07-25T17:01:36","modified_gmt":"2022-07-25T15:01:36","slug":"support-dhorloge-en-tramp-art","status":"publish","type":"product","link":"https:\/\/legrenierdelatour.be\/brocante\/produit\/support-dhorloge-en-tramp-art\/","title":{"rendered":"Support d&rsquo;horloge en Tramp Art"},"content":{"rendered":"<p><span style=\"color: #000000;\">Support d\u2019horloge (52 cm de long) en Tramp Art : il s&rsquo;agit d&rsquo;une forme d&rsquo;art populaire, cr\u00e9ation d&rsquo;objets de culte ou de d\u00e9coration, \u00e0 base de mat\u00e9riaux r\u00e9cup\u00e9r\u00e9s tels des bo\u00eetes \u00e0 cigares, caisses de transport&#8230; Ces objets \u00e9taient fabriqu\u00e9s \u00e0 la maison avec un simple couteau, et \u00e9taient fort appr\u00e9ci\u00e9s de 1870 et 1940. Ce support est en tr\u00e8s bon \u00e9tat.<\/span><\/p>\n<div>R\u00e9f 13.19<\/div>\n","protected":false},"excerpt":{"rendered":"<p>Support d\u2019horloge (52 cm de long) en Tramp Art : il s&rsquo;agit d&rsquo;une forme d&rsquo;art populaire, cr\u00e9ation d&rsquo;objets de culte ou de d\u00e9coration, \u00e0 base de mat\u00e9riaux r\u00e9cup\u00e9r\u00e9s tels des bo\u00eetes \u00e0 cigares, caisses de transport&#8230; Ces objets \u00e9taient fabriqu\u00e9s \u00e0 la maison avec un simple couteau, et \u00e9taient fort appr\u00e9ci\u00e9s de 1870 et 1940.&hellip;&nbsp;<a href=\"https:\/\/legrenierdelatour.be\/brocante\/produit\/support-dhorloge-en-tramp-art\/\" class=\"\" rel=\"bookmark\">Lire la suite &raquo;<span class=\"screen-reader-text\">Support d&rsquo;horloge en Tramp Art<\/span><\/a><\/p>\n","protected":false},"featured_media":2825,"comment_status":"open","ping_status":"closed","template":"","meta":{"neve_meta_sidebar":"","neve_meta_container":"","neve_meta_enable_content_width":"off","neve_meta_content_width":100,"neve_meta_title_alignment":"","neve_meta_author_avatar":"","neve_post_elements_order":"","neve_meta_disable_header":"","neve_meta_disable_footer":"","neve_meta_disable_title":""},"product_brand":[],"product_cat":[183,176,23],"product_tag":[79,122],"class_list":{"0":"post-2837","1":"product","2":"type-product","3":"status-publish","4":"has-post-thumbnail","6":"product_cat-bureau-et-fumoir","7":"product_cat-horloges","8":"product_cat-mobilier","9":"product_tag-art","10":"product_tag-bureau","12":"first","13":"instock","14":"shipping-taxable","15":"purchasable","16":"product-type-simple"},"_links":{"self":[{"href":"https:\/\/legrenierdelatour.be\/brocante\/wp-json\/wp\/v2\/product\/2837","targetHints":{"allow":["GET"]}}],"collection":[{"href":"https:\/\/legrenierdelatour.be\/brocante\/wp-json\/wp\/v2\/product"}],"about":[{"href":"https:\/\/legrenierdelatour.be\/brocante\/wp-json\/wp\/v2\/types\/product"}],"replies":[{"embeddable":true,"href":"https:\/\/legrenierdelatour.be\/brocante\/wp-json\/wp\/v2\/comments?post=2837"}],"wp:featuredmedia":[{"embeddable":true,"href":"https:\/\/legrenierdelatour.be\/brocante\/wp-json\/wp\/v2\/media\/2825"}],"wp:attachment":[{"href":"https:\/\/legrenierdelatour.be\/brocante\/wp-json\/wp\/v2\/media?parent=2837"}],"wp:term":[{"taxonomy":"product_brand","embeddable":true,"href":"https:\/\/legrenierdelatour.be\/brocante\/wp-json\/wp\/v2\/product_brand?post=2837"},{"taxonomy":"product_cat","embeddable":true,"href":"https:\/\/legrenierdelatour.be\/brocante\/wp-json\/wp\/v2\/product_cat?post=2837"},{"taxonomy":"product_tag","embeddable":true,"href":"https:\/\/legrenierdelatour.be\/brocante\/wp-json\/wp\/v2\/product_tag?post=2837"}],"curies":[{"name":"wp","href":"https:\/\/api.w.org\/{rel}","templated":true}]}}