{"id":2836,"date":"2022-07-25T15:26:39","date_gmt":"2022-07-25T13:26:39","guid":{"rendered":"https:\/\/legrenierdelatour.be\/brocante\/?post_type=product&#038;p=2836"},"modified":"2022-07-25T15:26:39","modified_gmt":"2022-07-25T13:26:39","slug":"boite-en-tramp-art","status":"publish","type":"product","link":"https:\/\/legrenierdelatour.be\/brocante\/produit\/boite-en-tramp-art\/","title":{"rendered":"Bo\u00eete en Tramp Art"},"content":{"rendered":"<p>Boite avec couvercle (30x23x13 cm) en Tramp Art : il s&rsquo;agit d&rsquo;une forme d&rsquo;art populaire, cr\u00e9ation d&rsquo;objets de culte ou de d\u00e9coration, \u00e0 base de mat\u00e9riaux r\u00e9cup\u00e9r\u00e9s tels des bo\u00eetes \u00e0 cigares, caisses de transport&#8230; Ces objets \u00e9taient fabriqu\u00e9s \u00e0 la maison avec un simple couteau, et \u00e9taient fort appr\u00e9ci\u00e9s de 1870 et 1940. Cette\u00a0<span style=\"color: #000000;\">bo\u00eete compte quelques manquements.\u00a0<\/span><\/p>\n<div>R\u00e9f 13.18<\/div>\n","protected":false},"excerpt":{"rendered":"<p>Boite avec couvercle (30x23x13 cm) en Tramp Art : il s&rsquo;agit d&rsquo;une forme d&rsquo;art populaire, cr\u00e9ation d&rsquo;objets de culte ou de d\u00e9coration, \u00e0 base de mat\u00e9riaux r\u00e9cup\u00e9r\u00e9s tels des bo\u00eetes \u00e0 cigares, caisses de transport&#8230; Ces objets \u00e9taient fabriqu\u00e9s \u00e0 la maison avec un simple couteau, et \u00e9taient fort appr\u00e9ci\u00e9s de 1870 et 1940. Cette\u00a0bo\u00eete&hellip;&nbsp;<a href=\"https:\/\/legrenierdelatour.be\/brocante\/produit\/boite-en-tramp-art\/\" class=\"\" rel=\"bookmark\">Lire la suite &raquo;<span class=\"screen-reader-text\">Bo\u00eete en Tramp Art<\/span><\/a><\/p>\n","protected":false},"featured_media":2828,"comment_status":"open","ping_status":"closed","template":"","meta":{"neve_meta_sidebar":"","neve_meta_container":"","neve_meta_enable_content_width":"off","neve_meta_content_width":100,"neve_meta_title_alignment":"","neve_meta_author_avatar":"","neve_post_elements_order":"","neve_meta_disable_header":"","neve_meta_disable_footer":"","neve_meta_disable_title":""},"product_brand":[],"product_cat":[15,183],"product_tag":[79,122],"class_list":{"0":"post-2836","1":"product","2":"type-product","3":"status-publish","4":"has-post-thumbnail","6":"product_cat-non-classe","7":"product_cat-bureau-et-fumoir","8":"product_tag-art","9":"product_tag-bureau","11":"first","12":"instock","13":"shipping-taxable","14":"purchasable","15":"product-type-simple"},"_links":{"self":[{"href":"https:\/\/legrenierdelatour.be\/brocante\/wp-json\/wp\/v2\/product\/2836","targetHints":{"allow":["GET"]}}],"collection":[{"href":"https:\/\/legrenierdelatour.be\/brocante\/wp-json\/wp\/v2\/product"}],"about":[{"href":"https:\/\/legrenierdelatour.be\/brocante\/wp-json\/wp\/v2\/types\/product"}],"replies":[{"embeddable":true,"href":"https:\/\/legrenierdelatour.be\/brocante\/wp-json\/wp\/v2\/comments?post=2836"}],"wp:featuredmedia":[{"embeddable":true,"href":"https:\/\/legrenierdelatour.be\/brocante\/wp-json\/wp\/v2\/media\/2828"}],"wp:attachment":[{"href":"https:\/\/legrenierdelatour.be\/brocante\/wp-json\/wp\/v2\/media?parent=2836"}],"wp:term":[{"taxonomy":"product_brand","embeddable":true,"href":"https:\/\/legrenierdelatour.be\/brocante\/wp-json\/wp\/v2\/product_brand?post=2836"},{"taxonomy":"product_cat","embeddable":true,"href":"https:\/\/legrenierdelatour.be\/brocante\/wp-json\/wp\/v2\/product_cat?post=2836"},{"taxonomy":"product_tag","embeddable":true,"href":"https:\/\/legrenierdelatour.be\/brocante\/wp-json\/wp\/v2\/product_tag?post=2836"}],"curies":[{"name":"wp","href":"https:\/\/api.w.org\/{rel}","templated":true}]}}