{"id":2815,"date":"2022-07-25T15:17:01","date_gmt":"2022-07-25T13:17:01","guid":{"rendered":"https:\/\/legrenierdelatour.be\/brocante\/?post_type=product&#038;p=2815"},"modified":"2022-07-25T15:23:43","modified_gmt":"2022-07-25T13:23:43","slug":"crucifix-en-tramp-art","status":"publish","type":"product","link":"https:\/\/legrenierdelatour.be\/brocante\/produit\/crucifix-en-tramp-art\/","title":{"rendered":"Crucifix en Tramp Art"},"content":{"rendered":"<p>Grand Christ en croix (60 cm de haut) en Tramp Art : il s&rsquo;agit d&rsquo;une forme d&rsquo;art populaire, cr\u00e9ation d&rsquo;objets de culte ou de d\u00e9coration, \u00e0 base de mat\u00e9riaux r\u00e9cup\u00e9r\u00e9s tels des bo\u00eetes \u00e0 cigares, caisses de transport&#8230; Ces objets \u00e9taient fabriqu\u00e9s \u00e0 la maison avec un simple couteau, et \u00e9taient fort appr\u00e9ci\u00e9s de 1870 et 1940. Pour cr\u00e9er ce crucifix, il a notamment \u00e9t\u00e9 utilis\u00e9 une caisse de la distillerie Wathlet-Roger qui fut active de 1883 \u00e0 1970\u00a0\u00e0 L\u00e9glise.\u00a0Ce Crucifix compte quelques petits manquements.<\/p>\n<div>R\u00e9f 13.17<\/div>\n","protected":false},"excerpt":{"rendered":"<p>Grand Christ en croix (60 cm de haut) en Tramp Art : il s&rsquo;agit d&rsquo;une forme d&rsquo;art populaire, cr\u00e9ation d&rsquo;objets de culte ou de d\u00e9coration, \u00e0 base de mat\u00e9riaux r\u00e9cup\u00e9r\u00e9s tels des bo\u00eetes \u00e0 cigares, caisses de transport&#8230; Ces objets \u00e9taient fabriqu\u00e9s \u00e0 la maison avec un simple couteau, et \u00e9taient fort appr\u00e9ci\u00e9s de 1870&hellip;&nbsp;<a href=\"https:\/\/legrenierdelatour.be\/brocante\/produit\/crucifix-en-tramp-art\/\" class=\"\" rel=\"bookmark\">Lire la suite &raquo;<span class=\"screen-reader-text\">Crucifix en Tramp Art<\/span><\/a><\/p>\n","protected":false},"featured_media":2821,"comment_status":"open","ping_status":"closed","template":"","meta":{"neve_meta_sidebar":"","neve_meta_container":"","neve_meta_enable_content_width":"off","neve_meta_content_width":100,"neve_meta_title_alignment":"","neve_meta_author_avatar":"","neve_post_elements_order":"","neve_meta_disable_header":"","neve_meta_disable_footer":"","neve_meta_disable_title":""},"product_brand":[],"product_cat":[30,31,34],"product_tag":[79,112,35],"class_list":{"0":"post-2815","1":"product","2":"type-product","3":"status-publish","4":"has-post-thumbnail","6":"product_cat-luxemburgensia","7":"product_cat-pays-darlon","8":"product_cat-religiosa","9":"product_tag-art","10":"product_tag-pays-darlon","11":"product_tag-religion","13":"first","14":"instock","15":"shipping-taxable","16":"purchasable","17":"product-type-simple"},"_links":{"self":[{"href":"https:\/\/legrenierdelatour.be\/brocante\/wp-json\/wp\/v2\/product\/2815","targetHints":{"allow":["GET"]}}],"collection":[{"href":"https:\/\/legrenierdelatour.be\/brocante\/wp-json\/wp\/v2\/product"}],"about":[{"href":"https:\/\/legrenierdelatour.be\/brocante\/wp-json\/wp\/v2\/types\/product"}],"replies":[{"embeddable":true,"href":"https:\/\/legrenierdelatour.be\/brocante\/wp-json\/wp\/v2\/comments?post=2815"}],"wp:featuredmedia":[{"embeddable":true,"href":"https:\/\/legrenierdelatour.be\/brocante\/wp-json\/wp\/v2\/media\/2821"}],"wp:attachment":[{"href":"https:\/\/legrenierdelatour.be\/brocante\/wp-json\/wp\/v2\/media?parent=2815"}],"wp:term":[{"taxonomy":"product_brand","embeddable":true,"href":"https:\/\/legrenierdelatour.be\/brocante\/wp-json\/wp\/v2\/product_brand?post=2815"},{"taxonomy":"product_cat","embeddable":true,"href":"https:\/\/legrenierdelatour.be\/brocante\/wp-json\/wp\/v2\/product_cat?post=2815"},{"taxonomy":"product_tag","embeddable":true,"href":"https:\/\/legrenierdelatour.be\/brocante\/wp-json\/wp\/v2\/product_tag?post=2815"}],"curies":[{"name":"wp","href":"https:\/\/api.w.org\/{rel}","templated":true}]}}