{"id":281,"date":"2022-02-14T20:49:17","date_gmt":"2022-02-14T19:49:17","guid":{"rendered":"https:\/\/legrenierdelatour.be\/brocante\/?post_type=product&#038;p=281"},"modified":"2022-05-19T17:35:18","modified_gmt":"2022-05-19T15:35:18","slug":"assiette-les-princes-guillaume-felix-et-louis-reckenwald","status":"publish","type":"product","link":"https:\/\/legrenierdelatour.be\/brocante\/produit\/assiette-les-princes-guillaume-felix-et-louis-reckenwald\/","title":{"rendered":"Assiette \u00ab\u00a0Les Princes Guillaume, F\u00e9lix et Louis\u00a0\u00bb, Recktenwald"},"content":{"rendered":"<p>Petite assiette (19,5 cm) avec une repr\u00e9sentation photographique des Princes de Luxembourg, \u00e9dit\u00e9e par \u00ab\u00a0Wenger-Trapper\u00a0\u00bb \u00e0 l&rsquo;occasion de leur 28\u00e8me marche internationale de 20 kms et produite par \u00ab\u00a0Recktenwald\u00a0\u00bb \u00e0 Wiltz.<\/p>\n<p>R\u00e9f 8.42<\/p>\n","protected":false},"excerpt":{"rendered":"<p>Petite assiette (19,5 cm) avec une repr\u00e9sentation photographique des Princes de Luxembourg, \u00e9dit\u00e9e par \u00ab\u00a0Wenger-Trapper\u00a0\u00bb \u00e0 l&rsquo;occasion de leur 28\u00e8me marche internationale de 20 kms et produite par \u00ab\u00a0Recktenwald\u00a0\u00bb \u00e0 Wiltz. R\u00e9f 8.42<\/p>\n","protected":false},"featured_media":282,"comment_status":"open","ping_status":"closed","template":"","meta":{"neve_meta_sidebar":"","neve_meta_container":"","neve_meta_enable_content_width":"off","neve_meta_content_width":100,"neve_meta_title_alignment":"","neve_meta_author_avatar":"","neve_post_elements_order":"","neve_meta_disable_header":"","neve_meta_disable_footer":"","neve_meta_disable_title":""},"product_brand":[],"product_cat":[15,16,165,30,166],"product_tag":[19],"class_list":{"0":"post-281","1":"product","2":"type-product","3":"status-publish","4":"has-post-thumbnail","6":"product_cat-non-classe","7":"product_cat-ceramique","8":"product_cat-luxembourg","9":"product_cat-luxemburgensia","10":"product_cat-luxemburgensia-luxemburgensia","11":"product_tag-faience","13":"first","14":"instock","15":"shipping-taxable","16":"purchasable","17":"product-type-simple"},"_links":{"self":[{"href":"https:\/\/legrenierdelatour.be\/brocante\/wp-json\/wp\/v2\/product\/281","targetHints":{"allow":["GET"]}}],"collection":[{"href":"https:\/\/legrenierdelatour.be\/brocante\/wp-json\/wp\/v2\/product"}],"about":[{"href":"https:\/\/legrenierdelatour.be\/brocante\/wp-json\/wp\/v2\/types\/product"}],"replies":[{"embeddable":true,"href":"https:\/\/legrenierdelatour.be\/brocante\/wp-json\/wp\/v2\/comments?post=281"}],"wp:featuredmedia":[{"embeddable":true,"href":"https:\/\/legrenierdelatour.be\/brocante\/wp-json\/wp\/v2\/media\/282"}],"wp:attachment":[{"href":"https:\/\/legrenierdelatour.be\/brocante\/wp-json\/wp\/v2\/media?parent=281"}],"wp:term":[{"taxonomy":"product_brand","embeddable":true,"href":"https:\/\/legrenierdelatour.be\/brocante\/wp-json\/wp\/v2\/product_brand?post=281"},{"taxonomy":"product_cat","embeddable":true,"href":"https:\/\/legrenierdelatour.be\/brocante\/wp-json\/wp\/v2\/product_cat?post=281"},{"taxonomy":"product_tag","embeddable":true,"href":"https:\/\/legrenierdelatour.be\/brocante\/wp-json\/wp\/v2\/product_tag?post=281"}],"curies":[{"name":"wp","href":"https:\/\/api.w.org\/{rel}","templated":true}]}}