{"id":2777,"date":"2022-07-23T10:43:19","date_gmt":"2022-07-23T08:43:19","guid":{"rendered":"https:\/\/legrenierdelatour.be\/brocante\/?post_type=product&#038;p=2777"},"modified":"2023-08-28T10:24:54","modified_gmt":"2023-08-28T08:24:54","slug":"aquarelle-paysage-l-gillet","status":"publish","type":"product","link":"https:\/\/legrenierdelatour.be\/brocante\/produit\/aquarelle-paysage-l-gillet\/","title":{"rendered":"Aquarelle Paysage L.Gillet"},"content":{"rendered":"<p>Aquarelle (42&#215;32 cm avec cadre) de petite facture, r\u00e9alis\u00e9e par L.Gillet, repr\u00e9sentant un paysage, sans doute dans la campagne aux alentours de Meix devant Virton.\u00a0Cette aquarelliste et peintre sur porcelaine, \u00e9pouse Delmarcelle, \u00e9tait tr\u00e8s active dans les ann\u00e9es 1940-60.<\/p>\n<div>R\u00e9f 13.11<\/div>\n","protected":false},"excerpt":{"rendered":"<p>Aquarelle (42&#215;32 cm avec cadre) de petite facture, r\u00e9alis\u00e9e par L.Gillet, repr\u00e9sentant un paysage, sans doute dans la campagne aux alentours de Meix devant Virton.\u00a0Cette aquarelliste et peintre sur porcelaine, \u00e9pouse Delmarcelle, \u00e9tait tr\u00e8s active dans les ann\u00e9es 1940-60. R\u00e9f 13.11<\/p>\n","protected":false},"featured_media":2714,"comment_status":"open","ping_status":"closed","template":"","meta":{"neve_meta_sidebar":"","neve_meta_container":"","neve_meta_enable_content_width":"off","neve_meta_content_width":100,"neve_meta_title_alignment":"","neve_meta_author_avatar":"","neve_post_elements_order":"","neve_meta_disable_header":"","neve_meta_disable_footer":"","neve_meta_disable_title":""},"product_brand":[],"product_cat":[30,31,167],"product_tag":[79],"class_list":{"0":"post-2777","1":"product","2":"type-product","3":"status-publish","4":"has-post-thumbnail","6":"product_cat-luxemburgensia","7":"product_cat-pays-darlon","8":"product_cat-peintures-et-sculptures","9":"product_tag-art","11":"first","12":"instock","13":"shipping-taxable","14":"purchasable","15":"product-type-simple"},"_links":{"self":[{"href":"https:\/\/legrenierdelatour.be\/brocante\/wp-json\/wp\/v2\/product\/2777","targetHints":{"allow":["GET"]}}],"collection":[{"href":"https:\/\/legrenierdelatour.be\/brocante\/wp-json\/wp\/v2\/product"}],"about":[{"href":"https:\/\/legrenierdelatour.be\/brocante\/wp-json\/wp\/v2\/types\/product"}],"replies":[{"embeddable":true,"href":"https:\/\/legrenierdelatour.be\/brocante\/wp-json\/wp\/v2\/comments?post=2777"}],"wp:featuredmedia":[{"embeddable":true,"href":"https:\/\/legrenierdelatour.be\/brocante\/wp-json\/wp\/v2\/media\/2714"}],"wp:attachment":[{"href":"https:\/\/legrenierdelatour.be\/brocante\/wp-json\/wp\/v2\/media?parent=2777"}],"wp:term":[{"taxonomy":"product_brand","embeddable":true,"href":"https:\/\/legrenierdelatour.be\/brocante\/wp-json\/wp\/v2\/product_brand?post=2777"},{"taxonomy":"product_cat","embeddable":true,"href":"https:\/\/legrenierdelatour.be\/brocante\/wp-json\/wp\/v2\/product_cat?post=2777"},{"taxonomy":"product_tag","embeddable":true,"href":"https:\/\/legrenierdelatour.be\/brocante\/wp-json\/wp\/v2\/product_tag?post=2777"}],"curies":[{"name":"wp","href":"https:\/\/api.w.org\/{rel}","templated":true}]}}