{"id":2776,"date":"2022-07-23T10:40:36","date_gmt":"2022-07-23T08:40:36","guid":{"rendered":"https:\/\/legrenierdelatour.be\/brocante\/?post_type=product&#038;p=2776"},"modified":"2023-08-28T10:25:06","modified_gmt":"2023-08-28T08:25:06","slug":"aquarelle-mexi-devant-virton-l-gillet","status":"publish","type":"product","link":"https:\/\/legrenierdelatour.be\/brocante\/produit\/aquarelle-mexi-devant-virton-l-gillet\/","title":{"rendered":"Aquarelle \u00ab\u00a0Meix devant Virton\u00a0\u00bb L.Gillet"},"content":{"rendered":"<p>Aquarelle (42&#215;32 cm avec cadre) de petite facture, r\u00e9alis\u00e9e par L.Gillet \u00ab\u00a0A Edith affectueusement\u00a0\u00bb, repr\u00e9sentant une ferme aux volets bleus, sans doute dans la campagne aux alentours de Meix devant Virton.\u00a0Cette aquarelliste et peintre sur porcelaine, \u00e9pouse Delmarcelle, \u00e9tait tr\u00e8s active dans les ann\u00e9es 1940-60.<\/p>\n<div>R\u00e9f 13.10<\/div>\n","protected":false},"excerpt":{"rendered":"<p>Aquarelle (42&#215;32 cm avec cadre) de petite facture, r\u00e9alis\u00e9e par L.Gillet \u00ab\u00a0A Edith affectueusement\u00a0\u00bb, repr\u00e9sentant une ferme aux volets bleus, sans doute dans la campagne aux alentours de Meix devant Virton.\u00a0Cette aquarelliste et peintre sur porcelaine, \u00e9pouse Delmarcelle, \u00e9tait tr\u00e8s active dans les ann\u00e9es 1940-60. R\u00e9f 13.10<\/p>\n","protected":false},"featured_media":2711,"comment_status":"open","ping_status":"closed","template":"","meta":{"neve_meta_sidebar":"","neve_meta_container":"","neve_meta_enable_content_width":"off","neve_meta_content_width":100,"neve_meta_title_alignment":"","neve_meta_author_avatar":"","neve_post_elements_order":"","neve_meta_disable_header":"","neve_meta_disable_footer":"","neve_meta_disable_title":""},"product_brand":[],"product_cat":[30,31,167],"product_tag":[79],"class_list":{"0":"post-2776","1":"product","2":"type-product","3":"status-publish","4":"has-post-thumbnail","6":"product_cat-luxemburgensia","7":"product_cat-pays-darlon","8":"product_cat-peintures-et-sculptures","9":"product_tag-art","11":"first","12":"instock","13":"shipping-taxable","14":"purchasable","15":"product-type-simple"},"_links":{"self":[{"href":"https:\/\/legrenierdelatour.be\/brocante\/wp-json\/wp\/v2\/product\/2776","targetHints":{"allow":["GET"]}}],"collection":[{"href":"https:\/\/legrenierdelatour.be\/brocante\/wp-json\/wp\/v2\/product"}],"about":[{"href":"https:\/\/legrenierdelatour.be\/brocante\/wp-json\/wp\/v2\/types\/product"}],"replies":[{"embeddable":true,"href":"https:\/\/legrenierdelatour.be\/brocante\/wp-json\/wp\/v2\/comments?post=2776"}],"wp:featuredmedia":[{"embeddable":true,"href":"https:\/\/legrenierdelatour.be\/brocante\/wp-json\/wp\/v2\/media\/2711"}],"wp:attachment":[{"href":"https:\/\/legrenierdelatour.be\/brocante\/wp-json\/wp\/v2\/media?parent=2776"}],"wp:term":[{"taxonomy":"product_brand","embeddable":true,"href":"https:\/\/legrenierdelatour.be\/brocante\/wp-json\/wp\/v2\/product_brand?post=2776"},{"taxonomy":"product_cat","embeddable":true,"href":"https:\/\/legrenierdelatour.be\/brocante\/wp-json\/wp\/v2\/product_cat?post=2776"},{"taxonomy":"product_tag","embeddable":true,"href":"https:\/\/legrenierdelatour.be\/brocante\/wp-json\/wp\/v2\/product_tag?post=2776"}],"curies":[{"name":"wp","href":"https:\/\/api.w.org\/{rel}","templated":true}]}}