{"id":2772,"date":"2022-07-23T09:06:20","date_gmt":"2022-07-23T07:06:20","guid":{"rendered":"https:\/\/legrenierdelatour.be\/brocante\/?post_type=product&#038;p=2772"},"modified":"2022-07-23T09:06:20","modified_gmt":"2022-07-23T07:06:20","slug":"assiette-weimar-weimar","status":"publish","type":"product","link":"https:\/\/legrenierdelatour.be\/brocante\/produit\/assiette-weimar-weimar\/","title":{"rendered":"Assiette \u00ab\u00a0Weimar\u00a0\u00bb Weimar"},"content":{"rendered":"<p>Petite assiette (19 cm de diam\u00e8tre) avec repr\u00e9sentation du Nationaltheater Weimar, produite par la manufacture de porcelaine de Weimar (ss 1790; nom Weimar Porzellan enregistr\u00e9 en 1928). L\u2019assiette est en excellent \u00e9tat et a sans doute \u00e9t\u00e9 produite dans les ann\u00e9es 1980 (avant la chute du mur de Berlin).<\/p>\n<div>R\u00e9f 13.6<\/div>\n","protected":false},"excerpt":{"rendered":"<p>Petite assiette (19 cm de diam\u00e8tre) avec repr\u00e9sentation du Nationaltheater Weimar, produite par la manufacture de porcelaine de Weimar (ss 1790; nom Weimar Porzellan enregistr\u00e9 en 1928). L\u2019assiette est en excellent \u00e9tat et a sans doute \u00e9t\u00e9 produite dans les ann\u00e9es 1980 (avant la chute du mur de Berlin). R\u00e9f 13.6<\/p>\n","protected":false},"featured_media":2753,"comment_status":"open","ping_status":"closed","template":"","meta":{"neve_meta_sidebar":"","neve_meta_container":"","neve_meta_enable_content_width":"off","neve_meta_content_width":100,"neve_meta_title_alignment":"","neve_meta_author_avatar":"","neve_post_elements_order":"","neve_meta_disable_header":"","neve_meta_disable_footer":"","neve_meta_disable_title":""},"product_brand":[],"product_cat":[48,16],"product_tag":[74],"class_list":{"0":"post-2772","1":"product","2":"type-product","3":"status-publish","4":"has-post-thumbnail","6":"product_cat-allemagne","7":"product_cat-ceramique","8":"product_tag-porcelaine","10":"first","11":"instock","12":"shipping-taxable","13":"purchasable","14":"product-type-simple"},"_links":{"self":[{"href":"https:\/\/legrenierdelatour.be\/brocante\/wp-json\/wp\/v2\/product\/2772","targetHints":{"allow":["GET"]}}],"collection":[{"href":"https:\/\/legrenierdelatour.be\/brocante\/wp-json\/wp\/v2\/product"}],"about":[{"href":"https:\/\/legrenierdelatour.be\/brocante\/wp-json\/wp\/v2\/types\/product"}],"replies":[{"embeddable":true,"href":"https:\/\/legrenierdelatour.be\/brocante\/wp-json\/wp\/v2\/comments?post=2772"}],"wp:featuredmedia":[{"embeddable":true,"href":"https:\/\/legrenierdelatour.be\/brocante\/wp-json\/wp\/v2\/media\/2753"}],"wp:attachment":[{"href":"https:\/\/legrenierdelatour.be\/brocante\/wp-json\/wp\/v2\/media?parent=2772"}],"wp:term":[{"taxonomy":"product_brand","embeddable":true,"href":"https:\/\/legrenierdelatour.be\/brocante\/wp-json\/wp\/v2\/product_brand?post=2772"},{"taxonomy":"product_cat","embeddable":true,"href":"https:\/\/legrenierdelatour.be\/brocante\/wp-json\/wp\/v2\/product_cat?post=2772"},{"taxonomy":"product_tag","embeddable":true,"href":"https:\/\/legrenierdelatour.be\/brocante\/wp-json\/wp\/v2\/product_tag?post=2772"}],"curies":[{"name":"wp","href":"https:\/\/api.w.org\/{rel}","templated":true}]}}