{"id":2770,"date":"2022-07-22T16:53:30","date_gmt":"2022-07-22T14:53:30","guid":{"rendered":"https:\/\/legrenierdelatour.be\/brocante\/?post_type=product&#038;p=2770"},"modified":"2022-07-22T16:53:30","modified_gmt":"2022-07-22T14:53:30","slug":"legumier-winterling-bavaria","status":"publish","type":"product","link":"https:\/\/legrenierdelatour.be\/brocante\/produit\/legumier-winterling-bavaria\/","title":{"rendered":"L\u00e9gumier Winterling Bavaria"},"content":{"rendered":"<p>Beau l\u00e9gumier en porcelaine (22 cm de diam\u00e8tre) en tr\u00e8s bon \u00e9tat (dorure pass\u00e9e \u00e0 certains endroits), produit par la manufacture Winterling en Bavi\u00e8re, sans doute dans les ann\u00e9es 1960.<\/p>\n<div>R\u00e9f 13.4<\/div>\n","protected":false},"excerpt":{"rendered":"<p>Beau l\u00e9gumier en porcelaine (22 cm de diam\u00e8tre) en tr\u00e8s bon \u00e9tat (dorure pass\u00e9e \u00e0 certains endroits), produit par la manufacture Winterling en Bavi\u00e8re, sans doute dans les ann\u00e9es 1960. R\u00e9f 13.4<\/p>\n","protected":false},"featured_media":2735,"comment_status":"open","ping_status":"closed","template":"","meta":{"neve_meta_sidebar":"","neve_meta_container":"","neve_meta_enable_content_width":"off","neve_meta_content_width":100,"neve_meta_title_alignment":"","neve_meta_author_avatar":"","neve_post_elements_order":"","neve_meta_disable_header":"","neve_meta_disable_footer":"","neve_meta_disable_title":""},"product_brand":[],"product_cat":[48,168,172,16],"product_tag":[154,28],"class_list":{"0":"post-2770","1":"product","2":"type-product","3":"status-publish","4":"has-post-thumbnail","6":"product_cat-allemagne","7":"product_cat-bavaria","8":"product_cat-en-cuisine","9":"product_cat-ceramique","10":"product_tag-bavaria","11":"product_tag-vintage","13":"first","14":"instock","15":"shipping-taxable","16":"purchasable","17":"product-type-simple"},"_links":{"self":[{"href":"https:\/\/legrenierdelatour.be\/brocante\/wp-json\/wp\/v2\/product\/2770","targetHints":{"allow":["GET"]}}],"collection":[{"href":"https:\/\/legrenierdelatour.be\/brocante\/wp-json\/wp\/v2\/product"}],"about":[{"href":"https:\/\/legrenierdelatour.be\/brocante\/wp-json\/wp\/v2\/types\/product"}],"replies":[{"embeddable":true,"href":"https:\/\/legrenierdelatour.be\/brocante\/wp-json\/wp\/v2\/comments?post=2770"}],"wp:featuredmedia":[{"embeddable":true,"href":"https:\/\/legrenierdelatour.be\/brocante\/wp-json\/wp\/v2\/media\/2735"}],"wp:attachment":[{"href":"https:\/\/legrenierdelatour.be\/brocante\/wp-json\/wp\/v2\/media?parent=2770"}],"wp:term":[{"taxonomy":"product_brand","embeddable":true,"href":"https:\/\/legrenierdelatour.be\/brocante\/wp-json\/wp\/v2\/product_brand?post=2770"},{"taxonomy":"product_cat","embeddable":true,"href":"https:\/\/legrenierdelatour.be\/brocante\/wp-json\/wp\/v2\/product_cat?post=2770"},{"taxonomy":"product_tag","embeddable":true,"href":"https:\/\/legrenierdelatour.be\/brocante\/wp-json\/wp\/v2\/product_tag?post=2770"}],"curies":[{"name":"wp","href":"https:\/\/api.w.org\/{rel}","templated":true}]}}