{"id":2765,"date":"2022-07-22T16:04:26","date_gmt":"2022-07-22T14:04:26","guid":{"rendered":"https:\/\/legrenierdelatour.be\/brocante\/?post_type=product&#038;p=2765"},"modified":"2022-07-22T16:04:27","modified_gmt":"2022-07-22T14:04:27","slug":"miroir-oval-en-osier","status":"publish","type":"product","link":"https:\/\/legrenierdelatour.be\/brocante\/produit\/miroir-oval-en-osier\/","title":{"rendered":"Miroir oval en osier"},"content":{"rendered":"<p>Miroir ovale avec bordure en osier tress\u00e9 (44&#215;34 cm) en tr\u00e8s bon \u00e9tat, avec point d\u2019attache. Il date sans doute des ann\u00e9es 1970.<\/p>\n<div>R\u00e9f 13.1<\/div>\n","protected":false},"excerpt":{"rendered":"<p>Miroir ovale avec bordure en osier tress\u00e9 (44&#215;34 cm) en tr\u00e8s bon \u00e9tat, avec point d\u2019attache. Il date sans doute des ann\u00e9es 1970. R\u00e9f 13.1<\/p>\n","protected":false},"featured_media":2733,"comment_status":"open","ping_status":"closed","template":"","meta":{"neve_meta_sidebar":"","neve_meta_container":"","neve_meta_enable_content_width":"off","neve_meta_content_width":100,"neve_meta_title_alignment":"","neve_meta_author_avatar":"","neve_post_elements_order":"","neve_meta_disable_header":"","neve_meta_disable_footer":"","neve_meta_disable_title":""},"product_brand":[],"product_cat":[160,23,85],"product_tag":[86,84,28],"class_list":{"0":"post-2765","1":"product","2":"type-product","3":"status-publish","4":"has-post-thumbnail","6":"product_cat-la-mode","7":"product_cat-mobilier","8":"product_cat-miroir","9":"product_tag-miroir","10":"product_tag-mobilier","11":"product_tag-vintage","13":"first","14":"instock","15":"shipping-taxable","16":"purchasable","17":"product-type-simple"},"_links":{"self":[{"href":"https:\/\/legrenierdelatour.be\/brocante\/wp-json\/wp\/v2\/product\/2765","targetHints":{"allow":["GET"]}}],"collection":[{"href":"https:\/\/legrenierdelatour.be\/brocante\/wp-json\/wp\/v2\/product"}],"about":[{"href":"https:\/\/legrenierdelatour.be\/brocante\/wp-json\/wp\/v2\/types\/product"}],"replies":[{"embeddable":true,"href":"https:\/\/legrenierdelatour.be\/brocante\/wp-json\/wp\/v2\/comments?post=2765"}],"wp:featuredmedia":[{"embeddable":true,"href":"https:\/\/legrenierdelatour.be\/brocante\/wp-json\/wp\/v2\/media\/2733"}],"wp:attachment":[{"href":"https:\/\/legrenierdelatour.be\/brocante\/wp-json\/wp\/v2\/media?parent=2765"}],"wp:term":[{"taxonomy":"product_brand","embeddable":true,"href":"https:\/\/legrenierdelatour.be\/brocante\/wp-json\/wp\/v2\/product_brand?post=2765"},{"taxonomy":"product_cat","embeddable":true,"href":"https:\/\/legrenierdelatour.be\/brocante\/wp-json\/wp\/v2\/product_cat?post=2765"},{"taxonomy":"product_tag","embeddable":true,"href":"https:\/\/legrenierdelatour.be\/brocante\/wp-json\/wp\/v2\/product_tag?post=2765"}],"curies":[{"name":"wp","href":"https:\/\/api.w.org\/{rel}","templated":true}]}}