{"id":267,"date":"2022-02-14T19:03:24","date_gmt":"2022-02-14T18:03:24","guid":{"rendered":"https:\/\/legrenierdelatour.be\/brocante\/?post_type=product&#038;p=267"},"modified":"2022-05-19T17:36:31","modified_gmt":"2022-05-19T15:36:31","slug":"assiette-en-faience-couple-heritier","status":"publish","type":"product","link":"https:\/\/legrenierdelatour.be\/brocante\/produit\/assiette-en-faience-couple-heritier\/","title":{"rendered":"Assiette en fa\u00efence \u00ab\u00a0Couple h\u00e9ritier\u00a0\u00bb, Recktenwald"},"content":{"rendered":"<p>Assiette en fa\u00efence avec une repr\u00e9sentation du couple h\u00e9ritier luxembourgeois. Le dessin est sign\u00e9 \u00ab\u00a0M. Klein\u00a0\u00bb (Michel Klein, 1919-1993). La marque de production est cach\u00e9e par le syst\u00e8me de suspension, mais il s&rsquo;agit sans doute de Recktenwald \u00e0 Wiltz.<\/p>\n<p>R\u00e9f 7.44<\/p>\n","protected":false},"excerpt":{"rendered":"<p>Assiette en fa\u00efence avec une repr\u00e9sentation du couple h\u00e9ritier luxembourgeois. Le dessin est sign\u00e9 \u00ab\u00a0M. Klein\u00a0\u00bb (Michel Klein, 1919-1993). La marque de production est cach\u00e9e par le syst\u00e8me de suspension, mais il s&rsquo;agit sans doute de Recktenwald \u00e0 Wiltz. R\u00e9f 7.44<\/p>\n","protected":false},"featured_media":268,"comment_status":"open","ping_status":"closed","template":"","meta":{"neve_meta_sidebar":"","neve_meta_container":"","neve_meta_enable_content_width":"off","neve_meta_content_width":100,"neve_meta_title_alignment":"","neve_meta_author_avatar":"","neve_post_elements_order":"","neve_meta_disable_header":"","neve_meta_disable_footer":"","neve_meta_disable_title":""},"product_brand":[],"product_cat":[15,16,165,30,166],"product_tag":[19],"class_list":{"0":"post-267","1":"product","2":"type-product","3":"status-publish","4":"has-post-thumbnail","6":"product_cat-non-classe","7":"product_cat-ceramique","8":"product_cat-luxembourg","9":"product_cat-luxemburgensia","10":"product_cat-luxemburgensia-luxemburgensia","11":"product_tag-faience","13":"first","14":"instock","15":"shipping-taxable","16":"purchasable","17":"product-type-simple"},"_links":{"self":[{"href":"https:\/\/legrenierdelatour.be\/brocante\/wp-json\/wp\/v2\/product\/267","targetHints":{"allow":["GET"]}}],"collection":[{"href":"https:\/\/legrenierdelatour.be\/brocante\/wp-json\/wp\/v2\/product"}],"about":[{"href":"https:\/\/legrenierdelatour.be\/brocante\/wp-json\/wp\/v2\/types\/product"}],"replies":[{"embeddable":true,"href":"https:\/\/legrenierdelatour.be\/brocante\/wp-json\/wp\/v2\/comments?post=267"}],"wp:featuredmedia":[{"embeddable":true,"href":"https:\/\/legrenierdelatour.be\/brocante\/wp-json\/wp\/v2\/media\/268"}],"wp:attachment":[{"href":"https:\/\/legrenierdelatour.be\/brocante\/wp-json\/wp\/v2\/media?parent=267"}],"wp:term":[{"taxonomy":"product_brand","embeddable":true,"href":"https:\/\/legrenierdelatour.be\/brocante\/wp-json\/wp\/v2\/product_brand?post=267"},{"taxonomy":"product_cat","embeddable":true,"href":"https:\/\/legrenierdelatour.be\/brocante\/wp-json\/wp\/v2\/product_cat?post=267"},{"taxonomy":"product_tag","embeddable":true,"href":"https:\/\/legrenierdelatour.be\/brocante\/wp-json\/wp\/v2\/product_tag?post=267"}],"curies":[{"name":"wp","href":"https:\/\/api.w.org\/{rel}","templated":true}]}}