{"id":2617,"date":"2022-07-19T16:23:05","date_gmt":"2022-07-19T14:23:05","guid":{"rendered":"https:\/\/legrenierdelatour.be\/brocante\/?post_type=product&#038;p=2617"},"modified":"2022-07-24T15:23:55","modified_gmt":"2022-07-24T13:23:55","slug":"vase-boch-raymond-chevalier-d2940","status":"publish","type":"product","link":"https:\/\/legrenierdelatour.be\/brocante\/produit\/vase-boch-raymond-chevalier-d2940\/","title":{"rendered":"Vase Boch Raymond Chevalier D2940"},"content":{"rendered":"<p>Magnifique vase en fa\u00efence (33 cm de haut) produit par Boch La Louvi\u00e8re avec un d\u00e9cor floral rehauss\u00e9 d\u2019or Art D\u00e9co (D2940), le d\u00e9cor Shanga\u00ef, con\u00e7u par Raymond Chevalier (1900-1959). Raymond Chevalier devient, apr\u00e8s Charles Catteau, directeur de Keramis en 1937. Il avait travaill\u00e9 auparavant \u00e0 la Fa\u00efencerie de Longwy et \u00e9tait d\u00e9j\u00e0 pr\u00e9sent \u00e0 l\u2019Exposition des Arts D\u00e9coratifs \u00e0 Paris en 1925. Apr\u00e8s longwy, il devient directeur de C\u00e9ramique de Bruxelles (plus tard Cerabelga). En 1954, il quitte Boch pour travailler \u00e0 la Fa\u00efencerie Orchies en Picardie. Il est en parfait \u00e9tat, si ce n\u2019est un petit coup insignifiant sous le vase. Ce vase de forme 1419 date des ann\u00e9es 1937-1954.<\/p>\n<div><\/div>\n<div>R\u00e9f 12.93<\/div>\n","protected":false},"excerpt":{"rendered":"<p>Magnifique vase en fa\u00efence (33 cm de haut) produit par Boch La Louvi\u00e8re avec un d\u00e9cor floral rehauss\u00e9 d\u2019or Art D\u00e9co (D2940), le d\u00e9cor Shanga\u00ef, con\u00e7u par Raymond Chevalier (1900-1959). Raymond Chevalier devient, apr\u00e8s Charles Catteau, directeur de Keramis en 1937. Il avait travaill\u00e9 auparavant \u00e0 la Fa\u00efencerie de Longwy et \u00e9tait d\u00e9j\u00e0 pr\u00e9sent \u00e0&hellip;&nbsp;<a href=\"https:\/\/legrenierdelatour.be\/brocante\/produit\/vase-boch-raymond-chevalier-d2940\/\" class=\"\" rel=\"bookmark\">Lire la suite &raquo;<span class=\"screen-reader-text\">Vase Boch Raymond Chevalier D2940<\/span><\/a><\/p>\n","protected":false},"featured_media":2597,"comment_status":"open","ping_status":"closed","template":"","meta":{"neve_meta_sidebar":"","neve_meta_container":"","neve_meta_enable_content_width":"off","neve_meta_content_width":100,"neve_meta_title_alignment":"","neve_meta_author_avatar":"","neve_post_elements_order":"","neve_meta_disable_header":"","neve_meta_disable_footer":"","neve_meta_disable_title":""},"product_brand":[],"product_cat":[37,175,16],"product_tag":[21,40,20,194,19],"class_list":{"0":"post-2617","1":"product","2":"type-product","3":"status-publish","4":"has-post-thumbnail","6":"product_cat-belgique","7":"product_cat-boch","8":"product_cat-ceramique","9":"product_tag-art-deco","10":"product_tag-belgique","11":"product_tag-boch","12":"product_tag-chevalier","13":"product_tag-faience","15":"first","16":"instock","17":"shipping-taxable","18":"purchasable","19":"product-type-simple"},"_links":{"self":[{"href":"https:\/\/legrenierdelatour.be\/brocante\/wp-json\/wp\/v2\/product\/2617","targetHints":{"allow":["GET"]}}],"collection":[{"href":"https:\/\/legrenierdelatour.be\/brocante\/wp-json\/wp\/v2\/product"}],"about":[{"href":"https:\/\/legrenierdelatour.be\/brocante\/wp-json\/wp\/v2\/types\/product"}],"replies":[{"embeddable":true,"href":"https:\/\/legrenierdelatour.be\/brocante\/wp-json\/wp\/v2\/comments?post=2617"}],"wp:featuredmedia":[{"embeddable":true,"href":"https:\/\/legrenierdelatour.be\/brocante\/wp-json\/wp\/v2\/media\/2597"}],"wp:attachment":[{"href":"https:\/\/legrenierdelatour.be\/brocante\/wp-json\/wp\/v2\/media?parent=2617"}],"wp:term":[{"taxonomy":"product_brand","embeddable":true,"href":"https:\/\/legrenierdelatour.be\/brocante\/wp-json\/wp\/v2\/product_brand?post=2617"},{"taxonomy":"product_cat","embeddable":true,"href":"https:\/\/legrenierdelatour.be\/brocante\/wp-json\/wp\/v2\/product_cat?post=2617"},{"taxonomy":"product_tag","embeddable":true,"href":"https:\/\/legrenierdelatour.be\/brocante\/wp-json\/wp\/v2\/product_tag?post=2617"}],"curies":[{"name":"wp","href":"https:\/\/api.w.org\/{rel}","templated":true}]}}