{"id":2614,"date":"2022-07-19T14:59:28","date_gmt":"2022-07-19T12:59:28","guid":{"rendered":"https:\/\/legrenierdelatour.be\/brocante\/?post_type=product&#038;p=2614"},"modified":"2022-07-19T14:59:28","modified_gmt":"2022-07-19T12:59:28","slug":"crucifix-bois-precieux-laiton-et-bronze","status":"publish","type":"product","link":"https:\/\/legrenierdelatour.be\/brocante\/produit\/crucifix-bois-precieux-laiton-et-bronze\/","title":{"rendered":"Crucifix bois pr\u00e9cieux, laiton et bronze"},"content":{"rendered":"<p>Crucifix en bois pr\u00e9cieux et laiton (29 cm de long), avec Christ en bronze sans doute. en tr\u00e8s bon \u00e9tat, il date sans doute du d\u00e9but du XX\u00e8 si\u00e8cle.<\/p>\n<div>R\u00e9f 12.90<\/div>\n","protected":false},"excerpt":{"rendered":"<p>Crucifix en bois pr\u00e9cieux et laiton (29 cm de long), avec Christ en bronze sans doute. en tr\u00e8s bon \u00e9tat, il date sans doute du d\u00e9but du XX\u00e8 si\u00e8cle. R\u00e9f 12.90<\/p>\n","protected":false},"featured_media":2580,"comment_status":"open","ping_status":"closed","template":"","meta":{"neve_meta_sidebar":"","neve_meta_container":"","neve_meta_enable_content_width":"off","neve_meta_content_width":100,"neve_meta_title_alignment":"","neve_meta_author_avatar":"","neve_post_elements_order":"","neve_meta_disable_header":"","neve_meta_disable_footer":"","neve_meta_disable_title":""},"product_brand":[],"product_cat":[34],"product_tag":[35],"class_list":{"0":"post-2614","1":"product","2":"type-product","3":"status-publish","4":"has-post-thumbnail","6":"product_cat-religiosa","7":"product_tag-religion","9":"first","10":"instock","11":"shipping-taxable","12":"purchasable","13":"product-type-simple"},"_links":{"self":[{"href":"https:\/\/legrenierdelatour.be\/brocante\/wp-json\/wp\/v2\/product\/2614","targetHints":{"allow":["GET"]}}],"collection":[{"href":"https:\/\/legrenierdelatour.be\/brocante\/wp-json\/wp\/v2\/product"}],"about":[{"href":"https:\/\/legrenierdelatour.be\/brocante\/wp-json\/wp\/v2\/types\/product"}],"replies":[{"embeddable":true,"href":"https:\/\/legrenierdelatour.be\/brocante\/wp-json\/wp\/v2\/comments?post=2614"}],"wp:featuredmedia":[{"embeddable":true,"href":"https:\/\/legrenierdelatour.be\/brocante\/wp-json\/wp\/v2\/media\/2580"}],"wp:attachment":[{"href":"https:\/\/legrenierdelatour.be\/brocante\/wp-json\/wp\/v2\/media?parent=2614"}],"wp:term":[{"taxonomy":"product_brand","embeddable":true,"href":"https:\/\/legrenierdelatour.be\/brocante\/wp-json\/wp\/v2\/product_brand?post=2614"},{"taxonomy":"product_cat","embeddable":true,"href":"https:\/\/legrenierdelatour.be\/brocante\/wp-json\/wp\/v2\/product_cat?post=2614"},{"taxonomy":"product_tag","embeddable":true,"href":"https:\/\/legrenierdelatour.be\/brocante\/wp-json\/wp\/v2\/product_tag?post=2614"}],"curies":[{"name":"wp","href":"https:\/\/api.w.org\/{rel}","templated":true}]}}