{"id":2613,"date":"2022-07-19T14:52:54","date_gmt":"2022-07-19T12:52:54","guid":{"rendered":"https:\/\/legrenierdelatour.be\/brocante\/?post_type=product&#038;p=2613"},"modified":"2022-07-19T14:52:54","modified_gmt":"2022-07-19T12:52:54","slug":"crucifix-bois-et-laiton-art-deco","status":"publish","type":"product","link":"https:\/\/legrenierdelatour.be\/brocante\/produit\/crucifix-bois-et-laiton-art-deco\/","title":{"rendered":"Crucifix bois et laiton Art D\u00e9co"},"content":{"rendered":"<p>Tr\u00e8s beau crucifix (30 cm de longueur) en bois ebony avec Christ et appliques en laiton. Ce crucifix en tr\u00e8s bon \u00e9tat date sans doute des ann\u00e9es 1930, au vue des d\u00e9cors de style Art D\u00e9co.<\/p>\n<div>R\u00e9f 12.89<\/div>\n","protected":false},"excerpt":{"rendered":"<p>Tr\u00e8s beau crucifix (30 cm de longueur) en bois ebony avec Christ et appliques en laiton. Ce crucifix en tr\u00e8s bon \u00e9tat date sans doute des ann\u00e9es 1930, au vue des d\u00e9cors de style Art D\u00e9co. R\u00e9f 12.89<\/p>\n","protected":false},"featured_media":2579,"comment_status":"open","ping_status":"closed","template":"","meta":{"neve_meta_sidebar":"","neve_meta_container":"","neve_meta_enable_content_width":"off","neve_meta_content_width":100,"neve_meta_title_alignment":"","neve_meta_author_avatar":"","neve_post_elements_order":"","neve_meta_disable_header":"","neve_meta_disable_footer":"","neve_meta_disable_title":""},"product_brand":[],"product_cat":[34],"product_tag":[21,35],"class_list":{"0":"post-2613","1":"product","2":"type-product","3":"status-publish","4":"has-post-thumbnail","6":"product_cat-religiosa","7":"product_tag-art-deco","8":"product_tag-religion","10":"first","11":"instock","12":"shipping-taxable","13":"purchasable","14":"product-type-simple"},"_links":{"self":[{"href":"https:\/\/legrenierdelatour.be\/brocante\/wp-json\/wp\/v2\/product\/2613","targetHints":{"allow":["GET"]}}],"collection":[{"href":"https:\/\/legrenierdelatour.be\/brocante\/wp-json\/wp\/v2\/product"}],"about":[{"href":"https:\/\/legrenierdelatour.be\/brocante\/wp-json\/wp\/v2\/types\/product"}],"replies":[{"embeddable":true,"href":"https:\/\/legrenierdelatour.be\/brocante\/wp-json\/wp\/v2\/comments?post=2613"}],"wp:featuredmedia":[{"embeddable":true,"href":"https:\/\/legrenierdelatour.be\/brocante\/wp-json\/wp\/v2\/media\/2579"}],"wp:attachment":[{"href":"https:\/\/legrenierdelatour.be\/brocante\/wp-json\/wp\/v2\/media?parent=2613"}],"wp:term":[{"taxonomy":"product_brand","embeddable":true,"href":"https:\/\/legrenierdelatour.be\/brocante\/wp-json\/wp\/v2\/product_brand?post=2613"},{"taxonomy":"product_cat","embeddable":true,"href":"https:\/\/legrenierdelatour.be\/brocante\/wp-json\/wp\/v2\/product_cat?post=2613"},{"taxonomy":"product_tag","embeddable":true,"href":"https:\/\/legrenierdelatour.be\/brocante\/wp-json\/wp\/v2\/product_tag?post=2613"}],"curies":[{"name":"wp","href":"https:\/\/api.w.org\/{rel}","templated":true}]}}