{"id":2610,"date":"2022-07-19T14:21:04","date_gmt":"2022-07-19T12:21:04","guid":{"rendered":"https:\/\/legrenierdelatour.be\/brocante\/?post_type=product&#038;p=2610"},"modified":"2022-07-19T14:21:04","modified_gmt":"2022-07-19T12:21:04","slug":"cendrier-burgenland-villeroy-et-boch-mettlach","status":"publish","type":"product","link":"https:\/\/legrenierdelatour.be\/brocante\/produit\/cendrier-burgenland-villeroy-et-boch-mettlach\/","title":{"rendered":"Cendrier Burgenland Villeroy et Boch Mettlach"},"content":{"rendered":"<p>Petit cendrier (10,5 cm de diam\u00e8tre) de la collection Burgenland, produite par Villeroy et Boch Mettlach en Allemagne. d\u2019apr\u00e8s le cachet, il date sans doute des ann\u00e9es 1980-90.<\/p>\n<div>R\u00e9f 12.87<\/div>\n","protected":false},"excerpt":{"rendered":"<p>Petit cendrier (10,5 cm de diam\u00e8tre) de la collection Burgenland, produite par Villeroy et Boch Mettlach en Allemagne. d\u2019apr\u00e8s le cachet, il date sans doute des ann\u00e9es 1980-90. R\u00e9f 12.87<\/p>\n","protected":false},"featured_media":2588,"comment_status":"open","ping_status":"closed","template":"","meta":{"neve_meta_sidebar":"","neve_meta_container":"","neve_meta_enable_content_width":"off","neve_meta_content_width":100,"neve_meta_title_alignment":"","neve_meta_author_avatar":"","neve_post_elements_order":"","neve_meta_disable_header":"","neve_meta_disable_footer":"","neve_meta_disable_title":""},"product_brand":[],"product_cat":[48,183,16,29],"product_tag":[19,33,32],"class_list":{"0":"post-2610","1":"product","2":"type-product","3":"status-publish","4":"has-post-thumbnail","6":"product_cat-allemagne","7":"product_cat-bureau-et-fumoir","8":"product_cat-ceramique","9":"product_cat-villeroy-boch","10":"product_tag-faience","11":"product_tag-mettlach","12":"product_tag-villeroy-et-boch","14":"first","15":"instock","16":"shipping-taxable","17":"purchasable","18":"product-type-simple"},"_links":{"self":[{"href":"https:\/\/legrenierdelatour.be\/brocante\/wp-json\/wp\/v2\/product\/2610","targetHints":{"allow":["GET"]}}],"collection":[{"href":"https:\/\/legrenierdelatour.be\/brocante\/wp-json\/wp\/v2\/product"}],"about":[{"href":"https:\/\/legrenierdelatour.be\/brocante\/wp-json\/wp\/v2\/types\/product"}],"replies":[{"embeddable":true,"href":"https:\/\/legrenierdelatour.be\/brocante\/wp-json\/wp\/v2\/comments?post=2610"}],"wp:featuredmedia":[{"embeddable":true,"href":"https:\/\/legrenierdelatour.be\/brocante\/wp-json\/wp\/v2\/media\/2588"}],"wp:attachment":[{"href":"https:\/\/legrenierdelatour.be\/brocante\/wp-json\/wp\/v2\/media?parent=2610"}],"wp:term":[{"taxonomy":"product_brand","embeddable":true,"href":"https:\/\/legrenierdelatour.be\/brocante\/wp-json\/wp\/v2\/product_brand?post=2610"},{"taxonomy":"product_cat","embeddable":true,"href":"https:\/\/legrenierdelatour.be\/brocante\/wp-json\/wp\/v2\/product_cat?post=2610"},{"taxonomy":"product_tag","embeddable":true,"href":"https:\/\/legrenierdelatour.be\/brocante\/wp-json\/wp\/v2\/product_tag?post=2610"}],"curies":[{"name":"wp","href":"https:\/\/api.w.org\/{rel}","templated":true}]}}