{"id":2603,"date":"2022-07-19T13:39:17","date_gmt":"2022-07-19T11:39:17","guid":{"rendered":"https:\/\/legrenierdelatour.be\/brocante\/?post_type=product&#038;p=2603"},"modified":"2022-07-19T13:39:17","modified_gmt":"2022-07-19T11:39:17","slug":"assiette-millebach-villeroy-et-boch","status":"publish","type":"product","link":"https:\/\/legrenierdelatour.be\/brocante\/produit\/assiette-millebach-villeroy-et-boch\/","title":{"rendered":"Assiette Millebach Villeroy et Boch"},"content":{"rendered":"<p>Belle assiette (26 cm de diam\u00e8tre) avec dessin du Millebach au Luxembourg. Edit\u00e9e pour le 75\u00e8 anniversaire de la soci\u00e9t\u00e9 sportive \u00ab\u00a0La Pedale\u00a0\u00bb, elle a \u00e9t\u00e9 produite en 1980 par Villeroy et Boch Luxembourg. Elle est en parfait \u00e9tat et poss\u00e8de un syst\u00e8me d\u2019accrochage.<\/p>\n<div>R\u00e9f 12.85<\/div>\n","protected":false},"excerpt":{"rendered":"<p>Belle assiette (26 cm de diam\u00e8tre) avec dessin du Millebach au Luxembourg. Edit\u00e9e pour le 75\u00e8 anniversaire de la soci\u00e9t\u00e9 sportive \u00ab\u00a0La Pedale\u00a0\u00bb, elle a \u00e9t\u00e9 produite en 1980 par Villeroy et Boch Luxembourg. Elle est en parfait \u00e9tat et poss\u00e8de un syst\u00e8me d\u2019accrochage. R\u00e9f 12.85<\/p>\n","protected":false},"featured_media":2590,"comment_status":"open","ping_status":"closed","template":"","meta":{"neve_meta_sidebar":"","neve_meta_container":"","neve_meta_enable_content_width":"off","neve_meta_content_width":100,"neve_meta_title_alignment":"","neve_meta_author_avatar":"","neve_post_elements_order":"","neve_meta_disable_header":"","neve_meta_disable_footer":"","neve_meta_disable_title":""},"product_brand":[],"product_cat":[16,165,30,166,29],"product_tag":[79,83,32],"class_list":{"0":"post-2603","1":"product","2":"type-product","3":"status-publish","4":"has-post-thumbnail","6":"product_cat-ceramique","7":"product_cat-luxembourg","8":"product_cat-luxemburgensia","9":"product_cat-luxemburgensia-luxemburgensia","10":"product_cat-villeroy-boch","11":"product_tag-art","12":"product_tag-luxemburgensia","13":"product_tag-villeroy-et-boch","15":"first","16":"instock","17":"shipping-taxable","18":"purchasable","19":"product-type-simple"},"_links":{"self":[{"href":"https:\/\/legrenierdelatour.be\/brocante\/wp-json\/wp\/v2\/product\/2603","targetHints":{"allow":["GET"]}}],"collection":[{"href":"https:\/\/legrenierdelatour.be\/brocante\/wp-json\/wp\/v2\/product"}],"about":[{"href":"https:\/\/legrenierdelatour.be\/brocante\/wp-json\/wp\/v2\/types\/product"}],"replies":[{"embeddable":true,"href":"https:\/\/legrenierdelatour.be\/brocante\/wp-json\/wp\/v2\/comments?post=2603"}],"wp:featuredmedia":[{"embeddable":true,"href":"https:\/\/legrenierdelatour.be\/brocante\/wp-json\/wp\/v2\/media\/2590"}],"wp:attachment":[{"href":"https:\/\/legrenierdelatour.be\/brocante\/wp-json\/wp\/v2\/media?parent=2603"}],"wp:term":[{"taxonomy":"product_brand","embeddable":true,"href":"https:\/\/legrenierdelatour.be\/brocante\/wp-json\/wp\/v2\/product_brand?post=2603"},{"taxonomy":"product_cat","embeddable":true,"href":"https:\/\/legrenierdelatour.be\/brocante\/wp-json\/wp\/v2\/product_cat?post=2603"},{"taxonomy":"product_tag","embeddable":true,"href":"https:\/\/legrenierdelatour.be\/brocante\/wp-json\/wp\/v2\/product_tag?post=2603"}],"curies":[{"name":"wp","href":"https:\/\/api.w.org\/{rel}","templated":true}]}}