{"id":2602,"date":"2022-07-19T13:07:12","date_gmt":"2022-07-19T11:07:12","guid":{"rendered":"https:\/\/legrenierdelatour.be\/brocante\/?post_type=product&#038;p=2602"},"modified":"2022-07-19T13:07:12","modified_gmt":"2022-07-19T11:07:12","slug":"assiette-rouen-villeroy-et-boch-wallerfangen","status":"publish","type":"product","link":"https:\/\/legrenierdelatour.be\/brocante\/produit\/assiette-rouen-villeroy-et-boch-wallerfangen\/","title":{"rendered":"Assiette Rouen Villeroy et Boch Wallerfangen"},"content":{"rendered":"<p>Assiette (19,5 cm de diam\u00e8tre) de la collection Rouen et repr\u00e9senatnt uns sc\u00e8ne de genre. En tr\u00e8s bon \u00e9tat, elle a \u00e9t\u00e9 produite par Villeroy et Boch \u00e0 Vandrevange (Wallerfangen), manufacture existant de 1790 \u00a0\u00e0 1931 (fusion avec Mettlach et Septfontaines pour cr\u00e9er Villeroy et Boch en 1836). Cette assiette date sans doute de la fin du 19\u00e8 &#8211; d\u00e9but du 20\u00e8 si\u00e8cle.<\/p>\n<div>R\u00e9f 12.84<\/div>\n","protected":false},"excerpt":{"rendered":"<p>Assiette (19,5 cm de diam\u00e8tre) de la collection Rouen et repr\u00e9senatnt uns sc\u00e8ne de genre. En tr\u00e8s bon \u00e9tat, elle a \u00e9t\u00e9 produite par Villeroy et Boch \u00e0 Vandrevange (Wallerfangen), manufacture existant de 1790 \u00a0\u00e0 1931 (fusion avec Mettlach et Septfontaines pour cr\u00e9er Villeroy et Boch en 1836). Cette assiette date sans doute de la&hellip;&nbsp;<a href=\"https:\/\/legrenierdelatour.be\/brocante\/produit\/assiette-rouen-villeroy-et-boch-wallerfangen\/\" class=\"\" rel=\"bookmark\">Lire la suite &raquo;<span class=\"screen-reader-text\">Assiette Rouen Villeroy et Boch Wallerfangen<\/span><\/a><\/p>\n","protected":false},"featured_media":2592,"comment_status":"open","ping_status":"closed","template":"","meta":{"neve_meta_sidebar":"","neve_meta_container":"","neve_meta_enable_content_width":"off","neve_meta_content_width":100,"neve_meta_title_alignment":"","neve_meta_author_avatar":"","neve_post_elements_order":"","neve_meta_disable_header":"","neve_meta_disable_footer":"","neve_meta_disable_title":""},"product_brand":[],"product_cat":[48,172,16,29],"product_tag":[19,32,193],"class_list":{"0":"post-2602","1":"product","2":"type-product","3":"status-publish","4":"has-post-thumbnail","6":"product_cat-allemagne","7":"product_cat-en-cuisine","8":"product_cat-ceramique","9":"product_cat-villeroy-boch","10":"product_tag-faience","11":"product_tag-villeroy-et-boch","12":"product_tag-wallerfangen","14":"first","15":"instock","16":"shipping-taxable","17":"purchasable","18":"product-type-simple"},"_links":{"self":[{"href":"https:\/\/legrenierdelatour.be\/brocante\/wp-json\/wp\/v2\/product\/2602","targetHints":{"allow":["GET"]}}],"collection":[{"href":"https:\/\/legrenierdelatour.be\/brocante\/wp-json\/wp\/v2\/product"}],"about":[{"href":"https:\/\/legrenierdelatour.be\/brocante\/wp-json\/wp\/v2\/types\/product"}],"replies":[{"embeddable":true,"href":"https:\/\/legrenierdelatour.be\/brocante\/wp-json\/wp\/v2\/comments?post=2602"}],"wp:featuredmedia":[{"embeddable":true,"href":"https:\/\/legrenierdelatour.be\/brocante\/wp-json\/wp\/v2\/media\/2592"}],"wp:attachment":[{"href":"https:\/\/legrenierdelatour.be\/brocante\/wp-json\/wp\/v2\/media?parent=2602"}],"wp:term":[{"taxonomy":"product_brand","embeddable":true,"href":"https:\/\/legrenierdelatour.be\/brocante\/wp-json\/wp\/v2\/product_brand?post=2602"},{"taxonomy":"product_cat","embeddable":true,"href":"https:\/\/legrenierdelatour.be\/brocante\/wp-json\/wp\/v2\/product_cat?post=2602"},{"taxonomy":"product_tag","embeddable":true,"href":"https:\/\/legrenierdelatour.be\/brocante\/wp-json\/wp\/v2\/product_tag?post=2602"}],"curies":[{"name":"wp","href":"https:\/\/api.w.org\/{rel}","templated":true}]}}