{"id":2576,"date":"2022-07-18T14:22:53","date_gmt":"2022-07-18T12:22:53","guid":{"rendered":"https:\/\/legrenierdelatour.be\/brocante\/?post_type=product&#038;p=2576"},"modified":"2022-07-18T14:22:53","modified_gmt":"2022-07-18T12:22:53","slug":"plat-compartimente-en-verre-rose","status":"publish","type":"product","link":"https:\/\/legrenierdelatour.be\/brocante\/produit\/plat-compartimente-en-verre-rose\/","title":{"rendered":"Plat compartiment\u00e9 en verre rose"},"content":{"rendered":"<p>Plat \u00e0 compartiments (26 cm de diam\u00e8tre) en verre rose moul\u00e9 press\u00e9. En parfait \u00e9tat, il date sans doute des ann\u00e9es 1960 et a \u00e9t\u00e9 produit en Tschekoslovaquie (marqu\u00e9 dans le verre en relief).<\/p>\n<div>R\u00e9f 12.80<\/div>\n","protected":false},"excerpt":{"rendered":"<p>Plat \u00e0 compartiments (26 cm de diam\u00e8tre) en verre rose moul\u00e9 press\u00e9. En parfait \u00e9tat, il date sans doute des ann\u00e9es 1960 et a \u00e9t\u00e9 produit en Tschekoslovaquie (marqu\u00e9 dans le verre en relief). R\u00e9f 12.80<\/p>\n","protected":false},"featured_media":2550,"comment_status":"open","ping_status":"closed","template":"","meta":{"neve_meta_sidebar":"","neve_meta_container":"","neve_meta_enable_content_width":"off","neve_meta_content_width":100,"neve_meta_title_alignment":"","neve_meta_author_avatar":"","neve_post_elements_order":"","neve_meta_disable_header":"","neve_meta_disable_footer":"","neve_meta_disable_title":""},"product_brand":[],"product_cat":[164,172,22],"product_tag":[21,28],"class_list":{"0":"post-2576","1":"product","2":"type-product","3":"status-publish","4":"has-post-thumbnail","6":"product_cat-autres-productions","7":"product_cat-en-cuisine","8":"product_cat-verrerie","9":"product_tag-art-deco","10":"product_tag-vintage","12":"first","13":"instock","14":"shipping-taxable","15":"purchasable","16":"product-type-simple"},"_links":{"self":[{"href":"https:\/\/legrenierdelatour.be\/brocante\/wp-json\/wp\/v2\/product\/2576","targetHints":{"allow":["GET"]}}],"collection":[{"href":"https:\/\/legrenierdelatour.be\/brocante\/wp-json\/wp\/v2\/product"}],"about":[{"href":"https:\/\/legrenierdelatour.be\/brocante\/wp-json\/wp\/v2\/types\/product"}],"replies":[{"embeddable":true,"href":"https:\/\/legrenierdelatour.be\/brocante\/wp-json\/wp\/v2\/comments?post=2576"}],"wp:featuredmedia":[{"embeddable":true,"href":"https:\/\/legrenierdelatour.be\/brocante\/wp-json\/wp\/v2\/media\/2550"}],"wp:attachment":[{"href":"https:\/\/legrenierdelatour.be\/brocante\/wp-json\/wp\/v2\/media?parent=2576"}],"wp:term":[{"taxonomy":"product_brand","embeddable":true,"href":"https:\/\/legrenierdelatour.be\/brocante\/wp-json\/wp\/v2\/product_brand?post=2576"},{"taxonomy":"product_cat","embeddable":true,"href":"https:\/\/legrenierdelatour.be\/brocante\/wp-json\/wp\/v2\/product_cat?post=2576"},{"taxonomy":"product_tag","embeddable":true,"href":"https:\/\/legrenierdelatour.be\/brocante\/wp-json\/wp\/v2\/product_tag?post=2576"}],"curies":[{"name":"wp","href":"https:\/\/api.w.org\/{rel}","templated":true}]}}