{"id":2575,"date":"2022-07-18T14:08:02","date_gmt":"2022-07-18T12:08:02","guid":{"rendered":"https:\/\/legrenierdelatour.be\/brocante\/?post_type=product&#038;p=2575"},"modified":"2022-07-18T14:08:42","modified_gmt":"2022-07-18T12:08:42","slug":"assiettes-folklore-luxembourgeois-charles-bech-villeroy-et-boch","status":"publish","type":"product","link":"https:\/\/legrenierdelatour.be\/brocante\/produit\/assiettes-folklore-luxembourgeois-charles-bech-villeroy-et-boch\/","title":{"rendered":"Assiettes Folklore luxembourgeois, Charles Bech, Villeroy et Boch"},"content":{"rendered":"<p>Belles assiettes d\u00e9coratives (23 cm de diam\u00e8tre) avec repr\u00e9sentations du folklore luxembourgeois r\u00e9alis\u00e9es par Charles Bech (1919-2000), et produites par Villeroy et Boch. Une assiette repr\u00e9sente la F\u00eate du Gen\u00eat \u00e0 Wiltz et l\u2019autre La Chandeleur.<\/p>\n<div>\n<p>Les assiettes sont vendues s\u00e9par\u00e9ment au prix de 12\u20ac pi\u00e8ce.<\/p>\n<div>R\u00e9f 12.79<\/div>\n<\/div>\n","protected":false},"excerpt":{"rendered":"<p>Belles assiettes d\u00e9coratives (23 cm de diam\u00e8tre) avec repr\u00e9sentations du folklore luxembourgeois r\u00e9alis\u00e9es par Charles Bech (1919-2000), et produites par Villeroy et Boch. Une assiette repr\u00e9sente la F\u00eate du Gen\u00eat \u00e0 Wiltz et l\u2019autre La Chandeleur. Les assiettes sont vendues s\u00e9par\u00e9ment au prix de 12\u20ac pi\u00e8ce. R\u00e9f 12.79<\/p>\n","protected":false},"featured_media":2545,"comment_status":"open","ping_status":"closed","template":"","meta":{"neve_meta_sidebar":"","neve_meta_container":"","neve_meta_enable_content_width":"off","neve_meta_content_width":100,"neve_meta_title_alignment":"","neve_meta_author_avatar":"","neve_post_elements_order":"","neve_meta_disable_header":"","neve_meta_disable_footer":"","neve_meta_disable_title":""},"product_brand":[],"product_cat":[16,165,30,166,29],"product_tag":[79,19,83,32],"class_list":{"0":"post-2575","1":"product","2":"type-product","3":"status-publish","4":"has-post-thumbnail","6":"product_cat-ceramique","7":"product_cat-luxembourg","8":"product_cat-luxemburgensia","9":"product_cat-luxemburgensia-luxemburgensia","10":"product_cat-villeroy-boch","11":"product_tag-art","12":"product_tag-faience","13":"product_tag-luxemburgensia","14":"product_tag-villeroy-et-boch","16":"first","17":"instock","18":"shipping-taxable","19":"purchasable","20":"product-type-simple"},"_links":{"self":[{"href":"https:\/\/legrenierdelatour.be\/brocante\/wp-json\/wp\/v2\/product\/2575","targetHints":{"allow":["GET"]}}],"collection":[{"href":"https:\/\/legrenierdelatour.be\/brocante\/wp-json\/wp\/v2\/product"}],"about":[{"href":"https:\/\/legrenierdelatour.be\/brocante\/wp-json\/wp\/v2\/types\/product"}],"replies":[{"embeddable":true,"href":"https:\/\/legrenierdelatour.be\/brocante\/wp-json\/wp\/v2\/comments?post=2575"}],"wp:featuredmedia":[{"embeddable":true,"href":"https:\/\/legrenierdelatour.be\/brocante\/wp-json\/wp\/v2\/media\/2545"}],"wp:attachment":[{"href":"https:\/\/legrenierdelatour.be\/brocante\/wp-json\/wp\/v2\/media?parent=2575"}],"wp:term":[{"taxonomy":"product_brand","embeddable":true,"href":"https:\/\/legrenierdelatour.be\/brocante\/wp-json\/wp\/v2\/product_brand?post=2575"},{"taxonomy":"product_cat","embeddable":true,"href":"https:\/\/legrenierdelatour.be\/brocante\/wp-json\/wp\/v2\/product_cat?post=2575"},{"taxonomy":"product_tag","embeddable":true,"href":"https:\/\/legrenierdelatour.be\/brocante\/wp-json\/wp\/v2\/product_tag?post=2575"}],"curies":[{"name":"wp","href":"https:\/\/api.w.org\/{rel}","templated":true}]}}